{"id":78030,"date":"2025-03-13T09:33:31","date_gmt":"2025-03-13T08:33:31","guid":{"rendered":"https:\/\/tangopostale.com\/wp\/?page_id=78030"},"modified":"2025-03-17T10:13:21","modified_gmt":"2025-03-17T09:13:21","slug":"newsletter","status":"publish","type":"page","link":"https:\/\/tangopostale.com\/es\/newsletter\/","title":{"rendered":"Newsletter"},"content":{"rendered":"<div class=\"wpb-content-wrapper\"><section class=\"vc_row wpb_row vc_row-fluid\"><div class=\"wpb_column vc_column_container vc_col-sm-4  col-xs-mobile-fullwidth\"><div class=\"vc_column-inner vc_custom_1741361135985\"><div class=\"wpb_wrapper\"><h5 class=\"text-extra-dark-gray margin-20px-bottom font-weight-600 display-inline-block alt-font text-uppercase heading-style2  vc_custom_1741853220308  heading-1\"  style=\"font-weight: 700;\">\u00a1S\u00e9 el primero en enterarte de las novedades del festival!<\/h5><div class=\"last-paragraph-no-margin\"><p>\u00a1Suscr\u00edbete a nuestro bolet\u00edn!<\/p>\n<\/div><\/div><\/div><\/div><div class=\"wpb_column vc_column_container vc_col-sm-8  col-xs-mobile-fullwidth pofo-column-responsive-69d981a36bcd8\"><div class=\"vc_column-inner vc_custom_1742202669974\"><div class=\"wpb_wrapper\"><div class=\"last-paragraph-no-margin\">\n\t\t\t\t<script src=\"https:\/\/challenges.cloudflare.com\/turnstile\/v0\/api.js\"><\/script>\n\n\t\t\t\n\t\t\t<form id=\"sib_signup_form_3\" method=\"post\" class=\"sib_signup_form\" action=\"\">\n\t\t\t\t<div class=\"sib_loader\" style=\"display:none;\"><img\n\t\t\t\t\t\t\tsrc=\"https:\/\/tangopostale.com\/wp-includes\/images\/spinner.gif\" alt=\"loader\"><\/div>\n\t\t\t\t<input type=\"hidden\" name=\"sib_form_action\" value=\"subscribe_form_submit\">\n\t\t\t\t<input type=\"hidden\" name=\"sib_form_id\" value=\"3\">\n                <input type=\"hidden\" name=\"sib_form_alert_notice\" value=\"Veuillez remplir ce champ\">\n                <input type=\"hidden\" name=\"sib_form_invalid_email_notice\" value=\"Votre adresse e-mail n&#039;est pas valide\">\n                <input type=\"hidden\" name=\"sib_security\" value=\"ea240b09ba\">\n\t\t\t\t<div class=\"sib_signup_box_inside_3\">\n\t\t\t\t\t<div style=\"\/*display:none*\/\" class=\"sib_msg_disp\">\n\t\t\t\t\t<\/div>\n                                            <div id=\"sib_captcha_invisible\" class=\"invi-recaptcha\" data-sitekey=\"\"><\/div>\n                    \t\t\t\t\t<div id=\"cf-turnstile-0x4AAAAAACXr_6SvB6zA9353\" class=\"cf-turnstile\" data-error-callback=\"errorCallbackForTurnstileErrors\" data-sitekey=\"0x4AAAAAACXr_6SvB6zA9353\" data-theme=\"auto\"><\/div>\r\n<div class=\"col-md-6\">\r\n\t\t<p>\r\n\t\t\t<span data-name=\"contact-prenom\">\r\n\t\t\t\t<input size=\"40\" class=\"big-input\" placeholder=\"Nombre de pila\" value=\"\" type=\"text\" name=\"PRENOM\">\r\n\t\t\t<\/span>\r\n\t\t<\/p>\r\n\t<\/div>\r\n\t<div class=\"col-md-6\">\r\n\t\t<p>\r\n\t\t\t<span data-name=\"contact-nom\">\r\n\t\t\t\t<input size=\"40\" class=\"big-input\" placeholder=\"Apellido\" value=\"\" type=\"text\" name=\"NOM\">\r\n\t\t\t<\/span>\r\n\t\t<\/p>\r\n\t<\/div>\r\n\t<div class=\"col-md-12\">\r\n\t\t<p>\r\n\t\t\t<span data-name=\"contact-email\">\r\n\t\t\t\t<input size=\"40\" class=\"big-input\" placeholder=\"Correo electr\u00f3nico *\" value=\"\" type=\"email\" name=\"email\" required>\r\n\t\t\t<\/span>\r\n\t\t<\/p>\r\n<p>Al proporcionar su direcci\u00f3n de correo electr\u00f3nico, usted acepta recibir, durante la duraci\u00f3n de su suscripci\u00f3n, informaci\u00f3n en formato electr\u00f3nico relativa al Festival y sus eventos, y acepta sin reservas nuestra pol\u00edtica de privacidad. Puede darse de baja f\u00e1cilmente en cualquier momento.<\/p>\r\n\t\t<p>\r\n\t\t\t<input class=\"btn btn-transparent-dark-gray btn-large margin-20px-top\" type=\"submit\" value=\"Suscribir\">\r\n\t\t\t\r\n\t\t<\/p>\r\n\t<\/div>\t\t\t\t<\/div>\n\t\t\t<input type=\"hidden\" name=\"trp-form-language\" value=\"es\"\/><\/form>\n\t\t\t<style>\n\t\t\t\tform#sib_signup_form_3 p.sib-alert-message {\n    padding: 6px 12px;\n    margin-bottom: 20px;\n    border: 1px solid transparent;\n    border-radius: 4px;\n    -webkit-box-sizing: border-box;\n    -moz-box-sizing: border-box;\n    box-sizing: border-box;\n}\nform#sib_signup_form_3 p.sib-alert-message-error {\n    background-color: #f2dede;\n    border-color: #ebccd1;\n    color: #a94442;\n}\nform#sib_signup_form_3 p.sib-alert-message-success {\n    background-color: #dff0d8;\n    border-color: #d6e9c6;\n    color: #3c763d;\n}\nform#sib_signup_form_3 p.sib-alert-message-warning {\n    background-color: #fcf8e3;\n    border-color: #faebcc;\n    color: #8a6d3b;\n}\n\t\t\t<\/style>\n\t\t\t\n<\/div><\/div><\/div><\/div><\/section>\n<\/div>","protected":false},"excerpt":{"rendered":"Soyez les premier\u00b7es inform\u00e9\u00b7es des actus du festival !Abonnez-vous \u00e0 notre newsletter ! En indiquant votre adresse email, vous consentez \u00e0 recevoir, pendant la dur\u00e9e de votre abonnement, des informations sous forme \u00e9lectronique relatives au Festival ainsi que ses \u00e9v\u00e9nements, et acceptez sans r\u00e9serve notre politique de confidentialit\u00e9. Vous pourrez facilement vous d\u00e9sinscrire \u00e0 tout moment.","protected":false},"author":1,"featured_media":0,"parent":0,"menu_order":0,"comment_status":"closed","ping_status":"closed","template":"","meta":{"footnotes":""},"class_list":["post-78030","page","type-page","status-publish","hentry"],"_links":{"self":[{"href":"https:\/\/tangopostale.com\/es\/wp-json\/wp\/v2\/pages\/78030","targetHints":{"allow":["GET"]}}],"collection":[{"href":"https:\/\/tangopostale.com\/es\/wp-json\/wp\/v2\/pages"}],"about":[{"href":"https:\/\/tangopostale.com\/es\/wp-json\/wp\/v2\/types\/page"}],"author":[{"embeddable":true,"href":"https:\/\/tangopostale.com\/es\/wp-json\/wp\/v2\/users\/1"}],"replies":[{"embeddable":true,"href":"https:\/\/tangopostale.com\/es\/wp-json\/wp\/v2\/comments?post=78030"}],"version-history":[{"count":12,"href":"https:\/\/tangopostale.com\/es\/wp-json\/wp\/v2\/pages\/78030\/revisions"}],"predecessor-version":[{"id":78070,"href":"https:\/\/tangopostale.com\/es\/wp-json\/wp\/v2\/pages\/78030\/revisions\/78070"}],"wp:attachment":[{"href":"https:\/\/tangopostale.com\/es\/wp-json\/wp\/v2\/media?parent=78030"}],"curies":[{"name":"gracias","href":"https:\/\/api.w.org\/{rel}","templated":true}]}}