{"id":77943,"date":"2025-03-12T15:57:57","date_gmt":"2025-03-12T14:57:57","guid":{"rendered":"https:\/\/tangopostale.com\/wp\/?page_id=77943"},"modified":"2026-01-23T16:58:33","modified_gmt":"2026-01-23T15:58:33","slug":"devenir-hebergeur%c2%b7se","status":"publish","type":"page","link":"https:\/\/tangopostale.com\/es\/devenir-hebergeur%c2%b7se\/","title":{"rendered":"Acoge a artistas"},"content":{"rendered":"<div class=\"wpb-content-wrapper\"><section class=\"vc_row wpb_row vc_row-fluid   wow fadeIn vc_row-o-equal-height vc_row-o-content-top vc_row-flex\"><div class=\"wpb_column vc_column_container vc_col-sm-12  col-xs-mobile-fullwidth\"><div class=\"vc_column-inner vc_custom_1742207534670\"><div class=\"wpb_wrapper\"><span class=\"text-dark-gray margin-10px-bottom font-weight-300 display-block alt-font heading-style1  vc_custom_1741851734127  heading-1\"  style=\"font-size: 16px; line-height: 23px; font-weight: 500;\" data-fontsize=\"16px\" data-lineheight=\"23px\">\u00bfDispones de una habitaci\u00f3n disponible en casa y quieres ofrecer a los artistas del festival la mejor bienvenida posible?<\/span><h4 class=\"text-extra-dark-gray margin-20px-bottom font-weight-600 display-inline-block alt-font heading-style2  vc_custom_1741851787557  heading-2\"  style=\"font-weight: 500; color: #312370;\">\u00a1Convi\u00e9rtete en anfitri\u00f3n durante el festival!<\/h4><div class=\"last-paragraph-no-margin\"><div class=\"text-large\">La red HOSTING de Tangopostale asegura el alojamiento de nuestros queridos hu\u00e9spedes que vienen a Toulouse para musicalizar los bailes de la Place St-Pierre o para ofrecer conferencias en el Caf\u00e9 Tango de la librer\u00eda Ombres Blanches. Generalmente se quedan entre 1 y 3 noches en el sitio.<\/div>\n<\/div><\/div><\/div><\/div><div class=\"wpb_column vc_column_container use-base-color vc_col-sm-12 vc_col-md-4 col-xs-mobile-fullwidth wow fadeIn pofo-column-responsive-69d0e8b69394c\" data-wow-delay= \"400ms\"><div class=\"vc_column-inner cover-background vc_custom_1767683574087\"><div class=\"wpb_wrapper\"><span class=\"text-extra-large margin-25px-bottom display-inline-block heading-style3  vc_custom_1741873593008  heading-3\"  style=\"font-size: 25px; line-height: 30px; color: #ffffff;\" data-fontsize=\"25px\" data-lineheight=\"30px\">Tu ayuda te garantizar\u00e1<\/span><ul class=\"no-padding list-style-4 list-style4-1\" style=\"color: #ffffff;\"><li>Una entrada gratuita y con nombre para el concierto de Chimichango el jueves 9 de julio en el Pavillon R\u00e9publique o para la fiesta de despedida en Mas Tolosa el domingo 12 de julio (a elegir)<\/li><li>Se aplicar\u00e1 un cargo de 10 \u20ac por d\u00eda por persona alojada para el desayuno.<\/li><\/ul>\n\t<div  class=\"wpb_single_image wpb_content_element vc_align_left\">\n\t\t\n\t\t<figure class=\"wpb_wrapper vc_figure\">\n\t\t\t<div class=\"vc_single_image-wrapper   vc_box_border_grey\"><img loading=\"lazy\" decoding=\"async\" width=\"1920\" height=\"1280\" src=\"https:\/\/tangopostale.com\/wp-content\/uploads\/2024\/12\/Reportage_-_Tangopostale_-_14.jpg\" class=\"vc_single_image-img attachment-full\" alt=\"\" title=\"Reportaje_-_Tangopostale_-_14\" srcset=\"https:\/\/tangopostale.com\/wp-content\/uploads\/2024\/12\/Reportage_-_Tangopostale_-_14.jpg 1920w, https:\/\/tangopostale.com\/wp-content\/uploads\/2024\/12\/Reportage_-_Tangopostale_-_14-300x200.jpg 300w, https:\/\/tangopostale.com\/wp-content\/uploads\/2024\/12\/Reportage_-_Tangopostale_-_14-1024x683.jpg 1024w, https:\/\/tangopostale.com\/wp-content\/uploads\/2024\/12\/Reportage_-_Tangopostale_-_14-768x512.jpg 768w, https:\/\/tangopostale.com\/wp-content\/uploads\/2024\/12\/Reportage_-_Tangopostale_-_14-1536x1024.jpg 1536w, https:\/\/tangopostale.com\/wp-content\/uploads\/2024\/12\/Reportage_-_Tangopostale_-_14-1157x771.jpg 1157w, https:\/\/tangopostale.com\/wp-content\/uploads\/2024\/12\/Reportage_-_Tangopostale_-_14-120x80.jpg 120w, https:\/\/tangopostale.com\/wp-content\/uploads\/2024\/12\/Reportage_-_Tangopostale_-_14-81x54.jpg 81w\" sizes=\"auto, (max-width: 1920px) 100vw, 1920px\" \/><\/div>\n\t\t<\/figure>\n\t<\/div>\n<\/div><\/div><\/div><div class=\"wpb_column vc_column_container vc_col-has-fill vc_col-sm-12 vc_col-md-8 col-xs-mobile-fullwidth wow fadeIn\" data-wow-delay= \"600ms\"><div class=\"vc_column-inner bg-position-center-top vc_custom_1741852103241\"><div class=\"wpb_wrapper\"><span class=\"text-extra-large margin-25px-bottom display-inline-block heading-style3  vc_custom_1741852132890  heading-4\"  style=\"font-size: 25px; line-height: 30px;\" data-fontsize=\"25px\" data-lineheight=\"30px\">Condiciones a cumplir:<\/span><ul class=\"no-padding list-style-4 list-style4-2\"><li>El alojamiento de acogida debe estar situado en Toulouse (en el centro de la ciudad o con buenas conexiones de transporte p\u00fablico), disponer de un dormitorio privado para los hu\u00e9spedes y acceso a un ba\u00f1o.<\/li><li>Es necesario un duplicado de las llaves del apartamento para garantizar la autonom\u00eda del hu\u00e9sped.<\/li><li>El almuerzo y la cena de los invitados est\u00e1n cubiertos por el festival.<\/li><li>Se solicita el desayuno (se paga 10 euros, impuestos incluidos, por d\u00eda y por persona).<\/li><li>El alojamiento ser\u00e1 visitado previamente por un miembro del equipo de Tangopostale para verificar que cumple con las condiciones del alojamiento.<\/li><\/ul><a class=\"popup-form-1 btn-medium btn btn-rounded btn-transparent-dark-gray wow fadeInDown popup-with-form pofo-button-1\" href=\"#popup-form-1741971989\">Para ofrecer tu ayuda, \u00a1cont\u00e1ctanos!<\/a><div id=\"popup-form-1741971989\" class=\"col-lg-3 col-md-6 col-xs-mobile-fullwidth white-popup-block mfp-hide center-col bg-white border-radius-6 padding-four-half-all md-padding-seven-all\">\n<div class=\"wpcf7 no-js\" id=\"wpcf7-f78062-o1\" lang=\"en-US\" dir=\"ltr\" data-wpcf7-id=\"78062\">\n<div class=\"screen-reader-response\"><p role=\"status\" aria-live=\"polite\" aria-atomic=\"true\"><\/p> <ul><\/ul><\/div>\n<form action=\"\/es\/wp-json\/wp\/v2\/pages\/77943#wpcf7-f78062-o1\" method=\"post\" class=\"wpcf7-form init\" aria-label=\"Formulario de contacto\" novalidate=\"novalidate\" data-status=\"init\" data-trp-original-action=\"\/es\/wp-json\/wp\/v2\/pages\/77943#wpcf7-f78062-o1\">\n<fieldset class=\"hidden-fields-container\"><input type=\"hidden\" name=\"_wpcf7\" value=\"78062\" \/><input type=\"hidden\" name=\"_wpcf7_version\" value=\"6.1.4\" \/><input type=\"hidden\" name=\"_wpcf7_locale\" value=\"en_US\" \/><input type=\"hidden\" name=\"_wpcf7_unit_tag\" value=\"wpcf7-f78062-o1\" \/><input type=\"hidden\" name=\"_wpcf7_container_post\" value=\"0\" \/><input type=\"hidden\" name=\"_wpcf7_posted_data_hash\" value=\"\" \/>\n<\/fieldset>\n<div class=\"wpcf7-turnstile cf-turnstile\" data-sitekey=\"0x4AAAAAACXr_6SvB6zA9353\" data-response-field-name=\"_wpcf7_turnstile_response\"><\/div>\n\n<p><span class=\"text-extra-dark-gray alt-font text-large font-weight-600 margin-25px-bottom display-block\"><\/span>\n<\/p>\n<div>\n\t<p><span class=\"wpcf7-form-control-wrap\" data-name=\"contact-name\"><input size=\"40\" maxlength=\"400\" class=\"wpcf7-form-control wpcf7-text wpcf7-validates-as-required classmedium-input\" aria-required=\"true\" aria-invalid=\"false\" placeholder=\"Nombre*\" value=\"\" type=\"text\" name=\"contact-name\" \/><\/span><br \/>\n<span class=\"wpcf7-form-control-wrap\" data-name=\"contact-email\"><input size=\"40\" maxlength=\"400\" class=\"wpcf7-form-control wpcf7-email wpcf7-validates-as-required wpcf7-text wpcf7-validates-as-email medium-input\" aria-required=\"true\" aria-invalid=\"false\" placeholder=\"Correo electr\u00f3nico*\" value=\"\" type=\"email\" name=\"contact-email\" \/><\/span><br \/>\n<span class=\"wpcf7-form-control-wrap\" data-name=\"contact-message\"><textarea cols=\"40\" rows=\"3\" maxlength=\"2000\" class=\"wpcf7-form-control wpcf7-textarea xs-margin-20px-bottom medium-input\" aria-invalid=\"false\" placeholder=\"Tu mensaje\" name=\"contact-message\"><\/textarea><\/span><br \/>\n<input class=\"wpcf7-form-control wpcf7-submit has-spinner btn btn-medium btn-black\" type=\"submit\" value=\"enviar\" \/>\n\t<\/p>\n<\/div><div class=\"wpcf7-response-output\" aria-hidden=\"true\"><\/div>\n<input type=\"hidden\" name=\"trp-form-language\" value=\"es\"\/><\/form>\n<\/div>\n<\/div><\/div><\/div><\/div><\/section>\n<\/div>","protected":false},"excerpt":{"rendered":"Vous avez une chambre disponible chez vous et l'envie d'offrir aux artistes du festival le meilleur accueil qui soit ?Devenez h\u00e9bergeur\u00b7se pendant le festival !Le r\u00e9seau H\u00c9BERGEURS Tangopostale permet d'h\u00e9berger nos chers et ch\u00e8res invit\u00e9\u00b7es qui viennent \u00e0 Toulouse pour musicaliser les bals de la place St-Pierre ou proposer des conf\u00e9rences au Caf\u00e9 Tango \u00e0 la librairie Ombres Blanches. Ils restent g\u00e9n\u00e9ralement entre 1 et 3 nuits sur place. Votre aide vous garantiraUne entr\u00e9e gratuite et nominative pour le concert de Chimichango de jeudi 9 juillet au Pavillon R\u00e9publique OU pour la despedida au Mas Tolosa le dimanche 12 juillet (au choix)Un d\u00e9fraiement de 10\u20ac par jour et par personne accueillie pour le petit-d\u00e9jeuner Conditions \u00e0 respecter :Le logement d'accueil doit \u00eatre situ\u00e9 \u00e0 Toulouse (en centre-ville ou avec une bonne connexion avec les transports en commun), disposer d\u2019une chambre priv\u00e9e pour les invit\u00e9\u00b7es et d\u2019un acc\u00e8s \u00e0 une salle de bain.Un double des clefs de l\u2019appartement est demand\u00e9 pour garantir l\u2019autonomie de l\u2019invit\u00e9\u00b7e.Les repas du midi et du soir de l'invit\u00e9\u00b7e sont pris en charge par le festival.Il vous est demand\u00e9 de fournir le petit-d\u00e9jeuner (d\u00e9fray\u00e9 \u00e0 hauteur de 10 euros TTC par jour et par personne)Le logement sera...","protected":false},"author":3,"featured_media":0,"parent":0,"menu_order":0,"comment_status":"closed","ping_status":"closed","template":"","meta":{"footnotes":""},"class_list":["post-77943","page","type-page","status-publish","hentry"],"_links":{"self":[{"href":"https:\/\/tangopostale.com\/es\/wp-json\/wp\/v2\/pages\/77943","targetHints":{"allow":["GET"]}}],"collection":[{"href":"https:\/\/tangopostale.com\/es\/wp-json\/wp\/v2\/pages"}],"about":[{"href":"https:\/\/tangopostale.com\/es\/wp-json\/wp\/v2\/types\/page"}],"author":[{"embeddable":true,"href":"https:\/\/tangopostale.com\/es\/wp-json\/wp\/v2\/users\/3"}],"replies":[{"embeddable":true,"href":"https:\/\/tangopostale.com\/es\/wp-json\/wp\/v2\/comments?post=77943"}],"version-history":[{"count":14,"href":"https:\/\/tangopostale.com\/es\/wp-json\/wp\/v2\/pages\/77943\/revisions"}],"predecessor-version":[{"id":78484,"href":"https:\/\/tangopostale.com\/es\/wp-json\/wp\/v2\/pages\/77943\/revisions\/78484"}],"wp:attachment":[{"href":"https:\/\/tangopostale.com\/es\/wp-json\/wp\/v2\/media?parent=77943"}],"curies":[{"name":"gracias","href":"https:\/\/api.w.org\/{rel}","templated":true}]}}