{"id":77564,"date":"2025-02-24T08:03:19","date_gmt":"2025-02-24T07:03:19","guid":{"rendered":"https:\/\/tangopostale.com\/wp\/?page_id=77564"},"modified":"2026-02-03T12:56:36","modified_gmt":"2026-02-03T11:56:36","slug":"devenir-benevole","status":"publish","type":"page","link":"https:\/\/tangopostale.com\/es\/devenir-benevole\/","title":{"rendered":"Hazte voluntario"},"content":{"rendered":"<div class=\"wpb-content-wrapper\"><section class=\"vc_row wpb_row vc_row-fluid   wow fadeIn vc_row-o-equal-height vc_row-o-content-top vc_row-flex\"><div class=\"wpb_column vc_column_container vc_col-sm-12  col-xs-mobile-fullwidth\"><div class=\"vc_column-inner vc_custom_1742206919993\"><div class=\"wpb_wrapper\"><span class=\"text-extra-large margin-25px-bottom display-inline-block alt-font heading-style3  vc_custom_1740380123466 pofo-button-responsive-69d7867c7a14d  heading-1\"  style=\"width: 90%; font-size: 25px; line-height: 30px;\" data-fontsize=\"25px\" data-lineheight=\"30px\">\u00bfQuieres formar parte de un equipo motivado y din\u00e1mico?<\/span><div class=\"vc_custom_1743685925994 last-paragraph-no-margin\"><div class=\"text-large\">\u00a1Participa en la aventura Tangopostale y vive el festival desde dentro!<br \/>\n\u00danete a nuestro equipo de voluntarios durante los 10 d\u00edas del evento o durante todo el a\u00f1o, en preparaci\u00f3n para el festival.<br \/>\nPara llevar a cabo este evento necesitamos tu energ\u00eda y tu buen humor.<\/div>\n<\/div><\/div><\/div><\/div><div class=\"wpb_column vc_column_container vc_col-has-fill vc_col-sm-12 vc_col-md-4 col-xs-mobile-fullwidth wow fadeIn pofo-column-responsive-69d7867c7a1be\" data-wow-delay= \"400ms\"><div class=\"vc_column-inner cover-background vc_custom_1770119659749\"><div class=\"wpb_wrapper\"><span class=\"text-extra-large margin-25px-bottom display-inline-block heading-style3  vc_custom_1740380272910  heading-2\"  style=\"font-size: 25px; line-height: 30px; color: #ffffff;\" data-fontsize=\"25px\" data-lineheight=\"30px\">Misiones durante el festival:<\/span><ul class=\"no-padding list-style-4 list-style4-1\" style=\"color: #ffffff;\"><li>Recepci\u00f3n del p\u00fablico<\/li><li>Entradas<\/li><li>Control de los billetes <\/li><li>Gesti\u00f3n de vestuarios <\/li><li>Ayuda con el montaje de eventos (montaje\/desmontaje, etc.) <\/li><li>Transporte de artistas y equipos<\/li><\/ul><div class=\"last-paragraph-no-margin\" style=\"color: #ffffff;\"><p>\u00a1Muchas otras misiones te esperan a lo largo del a\u00f1o (ayuda con la programaci\u00f3n, log\u00edstica, comunicaci\u00f3n, etc.)!<\/p>\n<p>El festival existe y contin\u00faa gracias a los numerosos voluntarios que se unen a nosotros cada a\u00f1o. \u00a1La asociaci\u00f3n les agradece c\u00e1lidamente!<\/p>\n<\/div><a class=\"margin-30px-top popup-form-1 btn-medium btn btn-rounded btn-transparent-dark-gray wow fadeInDown popup-with-form pofo-button-1\" href=\"#popup-form-1741966786\" style=\"background-color:#ffffff;  border-color:#ffffff; \">P\u00f3nte en contacto con nosotros<\/a><div id=\"popup-form-1741966786\" class=\"col-lg-3 col-md-6 col-xs-mobile-fullwidth white-popup-block mfp-hide center-col bg-white border-radius-6 padding-four-half-all md-padding-seven-all\">\n<div class=\"wpcf7 no-js\" id=\"wpcf7-f8085-o1\" lang=\"en-US\" dir=\"ltr\" data-wpcf7-id=\"8085\">\n<div class=\"screen-reader-response\"><p role=\"status\" aria-live=\"polite\" aria-atomic=\"true\"><\/p> <ul><\/ul><\/div>\n<form action=\"\/es\/wp-json\/wp\/v2\/pages\/77564#wpcf7-f8085-o1\" method=\"post\" class=\"wpcf7-form init\" aria-label=\"Formulario de contacto\" novalidate=\"novalidate\" data-status=\"init\" data-trp-original-action=\"\/es\/wp-json\/wp\/v2\/pages\/77564#wpcf7-f8085-o1\">\n<fieldset class=\"hidden-fields-container\"><input type=\"hidden\" name=\"_wpcf7\" value=\"8085\" \/><input type=\"hidden\" name=\"_wpcf7_version\" value=\"6.1.4\" \/><input type=\"hidden\" name=\"_wpcf7_locale\" value=\"en_US\" \/><input type=\"hidden\" name=\"_wpcf7_unit_tag\" value=\"wpcf7-f8085-o1\" \/><input type=\"hidden\" name=\"_wpcf7_container_post\" value=\"0\" \/><input type=\"hidden\" name=\"_wpcf7_posted_data_hash\" value=\"\" \/>\n<\/fieldset>\n<div class=\"wpcf7-turnstile cf-turnstile\" data-sitekey=\"0x4AAAAAACXr_6SvB6zA9353\" data-response-field-name=\"_wpcf7_turnstile_response\"><\/div>\n\n<p><span class=\"text-extra-dark-gray alt-font text-large font-weight-600 margin-25px-bottom display-block\"><\/span>\n<\/p>\n<div>\n\t<p><span class=\"wpcf7-form-control-wrap\" data-name=\"contact-name\"><input size=\"40\" maxlength=\"400\" class=\"wpcf7-form-control wpcf7-text wpcf7-validates-as-required classmedium-input\" aria-required=\"true\" aria-invalid=\"false\" placeholder=\"Nombre*\" value=\"\" type=\"text\" name=\"contact-name\" \/><\/span><br \/>\n<span class=\"wpcf7-form-control-wrap\" data-name=\"contact-email\"><input size=\"40\" maxlength=\"400\" class=\"wpcf7-form-control wpcf7-email wpcf7-validates-as-required wpcf7-text wpcf7-validates-as-email medium-input\" aria-required=\"true\" aria-invalid=\"false\" placeholder=\"Correo electr\u00f3nico*\" value=\"\" type=\"email\" name=\"contact-email\" \/><\/span><br \/>\n<span class=\"wpcf7-form-control-wrap\" data-name=\"contact-message\"><textarea cols=\"40\" rows=\"3\" maxlength=\"2000\" class=\"wpcf7-form-control wpcf7-textarea xs-margin-20px-bottom medium-input\" aria-invalid=\"false\" placeholder=\"Tu mensaje\" name=\"contact-message\"><\/textarea><\/span><br \/>\n<input class=\"wpcf7-form-control wpcf7-submit has-spinner btn btn-medium btn-black\" type=\"submit\" value=\"enviar\" \/>\n\t<\/p>\n<\/div><div class=\"wpcf7-response-output\" aria-hidden=\"true\"><\/div>\n<input type=\"hidden\" name=\"trp-form-language\" value=\"es\"\/><\/form>\n<\/div>\n<\/div><\/div><\/div><\/div><div class=\"wpb_column vc_column_container vc_col-has-fill vc_col-sm-4 vc_col-md-8 col-xs-mobile-fullwidth wow fadeIn\" data-wow-delay= \"600ms\"><div class=\"vc_column-inner bg-position-center-top vc_custom_1742207252837\"><div class=\"wpb_wrapper\"><ul  class=\"portfolio-grid hover-option2 lightbox-gallery work-2col gutter-small\"><li class=\"grid-sizer\"><\/li><li class=\"grid-item\"><a href=\"https:\/\/tangopostale.com\/wp-content\/uploads\/2025\/02\/2024-07-01-filim-milonga-2-site.jpg\" class=\"lightbox-group-gallery-item\" data-group=\"pofo-lightbox-1\" ><figure><div class=\"portfolio-img bg-extra-dark-gray\"><img loading=\"lazy\" decoding=\"async\" src=\"https:\/\/tangopostale.com\/wp-content\/uploads\/2025\/02\/2024-07-01-filim-milonga-2-site.jpg\"  alt=\"\" width=\"756\" height=\"504\" srcset=\"https:\/\/tangopostale.com\/wp-content\/uploads\/2025\/02\/2024-07-01-filim-milonga-2-site.jpg 756w, https:\/\/tangopostale.com\/wp-content\/uploads\/2025\/02\/2024-07-01-filim-milonga-2-site-300x200.jpg 300w, https:\/\/tangopostale.com\/wp-content\/uploads\/2025\/02\/2024-07-01-filim-milonga-2-site-18x12.jpg 18w, https:\/\/tangopostale.com\/wp-content\/uploads\/2025\/02\/2024-07-01-filim-milonga-2-site-120x80.jpg 120w, https:\/\/tangopostale.com\/wp-content\/uploads\/2025\/02\/2024-07-01-filim-milonga-2-site-81x54.jpg 81w\" sizes=\"auto, (max-width: 756px) 100vw, 756px\" class=\"project-img-gallery\" data-no-retina=\"\" \/><\/div><figcaption><div class=\"portfolio-hover-main text-center\"><div class=\"portfolio-hover-box vertical-align-middle\"><div class=\"portfolio-hover-content position-relative\"><i class=\"ti-zoom-in text-white fa-2x\"><\/i><\/div><\/div><\/div><\/figcaption><\/figure><\/a><\/li><li class=\"grid-item\"><a href=\"https:\/\/tangopostale.com\/wp-content\/uploads\/2025\/02\/2024-07-01-filim-milonga-4-site.jpg\" class=\"lightbox-group-gallery-item\" data-group=\"pofo-lightbox-1\" ><figure><div class=\"portfolio-img bg-extra-dark-gray\"><img loading=\"lazy\" decoding=\"async\" src=\"https:\/\/tangopostale.com\/wp-content\/uploads\/2025\/02\/2024-07-01-filim-milonga-4-site.jpg\"  alt=\"\" width=\"900\" height=\"600\" srcset=\"https:\/\/tangopostale.com\/wp-content\/uploads\/2025\/02\/2024-07-01-filim-milonga-4-site.jpg 900w, https:\/\/tangopostale.com\/wp-content\/uploads\/2025\/02\/2024-07-01-filim-milonga-4-site-300x200.jpg 300w, https:\/\/tangopostale.com\/wp-content\/uploads\/2025\/02\/2024-07-01-filim-milonga-4-site-768x512.jpg 768w, https:\/\/tangopostale.com\/wp-content\/uploads\/2025\/02\/2024-07-01-filim-milonga-4-site-18x12.jpg 18w, https:\/\/tangopostale.com\/wp-content\/uploads\/2025\/02\/2024-07-01-filim-milonga-4-site-120x80.jpg 120w, https:\/\/tangopostale.com\/wp-content\/uploads\/2025\/02\/2024-07-01-filim-milonga-4-site-81x54.jpg 81w\" sizes=\"auto, (max-width: 900px) 100vw, 900px\" class=\"project-img-gallery\" data-no-retina=\"\" \/><\/div><figcaption><div class=\"portfolio-hover-main text-center\"><div class=\"portfolio-hover-box vertical-align-middle\"><div class=\"portfolio-hover-content position-relative\"><i class=\"ti-zoom-in text-white fa-2x\"><\/i><\/div><\/div><\/div><\/figcaption><\/figure><\/a><\/li><li class=\"grid-item\"><a href=\"https:\/\/tangopostale.com\/wp-content\/uploads\/2025\/02\/Alain_P-2023-L3-Milonga-St-pierre-ambiance-05.jpg\" class=\"lightbox-group-gallery-item\" data-group=\"pofo-lightbox-1\" ><figure><div class=\"portfolio-img bg-extra-dark-gray\"><img loading=\"lazy\" decoding=\"async\" src=\"https:\/\/tangopostale.com\/wp-content\/uploads\/2025\/02\/Alain_P-2023-L3-Milonga-St-pierre-ambiance-05.jpg\"  alt=\"\" width=\"1000\" height=\"667\" srcset=\"https:\/\/tangopostale.com\/wp-content\/uploads\/2025\/02\/Alain_P-2023-L3-Milonga-St-pierre-ambiance-05.jpg 1000w, https:\/\/tangopostale.com\/wp-content\/uploads\/2025\/02\/Alain_P-2023-L3-Milonga-St-pierre-ambiance-05-300x200.jpg 300w, https:\/\/tangopostale.com\/wp-content\/uploads\/2025\/02\/Alain_P-2023-L3-Milonga-St-pierre-ambiance-05-768x512.jpg 768w, https:\/\/tangopostale.com\/wp-content\/uploads\/2025\/02\/Alain_P-2023-L3-Milonga-St-pierre-ambiance-05-18x12.jpg 18w, https:\/\/tangopostale.com\/wp-content\/uploads\/2025\/02\/Alain_P-2023-L3-Milonga-St-pierre-ambiance-05-120x80.jpg 120w, https:\/\/tangopostale.com\/wp-content\/uploads\/2025\/02\/Alain_P-2023-L3-Milonga-St-pierre-ambiance-05-81x54.jpg 81w\" sizes=\"auto, (max-width: 1000px) 100vw, 1000px\" class=\"project-img-gallery\" data-no-retina=\"\" \/><\/div><figcaption><div class=\"portfolio-hover-main text-center\"><div class=\"portfolio-hover-box vertical-align-middle\"><div class=\"portfolio-hover-content position-relative\"><i class=\"ti-zoom-in text-white fa-2x\"><\/i><\/div><\/div><\/div><\/figcaption><\/figure><\/a><\/li><li class=\"grid-item\"><a href=\"https:\/\/tangopostale.com\/wp-content\/uploads\/2025\/02\/Alain_P-2023-Me5-initiation-Tango-09-ste.jpg\" class=\"lightbox-group-gallery-item\" data-group=\"pofo-lightbox-1\" ><figure><div class=\"portfolio-img bg-extra-dark-gray\"><img loading=\"lazy\" decoding=\"async\" src=\"https:\/\/tangopostale.com\/wp-content\/uploads\/2025\/02\/Alain_P-2023-Me5-initiation-Tango-09-ste.jpg\"  alt=\"\" width=\"720\" height=\"480\" srcset=\"https:\/\/tangopostale.com\/wp-content\/uploads\/2025\/02\/Alain_P-2023-Me5-initiation-Tango-09-ste.jpg 720w, https:\/\/tangopostale.com\/wp-content\/uploads\/2025\/02\/Alain_P-2023-Me5-initiation-Tango-09-ste-300x200.jpg 300w, https:\/\/tangopostale.com\/wp-content\/uploads\/2025\/02\/Alain_P-2023-Me5-initiation-Tango-09-ste-18x12.jpg 18w, https:\/\/tangopostale.com\/wp-content\/uploads\/2025\/02\/Alain_P-2023-Me5-initiation-Tango-09-ste-120x80.jpg 120w, https:\/\/tangopostale.com\/wp-content\/uploads\/2025\/02\/Alain_P-2023-Me5-initiation-Tango-09-ste-81x54.jpg 81w\" sizes=\"auto, (max-width: 720px) 100vw, 720px\" class=\"project-img-gallery\" data-no-retina=\"\" \/><\/div><figcaption><div class=\"portfolio-hover-main text-center\"><div class=\"portfolio-hover-box vertical-align-middle\"><div class=\"portfolio-hover-content position-relative\"><i class=\"ti-zoom-in text-white fa-2x\"><\/i><\/div><\/div><\/div><\/figcaption><\/figure><\/a><\/li><li class=\"grid-item\"><a href=\"https:\/\/tangopostale.com\/wp-content\/uploads\/2025\/02\/Alain-Paille-S06_-_Milonga-7-site.jpg\" class=\"lightbox-group-gallery-item\" data-group=\"pofo-lightbox-1\" ><figure><div class=\"portfolio-img bg-extra-dark-gray\"><img loading=\"lazy\" decoding=\"async\" src=\"https:\/\/tangopostale.com\/wp-content\/uploads\/2025\/02\/Alain-Paille-S06_-_Milonga-7-site.jpg\"  alt=\"\" width=\"737\" height=\"492\" srcset=\"https:\/\/tangopostale.com\/wp-content\/uploads\/2025\/02\/Alain-Paille-S06_-_Milonga-7-site.jpg 737w, https:\/\/tangopostale.com\/wp-content\/uploads\/2025\/02\/Alain-Paille-S06_-_Milonga-7-site-300x200.jpg 300w, https:\/\/tangopostale.com\/wp-content\/uploads\/2025\/02\/Alain-Paille-S06_-_Milonga-7-site-18x12.jpg 18w, https:\/\/tangopostale.com\/wp-content\/uploads\/2025\/02\/Alain-Paille-S06_-_Milonga-7-site-120x80.jpg 120w, https:\/\/tangopostale.com\/wp-content\/uploads\/2025\/02\/Alain-Paille-S06_-_Milonga-7-site-81x54.jpg 81w\" sizes=\"auto, (max-width: 737px) 100vw, 737px\" class=\"project-img-gallery\" data-no-retina=\"\" \/><\/div><figcaption><div class=\"portfolio-hover-main text-center\"><div class=\"portfolio-hover-box vertical-align-middle\"><div class=\"portfolio-hover-content position-relative\"><i class=\"ti-zoom-in text-white fa-2x\"><\/i><\/div><\/div><\/div><\/figcaption><\/figure><\/a><\/li><li class=\"grid-item\"><a href=\"https:\/\/tangopostale.com\/wp-content\/uploads\/2025\/02\/Andi_07-03_0054-site.jpg\" class=\"lightbox-group-gallery-item\" data-group=\"pofo-lightbox-1\" ><figure><div class=\"portfolio-img bg-extra-dark-gray\"><img loading=\"lazy\" decoding=\"async\" src=\"https:\/\/tangopostale.com\/wp-content\/uploads\/2025\/02\/Andi_07-03_0054-site.jpg\"  alt=\"\" width=\"614\" height=\"409\" srcset=\"https:\/\/tangopostale.com\/wp-content\/uploads\/2025\/02\/Andi_07-03_0054-site.jpg 614w, https:\/\/tangopostale.com\/wp-content\/uploads\/2025\/02\/Andi_07-03_0054-site-300x200.jpg 300w, https:\/\/tangopostale.com\/wp-content\/uploads\/2025\/02\/Andi_07-03_0054-site-18x12.jpg 18w, https:\/\/tangopostale.com\/wp-content\/uploads\/2025\/02\/Andi_07-03_0054-site-120x80.jpg 120w, https:\/\/tangopostale.com\/wp-content\/uploads\/2025\/02\/Andi_07-03_0054-site-81x54.jpg 81w\" sizes=\"auto, (max-width: 614px) 100vw, 614px\" class=\"project-img-gallery\" data-no-retina=\"\" \/><\/div><figcaption><div class=\"portfolio-hover-main text-center\"><div class=\"portfolio-hover-box vertical-align-middle\"><div class=\"portfolio-hover-content position-relative\"><i class=\"ti-zoom-in text-white fa-2x\"><\/i><\/div><\/div><\/div><\/figcaption><\/figure><\/a><\/li><\/ul><\/div><\/div><\/div><div class=\"wpb_column vc_column_container vc_col-sm-4  col-xs-mobile-fullwidth\"><div class=\"vc_column-inner\"><div class=\"wpb_wrapper\"><\/div><\/div><\/div><\/section>\n<\/div>","protected":false},"excerpt":{"rendered":"Vous souhaitez vous investir au sein d\u2019une \u00e9quipe motiv\u00e9e et dynamique ?Prenez part \u00e0 l\u2019aventure Tangopostale et vivez le festival de l\u2019int\u00e9rieur ! Rejoignez notre \u00e9quipe de b\u00e9n\u00e9voles pendant les 10 jours d\u2019\u00e9v\u00e8nement ou tout au long de l'ann\u00e9e, en pr\u00e9paration du festival ! Pour mener \u00e0 bien cet \u00e9v\u00e9nement, nous avons besoin de votre \u00e9nergie et de votre bonne humeur ! Les missions pendant le festival :Accueil du publicBilletterieContr\u00f4le des tickets Gestion des vestiaires Aide \u00e0 la mise en place des soir\u00e9es (montage\/d\u00e9montage, etc.) Transport des artistes et du mat\u00e9rielDe nombreuses autres missions vous attendent tout au long de l'ann\u00e9e (aide \u00e0 la programmation, logistique, communication...) ! Le festival existe et perdure gr\u00e2ce aux nombreux b\u00e9n\u00e9voles qui nous rejoignent chaque ann\u00e9e. L'association les remercie chaleureusement ! Contactez-nous","protected":false},"author":1,"featured_media":0,"parent":0,"menu_order":0,"comment_status":"closed","ping_status":"closed","template":"","meta":{"footnotes":""},"class_list":["post-77564","page","type-page","status-publish","hentry"],"_links":{"self":[{"href":"https:\/\/tangopostale.com\/es\/wp-json\/wp\/v2\/pages\/77564","targetHints":{"allow":["GET"]}}],"collection":[{"href":"https:\/\/tangopostale.com\/es\/wp-json\/wp\/v2\/pages"}],"about":[{"href":"https:\/\/tangopostale.com\/es\/wp-json\/wp\/v2\/types\/page"}],"author":[{"embeddable":true,"href":"https:\/\/tangopostale.com\/es\/wp-json\/wp\/v2\/users\/1"}],"replies":[{"embeddable":true,"href":"https:\/\/tangopostale.com\/es\/wp-json\/wp\/v2\/comments?post=77564"}],"version-history":[{"count":66,"href":"https:\/\/tangopostale.com\/es\/wp-json\/wp\/v2\/pages\/77564\/revisions"}],"predecessor-version":[{"id":78568,"href":"https:\/\/tangopostale.com\/es\/wp-json\/wp\/v2\/pages\/77564\/revisions\/78568"}],"wp:attachment":[{"href":"https:\/\/tangopostale.com\/es\/wp-json\/wp\/v2\/media?parent=77564"}],"curies":[{"name":"gracias","href":"https:\/\/api.w.org\/{rel}","templated":true}]}}