{"id":77534,"date":"2025-02-23T15:56:11","date_gmt":"2025-02-23T14:56:11","guid":{"rendered":"https:\/\/tangopostale.com\/wp\/?page_id=77534"},"modified":"2025-05-07T15:55:16","modified_gmt":"2025-05-07T13:55:16","slug":"devenir-mecene","status":"publish","type":"page","link":"https:\/\/tangopostale.com\/es\/devenir-mecene\/","title":{"rendered":"Hazte mecena"},"content":{"rendered":"<div class=\"wpb-content-wrapper\"><section class=\"vc_row wpb_row vc_row-fluid  vc_custom_1740310950333 vc_column-gap-30 vc_row-o-equal-height vc_row-o-content-top vc_row-flex\"><div class=\"wpb_column vc_column_container vc_col-sm-12  col-xs-mobile-fullwidth\"><div class=\"vc_column-inner vc_custom_1740310423230\"><div class=\"wpb_wrapper\"><span class=\"text-extra-large margin-25px-bottom display-inline-block alt-font heading-style3  vc_custom_1740322540033  heading-1\"  style=\"font-size: 28px; line-height: 34px; font-weight: 600; color: #312370;\" data-fontsize=\"28px\" data-lineheight=\"34px\">Amantes del tango y de la cultura argentina, \u00a1s\u00famense al festival Tangopostale!<\/span><\/div><\/div><\/div><div class=\"wpb_column vc_column_container vc_col-sm-12 vc_col-md-5 vc_col-xs-12\"><div class=\"vc_column-inner vc_custom_1740322303954\"><div class=\"wpb_wrapper\"><span class=\"text-extra-large margin-25px-bottom display-inline-block alt-font heading-style3  vc_custom_1740310459422 pofo-button-responsive-69d75e8b433de  heading-2\"  style=\"width: 90%; font-size: 25px; line-height: 30px;\" data-fontsize=\"25px\" data-lineheight=\"30px\">Apoyar el festival Tangopostale significa:<\/span><ul class=\"no-padding list-style-4 list-style4-1\"><li>-apoyar una programaci\u00f3n ambiciosa y a veces atrevida<\/li><li>ayudarnos en mantener el libre acceso a los eventos culturales<\/li><li>promover el apoyo a artistas locales e internacionales.<\/li><li>participar en la promoci\u00f3n del patrimonio local<\/li><li>fomentar las iniciativas culturales del festival<\/li><li>mantenerte informado de las \u00faltimas novedades del festival y de la asociaci\u00f3n FITT durante todo el a\u00f1o<\/li><li>beneficiar de una <b>ventaja fiscal<\/b> y de ofertas exclusivas<\/li><\/ul><div class=\"separator-line-horrizontal-full bg-extra-light-gray center-col pofo-separator  vc_custom_1740244795270\"><\/div><div class=\"last-paragraph-no-margin\"><div class=\"text-medium\">Tambi\u00e9n puedes apoyarnos uni\u00e9ndote a <strong>nuestro equipo de voluntarios<\/strong> (\u00a1cualquier habilidad es bienvenida!) o, simplemente, en <a href=\"https:\/\/tangopostale.com\/es\/wp\/adherer-au-fitt\/\"><strong>haci\u00e9ndote miembro de la asociaci\u00f3n FITT<\/strong><\/a> (Festival Internacional de Tango de Toulouse)!<\/div>\n<\/div><\/div><\/div><\/div><div class=\"wpb_column vc_column_container vc_col-sm-12 vc_col-md-7 vc_col-xs-12\"><div class=\"vc_column-inner\"><div class=\"wpb_wrapper\"><div class=\"vc_row wpb_row vc_inner vc_row-fluid\"><div class=\"wpb_column vc_column_container vc_col-has-fill vc_col-sm-12  col-xs-mobile-fullwidth\"><div class=\"vc_column-inner vc_custom_1740310962248\"><div class=\"wpb_wrapper\"><span class=\"text-extra-dark-gray margin-20px-bottom font-weight-600 display-inline-block alt-font text-uppercase heading-style2  vc_custom_1740322361765 pofo-button-responsive-69d75e8b434fd  heading-3\"  style=\"font-size: 18px; line-height: 24px; font-weight: 500; color: #312370;\" data-fontsize=\"18px\" data-lineheight=\"24px\">Individuos<\/span><div class=\"last-paragraph-no-margin\"><p>\u00a1Contribuye a la calidad de nuestros eventos y ay\u00fadanos a mantener los eventos gratuitos!<br \/>\nAp\u00f3yanos con una donaci\u00f3n del monto que elijas y benef\u00edciate de un\u00a0<strong>reducci\u00f3n del impuesto sobre la renta<\/strong>\u00a0igual al 66 % del monto de su donaci\u00f3n.<\/p>\n<p><em>Ejemplo: Cuando donas 100\u20ac, en realidad s\u00f3lo donas 34\u20ac y te beneficias de una reducci\u00f3n de impuestos de 66\u20ac.<\/em><br \/>\nEl FITT te entregar\u00e1 un recibo fiscal.<\/p>\n<\/div><\/div><\/div><\/div><div class=\"wpb_column vc_column_container vc_col-has-fill vc_col-sm-12  col-xs-mobile-fullwidth\"><div class=\"vc_column-inner vc_custom_1740311118023\"><div class=\"wpb_wrapper\"><span class=\"text-extra-dark-gray margin-20px-bottom font-weight-600 display-inline-block alt-font text-uppercase heading-style2  vc_custom_1740322379289 pofo-button-responsive-69d75e8b4355d  heading-4\"  style=\"font-size: 18px; line-height: 24px; font-weight: 500; color: #312370;\" data-fontsize=\"18px\" data-lineheight=\"24px\">Empresas<\/span><div class=\"last-paragraph-no-margin\"><p>\u00a1Asocia tu empresa a la notoriedad de un prestigioso evento cultural!<br \/>\nLa\u00a0<strong>Ley de mecenazgo del 1<sup>o\u00a0<\/sup>Agosto de 2003<\/strong>\u00a0permite deducir 60% de la donaci\u00f3n del impuesto a pagar dentro del l\u00edmite de 0,5% de la facturaci\u00f3n. Si la donaci\u00f3n realizada va m\u00e1s all\u00e1 de eso, la<strong>ventaja fiscal<\/strong>\u00a0puede prorrogarse durante 5 a\u00f1os.<\/p>\n<p><em>Ejemplo: para una suma de 5.000\u20ac, la inversi\u00f3n neta ser\u00e1 de 2.000\u20ac. Una donaci\u00f3n de 10.000 \u20ac da derecho a una reducci\u00f3n fiscal de 6.000 \u20ac. El coste real de la donaci\u00f3n es pues de 4.000 euros.<\/em><\/p>\n<\/div><\/div><\/div><\/div><\/div><a  href=\"https:\/\/billetterie.festik.net\/tangopostale\/tab\/adhesion-et-mecenat\" target=\"_blank\" class=\"btn pofo-button-1 button-style5  btn-dark-gray btn-rounded  btn-small\" ><i class=\"fa-solid fa-chevron-right icon-very-small  margin-5px-right no-margin-left\" aria-hidden=\"true\"><\/i>Haz una donaci\u00f3n en l\u00ednea<\/a><div class=\"vc_custom_1746626113916 last-paragraph-no-margin\"><p><em>La venta de entradas online s\u00f3lo permite realizar donaciones de 50\u20ac, 150\u20ac o 300\u20ac. Para otros importes, por favor cont\u00e1ctenos en <a href=\"mailto:contact@tangopostale.com\">contact@tangopostale.com<\/a><\/em><\/p>\n<\/div><\/div><\/div><\/div><\/section>\n<\/div>","protected":false},"excerpt":{"rendered":"Amoureux du tango et de la culture argentine, accompagnez le festival Tangopostale !Accompagner le festival Tangopostale, c\u2019est :Soutenir une programmation ambitieuse et parfois audacieuse !Nous aider a\u0300 maintenir les e\u0301ve\u0301nements culturels en acc\u00e8s libreFavoriser l\u2019accompagnement d\u2019artistes locaux et internationauxParticiper a\u0300 la mise en valeur du patrimoine localEncourager les initiatives culturelles du festival\u00catre inform\u00e9 de l'actualit\u00e9 du festival et de l'association FITT tout au long de l'ann\u00e9eBe\u0301ne\u0301ficier d\u2019un avantage fiscal et d'offres exclusives !Vous pouvez aussi nous apporter votre soutien en rejoignant notre \u00e9quipe de b\u00e9n\u00e9voles (toute comp\u00e9tence bienvenue !) ou, tout simplement, en adh\u00e9rant \u00e0 l'association FITT (Festival International de Tango de Toulouse) ! ParticuliersContribuez \u00e0 la qualit\u00e9 de nos \u00e9v\u00e9nements et aidez-nous \u00e0 maintenir des manifestations gratuites ! Soutenez-nous par un don du montant de votre choix et b\u00e9n\u00e9ficiez d\u2019une\u00a0r\u00e9duction de l\u2019imp\u00f4t sur le revenu\u00a0\u00e9gale \u00e0 66 % du montant de votre don. Exemple\u00a0: lorsque vous donnez 100 \u20ac, vous ne donnez r\u00e9ellement que 34 \u20ac et b\u00e9n\u00e9ficiez d\u2019une r\u00e9duction d\u2019imp\u00f4ts de 66 \u20ac. Un re\u00e7u fiscal vous sera remis par le FITT. EntreprisesAssociez votre groupe \u00e0 la notori\u00e9t\u00e9 d\u2019un \u00e9v\u00e9nement culturel prestigieux ! La\u00a0loi sur le m\u00e9c\u00e9nat du 1er\u00a0ao\u00fbt 2003\u00a0permet de d\u00e9duire 60% du don sur l\u2019imp\u00f4t \u00e0...","protected":false},"author":1,"featured_media":0,"parent":0,"menu_order":0,"comment_status":"closed","ping_status":"closed","template":"","meta":{"footnotes":""},"class_list":["post-77534","page","type-page","status-publish","hentry"],"_links":{"self":[{"href":"https:\/\/tangopostale.com\/es\/wp-json\/wp\/v2\/pages\/77534","targetHints":{"allow":["GET"]}}],"collection":[{"href":"https:\/\/tangopostale.com\/es\/wp-json\/wp\/v2\/pages"}],"about":[{"href":"https:\/\/tangopostale.com\/es\/wp-json\/wp\/v2\/types\/page"}],"author":[{"embeddable":true,"href":"https:\/\/tangopostale.com\/es\/wp-json\/wp\/v2\/users\/1"}],"replies":[{"embeddable":true,"href":"https:\/\/tangopostale.com\/es\/wp-json\/wp\/v2\/comments?post=77534"}],"version-history":[{"count":38,"href":"https:\/\/tangopostale.com\/es\/wp-json\/wp\/v2\/pages\/77534\/revisions"}],"predecessor-version":[{"id":78290,"href":"https:\/\/tangopostale.com\/es\/wp-json\/wp\/v2\/pages\/77534\/revisions\/78290"}],"wp:attachment":[{"href":"https:\/\/tangopostale.com\/es\/wp-json\/wp\/v2\/media?parent=77534"}],"curies":[{"name":"gracias","href":"https:\/\/api.w.org\/{rel}","templated":true}]}}