{"id":77491,"date":"2025-02-22T18:17:53","date_gmt":"2025-02-22T17:17:53","guid":{"rendered":"https:\/\/tangopostale.com\/wp\/?page_id=77491"},"modified":"2026-01-05T16:56:32","modified_gmt":"2026-01-05T15:56:32","slug":"adherer-au-fitt","status":"publish","type":"page","link":"https:\/\/tangopostale.com\/es\/adherer-au-fitt\/","title":{"rendered":"\u00danete al FITT"},"content":{"rendered":"<div class=\"wpb-content-wrapper\"><section data-vc-full-width=\"true\" data-vc-full-width-init=\"false\" class=\"vc_row wpb_row vc_row-fluid   wow fadeIn pofo-stretch-content pofo-stretch-row-container vc_row-o-equal-height vc_row-o-content-top vc_row-flex\"><div class=\"wpb_column vc_column_container vc_col-sm-12 vc_col-md-8 col-xs-mobile-fullwidth wow fadeIn pofo-column-responsive-69d0e5d9d90a5\" data-wow-delay= \"600ms\"><div class=\"vc_column-inner vc_custom_1742206195964\"><div class=\"wpb_wrapper\"><span class=\"text-extra-large margin-25px-bottom display-inline-block alt-font heading-style3  vc_custom_1740416667404 pofo-button-responsive-69d0e5d9d9121  heading-1\"  style=\"width: 90%; font-size: 25px; line-height: 30px;\" data-fontsize=\"25px\" data-lineheight=\"30px\">Apoyar el festival significa permitir:<\/span><ul class=\"no-padding list-style-4 list-style4-1\"><li>un programa ambicioso y a veces atrevido<\/li><li>mantener eventos de acceso abierto<\/li><li>el apoyo a artistas locales e internacionales<\/li><li>la valorizaci\u00f3n del patrimonio local<\/li><li>iniciativas culturales<\/li><\/ul><span class=\"text-extra-large margin-25px-bottom display-inline-block alt-font heading-style3  vc_custom_1740416762580 pofo-button-responsive-69d0e5d9d915a  heading-2\"  style=\"width: 90%; font-size: 25px; line-height: 30px;\" data-fontsize=\"25px\" data-lineheight=\"30px\">Y adem\u00e1s...<\/span><ul class=\"no-padding list-style-4 list-style4-2\"><li>mantenerte informado sobre las novedades del festival durante todo el a\u00f1o.<\/li><li>benificiar de tarifas reducidas en la programaci\u00f3n<\/li><\/ul><div class=\"vc_row wpb_row vc_inner vc_row-fluid\"><div class=\"wpb_column vc_column_container vc_col-sm-6  col-xs-mobile-fullwidth text-center\"><div class=\"vc_column-inner\"><div class=\"wpb_wrapper\"><div class=\"pricing-style-2 pricing-box border-all border-width-1 border-color-extra-light-gray bg-white pricing2-1\" style=\"border-color: #ededed; border-width: 1px; border-style: solid; \"><div class=\"padding-30px-lr bg-extra-dark-gray padding-10px-tb alt-font text-white font-weight-600 text-uppercase\" >membres\u00eda tradicional<\/div><div class=\"bg-light-gray padding-35px-all\"><h4 class=\"text-extra-dark-gray font-weight-500 no-margin-bottom\" >10 \u20ac<\/h4><\/div><div class=\"padding-30px-all pricing-features sm-padding-20px-all xs-padding-30px-all\"><div class=\"last-paragraph-no-margin\"><p>\u00danase como miembro activo de la asociaci\u00f3n<\/p>\n<\/div><\/div><\/div><\/div><\/div><\/div><div class=\"wpb_column vc_column_container vc_col-sm-6  col-xs-mobile-fullwidth text-center\"><div class=\"vc_column-inner\"><div class=\"wpb_wrapper\"><div class=\"pricing-style-2 pricing-box border-all border-width-1 border-color-extra-light-gray bg-white pricing2-2\" style=\"border-color: #ededed; border-width: 1px; border-style: solid; \"><div class=\"padding-30px-lr bg-extra-dark-gray padding-10px-tb alt-font text-white font-weight-600 text-uppercase\"  style=\"background-color: #663285;\">membres\u00eda de apoyo<\/div><div class=\"bg-light-gray padding-35px-all\"><h4 class=\"text-extra-dark-gray font-weight-500 no-margin-bottom\" >20 \u20ac<\/h4><\/div><div class=\"padding-30px-all pricing-features sm-padding-20px-all xs-padding-30px-all\"><div class=\"last-paragraph-no-margin\"><p>\u00danete al FITT y apoya a Tangopostale<\/p>\n<\/div><\/div><\/div><\/div><\/div><\/div><\/div><a  href=\"https:\/\/billetterie.festik.net\/tangopostale\/tab\/adhesion-et-mecenat\/\" target=\"_blank\" class=\"btn pofo-button-1 button-style5  btn-dark-gray btn-rounded  btn-small   vc_custom_1740240719386\"  style=\"color:#ffffff; \"><i class=\"fa-solid fa-chevron-right icon-very-small  margin-5px-right no-margin-left\" aria-hidden=\"true\" style=\"color:#ffffff;\" ><\/i>\u00danete en l\u00ednea<\/a><\/div><\/div><\/div><div class=\"wpb_column vc_column_container vc_col-has-fill vc_col-sm-12 vc_col-md-4 col-xs-mobile-fullwidth wow fadeIn pofo-column-responsive-69d0e5d9d92d3\" data-wow-delay= \"400ms\"><div class=\"vc_column-inner cover-background vc_custom_1767627474809\"><div class=\"wpb_wrapper\"><span class=\"text-extra-large margin-25px-bottom display-inline-block heading-style3  vc_custom_1740244244621  heading-3\"  style=\"font-size: 25px; line-height: 30px; color: #ffffff;\" data-fontsize=\"25px\" data-lineheight=\"30px\">Mejor a\u00fan:<\/span><div class=\"last-paragraph-no-margin\" style=\"color: #ffffff;\"><p><strong>\u00a1Tambi\u00e9n puedes apoyarnos convirti\u00e9ndote en mecena o uni\u00e9ndote a nuestro equipo de voluntarios!<\/strong><\/p>\n<\/div><a  href=\"https:\/\/tangopostale.com\/es\/wp\/devenir-mecene\/\" target=\"_blank\" class=\"btn pofo-button-2 button-style5  btn-dark-gray btn-rounded  btn-small   vc_custom_1740565307733\"  style=\"color:#ffffff; \"><i class=\"fa-solid fa-chevron-right icon-very-small  margin-5px-right no-margin-left\" aria-hidden=\"true\" style=\"color:#ffffff;\" ><\/i>Hazte mecena<\/a><a  href=\"https:\/\/tangopostale.com\/es\/wp\/devenir-benevole\/\" target=\"_self\" class=\"btn pofo-button-3 button-style6  btn-white btn-rounded  btn-small   vc_custom_1767627538749\" ><i class=\"fa-solid fa-chevron-right icon-very-small  margin-5px-right no-margin-left\" aria-hidden=\"true\"><\/i>Hazte voluntario<\/a><\/div><\/div><\/div><\/section><div class=\"vc_row-full-width vc_clearfix\"><\/div>\n<\/div>","protected":false},"excerpt":{"rendered":"Soutenir le festival, c\u2019est encourager :une programmation ambitieuse et parfois audacieuse !le maintien d\u2019\u00e9v\u00e8nements en acc\u00e8s librel\u2019accompagnement d\u2019artistes locaux et internationauxla mise en valeur du patrimoine localles initiatives culturellesEt aussi...\u00eatre inform\u00e9\u00b7e de l\u2019actualit\u00e9 du festival tout au long de l\u2019ann\u00e9eb\u00e9n\u00e9ficier de tarifs r\u00e9duits sur la programmationl\u2019adh\u00e9sion classique10 \u20acAdh\u00e9rez en tant que membre actif de l'association l\u2019adh\u00e9sion de soutien20 \u20acAdh\u00e9rez au FITT et soutenez Tangopostale Adh\u00e9rer en ligneMieux encore :Vous pouvez \u00e9galement nous apporter votre soutien en devenant m\u00e9c\u00e8ne ou en rejoignant notre \u00e9quipe de b\u00e9n\u00e9voles ! Devenir m\u00e9c\u00e8neDevenir b\u00e9n\u00e9vole","protected":false},"author":1,"featured_media":0,"parent":0,"menu_order":0,"comment_status":"closed","ping_status":"closed","template":"","meta":{"footnotes":""},"class_list":["post-77491","page","type-page","status-publish","hentry"],"_links":{"self":[{"href":"https:\/\/tangopostale.com\/es\/wp-json\/wp\/v2\/pages\/77491","targetHints":{"allow":["GET"]}}],"collection":[{"href":"https:\/\/tangopostale.com\/es\/wp-json\/wp\/v2\/pages"}],"about":[{"href":"https:\/\/tangopostale.com\/es\/wp-json\/wp\/v2\/types\/page"}],"author":[{"embeddable":true,"href":"https:\/\/tangopostale.com\/es\/wp-json\/wp\/v2\/users\/1"}],"replies":[{"embeddable":true,"href":"https:\/\/tangopostale.com\/es\/wp-json\/wp\/v2\/comments?post=77491"}],"version-history":[{"count":61,"href":"https:\/\/tangopostale.com\/es\/wp-json\/wp\/v2\/pages\/77491\/revisions"}],"predecessor-version":[{"id":78443,"href":"https:\/\/tangopostale.com\/es\/wp-json\/wp\/v2\/pages\/77491\/revisions\/78443"}],"wp:attachment":[{"href":"https:\/\/tangopostale.com\/es\/wp-json\/wp\/v2\/media?parent=77491"}],"curies":[{"name":"gracias","href":"https:\/\/api.w.org\/{rel}","templated":true}]}}