{"id":77182,"date":"2025-02-07T17:55:31","date_gmt":"2025-02-07T16:55:31","guid":{"rendered":"https:\/\/tangopostale.com\/wp\/?page_id=77182"},"modified":"2025-03-19T14:05:21","modified_gmt":"2025-03-19T13:05:21","slug":"cgu","status":"publish","type":"page","link":"https:\/\/tangopostale.com\/es\/cgu\/","title":{"rendered":"Condiciones generales de uso"},"content":{"rendered":"<div class=\"wpb-content-wrapper\"><section class=\"vc_row wpb_row vc_row-fluid\"><div class=\"wpb_column vc_column_container vc_col-sm-2 vc_hidden-sm vc_hidden-xs col-xs-mobile-fullwidth\"><div class=\"vc_column-inner\"><div class=\"wpb_wrapper\"><\/div><\/div><\/div><div class=\"wpb_column vc_column_container vc_col-sm-8  col-xs-mobile-fullwidth\"><div class=\"vc_column-inner\"><div class=\"wpb_wrapper\"><div class=\"last-paragraph-no-margin\"><ul class=\"list-style-4 text-medium\">\n<li>Creaci\u00f3n del logotipo, carta gr\u00e1fica y sitio web: Antoine Wolff\/Arza Studio (logotipo y carta), Paula Bearzotti (creaci\u00f3n del sitio web).<\/li>\n<li>Alojamiento web: OVH<\/li>\n<li>Director de la publicaci\u00f3n: Tangopostale (asociaci\u00f3n FITT).<\/li>\n<li>Cr\u00e9ditos de las fotograf\u00edas: Tangopostale \u2013 Todos los derechos reservados.<\/li>\n<li>De conformidad con el C\u00f3digo de la Propiedad Intelectual franc\u00e9s y, de forma m\u00e1s general, los tratados y acuerdos internacionales que contienen disposiciones relativas a la protecci\u00f3n de los derechos de autor, se le proh\u00edbe reproducir para cualquier uso que no sea el privado, pero tambi\u00e9n vender, distribuir, emitir, difundir, adaptar, modificar, publicar, comunicar total o parcialmente, en cualquier forma, los datos, la presentaci\u00f3n o la organizaci\u00f3n del sitio sin la autorizaci\u00f3n previa por escrito de la asociaci\u00f3n FITT.<\/li>\n<li>El sitio web Tangopostale, accesible en la siguiente direcci\u00f3n: www.tangopostale.com (en adelante &quot;el Sitio&quot;) est\u00e1 destinado a la informaci\u00f3n personal de los usuarios de Internet que lo utilizan. El acceso y uso del Sitio est\u00e1n sujetos a estas \u201cCondiciones Generales de Uso\u201d que se detallan a continuaci\u00f3n as\u00ed como a las leyes y\/o normativas aplicables.<\/li>\n<li>Las siguientes disposiciones tienen por objeto definir los t\u00e9rminos y condiciones bajo los cuales el Editor pone a disposici\u00f3n de los Usuarios el sitio Tangopostale, cuya p\u00e1gina de inicio se encuentra en la siguiente direcci\u00f3n: www.tangopostale.com<\/li>\n<\/ul>\n<\/div><div class=\"margin-30px-tb separator-line-horrizontal-full bg-extra-light-gray center-col pofo-separator\" style=\"background-color:#000000;\"><\/div><span class=\"text-extra-dark-gray margin-20px-bottom font-weight-600 display-inline-block alt-font text-uppercase heading-style2  heading-1\"  style=\"font-weight: 600;\">Art\u00edculo 1. Informaci\u00f3n legal y definiciones<\/span><div class=\"panel-group accordion-style1\" id=\"accordion-1\" ><div class=\"panel text-left\">\n                                        <div class=\"panel-heading\">\n                                            <a data-toggle=\"collapse\" data-parent=\"#accordion-1\" href=\"#accordion-one-link-1\">\n                                                <div class=\"panel-title font-weight-500 text-extra-dark-gray\">\n                                                    Informaci\u00f3n legal<span class=\"pull-right\"><i class=\"ti-plus\"><\/i><\/span>\n                                                <\/div>\n                                            <\/a>\n                                        <\/div>\n                                        <div id=\"accordion-one-link-1\" class=\"panel-collapse collapse\">\n                                            <div class=\"panel-body\"><p>De conformidad con el art\u00edculo 6 de la Ley n\u00b0 2004-575, de 21 de junio de 2004, relativa a la confianza en la econom\u00eda digital, este art\u00edculo precisa la identidad de los distintos actores implicados en su implementaci\u00f3n y seguimiento.<br \/>\nEl sitio web Tangopostale es publicado por:<br \/>\nLa asociaci\u00f3n FITT, con domicilio social en la siguiente direcci\u00f3n: 37 rue Sainte-Blanche 31200 Toulouse.<br \/>\nTel\u00e9fono: +33 6 33 03 23 66 \/ Direcci\u00f3n de correo electr\u00f3nico: contact@tangopostale.com<br \/>\nen adelante &quot;el Editor&quot;<br \/>\nEl director de la publicaci\u00f3n es la asociaci\u00f3n FITT.<br \/>\nDirecci\u00f3n de correo electr\u00f3nico de contacto: contact@tangopostale.com<br \/>\nen adelante &quot;el Director de la Publicaci\u00f3n&quot;<br \/>\nEl sitio web de Tangopostale est\u00e1 alojado por:<br \/>\nOVH, cuya sede social se encuentra en 2 rue Kellermann - 59100 Roubaix<br \/>\nn\u00famero de tel\u00e9fono +33 9 72 10 10 07, direcci\u00f3n de correo electr\u00f3nico contact@ovh.com.<br \/>\nen adelante &quot;el Anfitri\u00f3n&quot;<br \/>\nTodos los usuarios de Internet que navegan, leen, visualizan y utilizan el sitio Tangopostale se consideran usuarios.<br \/>\nen adelante los \u201cUsuarios\u201d,<br \/>\nLos usuarios son todas las personas, usuarios de Internet que navegan, leen, visualizan y utilizan el sitio Tangopostale.<\/p>\n<\/div>\n                                        <\/div>\n                                    <\/div><div class=\"panel text-left\">\n                                        <div class=\"panel-heading\">\n                                            <a data-toggle=\"collapse\" data-parent=\"#accordion-1\" href=\"#accordion-one-link-2\">\n                                                <div class=\"panel-title font-weight-500 text-extra-dark-gray\">\n                                                    Definiciones<span class=\"pull-right\"><i class=\"ti-plus\"><\/i><\/span>\n                                                <\/div>\n                                            <\/a>\n                                        <\/div>\n                                        <div id=\"accordion-one-link-2\" class=\"panel-collapse collapse\">\n                                            <div class=\"panel-body\"><p>A los efectos de las presentes Condiciones Generales de Uso, se entender\u00e1 por:<br \/>\n\u00abCondiciones Generales de Uso\u00bb o \u00abCGU\u00bb: las presentes condiciones de uso del sitio web www.tangopostale.com<br \/>\n\u201cServicios\u201d: todos los Servicios proporcionados por la asociaci\u00f3n FITT y sus socios, accesibles a trav\u00e9s del Sitio<br \/>\n&quot;Sitio&quot;: significa el sitio de Tangopostale accesible desde la direcci\u00f3n: www.tangopostale.com o cualquier otra direcci\u00f3n URL<br \/>\n\u201cUsuario\u201d: significa cualquier persona f\u00edsica o jur\u00eddica que visite una o m\u00e1s p\u00e1ginas del Sitio.<br \/>\n\u201cAdministraci\u00f3n\u201d: espacio cuyo acceso est\u00e1 reservado para el Usuario en el Sitio, mediante la introducci\u00f3n de un nombre de usuario y una contrase\u00f1a confidencial, en el que podr\u00e1 gestionar determinados Servicios reservados.<\/p>\n<\/div>\n                                        <\/div>\n                                    <\/div><\/div><div class=\"margin-30px-tb separator-line-horrizontal-full bg-extra-light-gray center-col pofo-separator\" style=\"background-color:#000000;\"><\/div><span class=\"text-extra-dark-gray margin-20px-bottom font-weight-600 display-inline-block alt-font text-uppercase heading-style2  heading-2\"  style=\"font-weight: 600;\">Art\u00edculo 2. Presentaci\u00f3n del sitio Tangopostale<\/span><div class=\"last-paragraph-no-margin\"><p>El sitio web Tangopostale tiene como objetivo proporcionar acceso a toda la informaci\u00f3n relativa al festival Tangopostale y a la asociaci\u00f3n FITT (Festival Internacional de Tango de Toulouse). De vez en cuando menciona noticias de sus socios.<\/p>\n<\/div><div class=\"margin-30px-tb separator-line-horrizontal-full bg-extra-light-gray center-col pofo-separator\" style=\"background-color:#000000;\"><\/div><span class=\"text-extra-dark-gray margin-20px-bottom font-weight-600 display-inline-block alt-font text-uppercase heading-style2  heading-3\"  style=\"font-weight: 600;\">Art\u00edculo 3. Aceptaci\u00f3n y modificaci\u00f3n de los T&amp;C<\/span><div class=\"last-paragraph-no-margin\"><p>El acceso y uso del Sitio est\u00e1n sujetos a la aceptaci\u00f3n y cumplimiento de las presentes Condiciones Generales de Uso.<br \/>\nEl Editor se reserva el derecho de modificar, en cualquier momento y sin previo aviso, el Sitio y los Servicios, as\u00ed como estos T\u00e9rminos y Condiciones, en particular para adaptarse a la evoluci\u00f3n del sitio poniendo a disposici\u00f3n nuevas funciones o eliminando o modificando funciones existentes.<br \/>\nPor lo tanto, se recomienda al Usuario consultar la \u00faltima versi\u00f3n de los T&amp;C, accesible en cualquier momento en el Sitio, antes de cualquier navegaci\u00f3n. En caso de desacuerdo con los T&amp;C, el Usuario no podr\u00e1 utilizar el Sitio.<\/p>\n<\/div><div class=\"margin-30px-tb separator-line-horrizontal-full bg-extra-light-gray center-col pofo-separator\" style=\"background-color:#000000;\"><\/div><span class=\"text-extra-dark-gray margin-20px-bottom font-weight-600 display-inline-block alt-font text-uppercase heading-style2  heading-4\"  style=\"font-weight: 600;\">Art\u00edculo 4. Acceso, navegaci\u00f3n y conexi\u00f3n<\/span><div class=\"panel-group accordion-style1\" id=\"accordion-2\" ><div class=\"panel text-left\">\n                                        <div class=\"panel-heading\">\n                                            <a data-toggle=\"collapse\" data-parent=\"#accordion-2\" href=\"#accordion-one-link-3\">\n                                                <div class=\"panel-title font-weight-500 text-extra-dark-gray\">\n                                                    Acceso<span class=\"pull-right\"><i class=\"ti-plus\"><\/i><\/span>\n                                                <\/div>\n                                            <\/a>\n                                        <\/div>\n                                        <div id=\"accordion-one-link-3\" class=\"panel-collapse collapse\">\n                                            <div class=\"panel-body\"><p>El Editor implementa las soluciones t\u00e9cnicas a su disposici\u00f3n para permitir el acceso al sitio las 24 horas del d\u00eda, los 7 d\u00edas de la semana. No obstante, podr\u00e1 suspender, limitar o interrumpir en cualquier momento el acceso al Sitio o a ciertas p\u00e1ginas del mismo para realizar actualizaciones, modificaciones de su contenido o cualquier otra acci\u00f3n que se considere necesaria para el correcto funcionamiento del Sitio.<\/p>\n<\/div>\n                                        <\/div>\n                                    <\/div><div class=\"panel text-left\">\n                                        <div class=\"panel-heading\">\n                                            <a data-toggle=\"collapse\" data-parent=\"#accordion-2\" href=\"#accordion-one-link-4\">\n                                                <div class=\"panel-title font-weight-500 text-extra-dark-gray\">\n                                                    Navegaci\u00f3n<span class=\"pull-right\"><i class=\"ti-plus\"><\/i><\/span>\n                                                <\/div>\n                                            <\/a>\n                                        <\/div>\n                                        <div id=\"accordion-one-link-4\" class=\"panel-collapse collapse\">\n                                            <div class=\"panel-body\"><p>La conexi\u00f3n y navegaci\u00f3n en el sitio Tangopostale constituye la aceptaci\u00f3n sin reservas de estas Condiciones Generales de Uso, independientemente de los medios t\u00e9cnicos de acceso y de los terminales utilizados.<br \/>\nEstos TyC se aplican, seg\u00fan sea necesario, a cualquier variaci\u00f3n o ampliaci\u00f3n del Sitio en redes sociales y\/o comunitarias existentes o futuras.<\/p>\n<\/div>\n                                        <\/div>\n                                    <\/div><\/div><div class=\"margin-30px-tb separator-line-horrizontal-full bg-extra-light-gray center-col pofo-separator\" style=\"background-color:#000000;\"><\/div><span class=\"text-extra-dark-gray margin-20px-bottom font-weight-600 display-inline-block alt-font text-uppercase heading-style2  heading-5\"  style=\"font-weight: 600;\">Art\u00edculo 5. Limitaci\u00f3n de responsabilidad<\/span><div class=\"last-paragraph-no-margin\"><p>El editor s\u00f3lo es responsable del contenido que \u00e9l mismo ha editado.<br \/>\nEl Editor no es responsable: - en caso de problemas t\u00e9cnicos, inform\u00e1ticos o de compatibilidad o fallos del sitio con cualquier hardware o software;  - da\u00f1os directos o indirectos, materiales o inmateriales, previsibles o imprevisibles, resultantes del uso o de las dificultades de uso del sitio o de sus servicios;  - las caracter\u00edsticas intr\u00ednsecas de Internet, en particular las relativas a la falta de fiabilidad y de seguridad de la informaci\u00f3n que circula por ella;  - contenidos o actividades il\u00edcitas utilizando su sitio, sin haber tomado debida nota de ello en el sentido de la Ley n\u00ba 2004-575 del 21 de junio de 2004 para la confianza en la econom\u00eda digital y la Ley n\u00ba 2004-801 del 6 de agosto de 2004 relativa a la protecci\u00f3n de las personas f\u00edsicas en lo que respecta al tratamiento de datos personales;<br \/>\nAdem\u00e1s, el editor no ser\u00e1 responsable en los siguientes casos:<br \/>\nEl Usuario es responsable de: - la protecci\u00f3n de su equipo y de sus datos - su utilizaci\u00f3n del sitio Tangopostale o de sus servicios - si no respeta ni la letra ni el esp\u00edritu de estos T&amp;C<\/p>\n<\/div><div class=\"margin-30px-tb separator-line-horrizontal-full bg-extra-light-gray center-col pofo-separator\" style=\"background-color:#000000;\"><\/div><span class=\"text-extra-dark-gray margin-20px-bottom font-weight-600 display-inline-block alt-font text-uppercase heading-style2  heading-6\"  style=\"font-weight: 600;\">Art\u00edculo 6. Enlaces de hipertexto<\/span><div class=\"last-paragraph-no-margin\"><p>El Sitio puede contener enlaces de hipertexto que apuntan a otros sitios web sobre los cuales la asociaci\u00f3n FITT no tiene control. A pesar de los controles previos y regulares efectuados por el Editor, \u00e9ste declina toda responsabilidad por el contenido que pueda encontrarse en dichos sitios.<br \/>\nEl Editor autoriza la creaci\u00f3n de enlaces de hipertexto hacia cualquier p\u00e1gina o documento de su sitio, siempre que la creaci\u00f3n de estos enlaces no se realice con fines comerciales o publicitarios.<br \/>\nAdem\u00e1s, es necesaria informaci\u00f3n previa del Editor del Sitio antes de configurar cualquier hiperv\u00ednculo.<br \/>\nQuedan naturalmente excluidos de esta autorizaci\u00f3n los sitios que difundan informaci\u00f3n de car\u00e1cter il\u00edcito, violento, controvertido, pornogr\u00e1fico, xen\u00f3fobo o que pueda herir la sensibilidad de la mayor\u00eda de las personas.<br \/>\nPor \u00faltimo, la asociaci\u00f3n FITT se reserva el derecho de eliminar en cualquier momento un hiperv\u00ednculo que apunte a su Sitio, si considera que no cumple con su pol\u00edtica editorial.<\/p>\n<\/div><div class=\"margin-30px-tb separator-line-horrizontal-full bg-extra-light-gray center-col pofo-separator\" style=\"background-color:#000000;\"><\/div><span class=\"text-extra-dark-gray margin-20px-bottom font-weight-600 display-inline-block alt-font text-uppercase heading-style2  heading-7\"  style=\"font-weight: 600;\">Art\u00edculo 7. Propiedad intelectual<\/span><div class=\"last-paragraph-no-margin\"><p>La estructura del sitio Tangopostale, as\u00ed como los textos, gr\u00e1ficos, im\u00e1genes, fotograf\u00edas, sonidos, v\u00eddeos y aplicaciones inform\u00e1ticas que lo componen, son propiedad del Editor y est\u00e1n protegidos como tales por las leyes vigentes en materia de propiedad intelectual.<br \/>\nCualquier representaci\u00f3n, reproducci\u00f3n, adaptaci\u00f3n o explotaci\u00f3n parcial o total de los contenidos, marcas registradas y servicios ofrecidos por el sitio Tangopostale por cualquier procedimiento, sin la autorizaci\u00f3n previa, expresa y escrita del Editor est\u00e1 estrictamente prohibida y podr\u00eda constituir una infracci\u00f3n en el sentido de los art\u00edculos L.335-2 y siguientes del C\u00f3digo de la Propiedad Intelectual. Y esto, con la excepci\u00f3n de los elementos expresamente designados como libres de regal\u00edas en el sitio de Tangopostale.<br \/>\nEl acceso al sitio Tangopostale no constituye el reconocimiento de un derecho y, en general, no confiere ning\u00fan derecho de propiedad intelectual relacionado con un elemento del sitio, que siguen siendo propiedad exclusiva del Editor.<br \/>\nAl Usuario se le proh\u00edbe introducir en el sitio datos que modifiquen o puedan modificar el contenido o apariencia del mismo.<\/p>\n<\/div><div class=\"margin-30px-tb separator-line-horrizontal-full bg-extra-light-gray center-col pofo-separator\" style=\"background-color:#000000;\"><\/div><span class=\"text-extra-dark-gray margin-20px-bottom font-weight-600 display-inline-block alt-font text-uppercase heading-style2  heading-8\"  style=\"font-weight: 600;\">Art\u00edculo 8. Recopilaci\u00f3n de datos de los usuarios y cumplimiento de la Ley de Protecci\u00f3n de Datos<\/span><div class=\"last-paragraph-no-margin\"><p>El Sitio cumple con las disposiciones de la Ley 78-17 del 6 de enero de 1978 relativa a la inform\u00e1tica, los archivos y las libertades. En virtud de ello, el Usuario se beneficia en particular de un derecho de oposici\u00f3n (arts. 32 y 38), de acceso (arts. 38 y 39) y de rectificaci\u00f3n (art. 40) de los datos que le conciernen.<br \/>\nPara utilizarlo, el Usuario deber\u00e1 ponerse en contacto con el Editor a la siguiente direcci\u00f3n contact@tangopostale.com o por correo dirigido a la sede social del Editor, especificando su apellido, nombre(s), direcci\u00f3n y direcci\u00f3n(es) de correo electr\u00f3nico.<br \/>\nEste sitio web utiliza Google Analytics, un servicio de an\u00e1lisis web proporcionado por Google Inc. (\u201cGoogle\u201d). Google Analytics utiliza cookies, que son archivos de texto ubicados en su ordenador, para ayudar al sitio web a analizar el uso que hacen los usuarios del sitio. Los datos generados por la cookie acerca de su uso del sitio web (incluyendo su direcci\u00f3n IP) ser\u00e1n directamente transmitidos y archivados por Google en servidores de Estados Unidos. Google utilizar\u00e1 esta informaci\u00f3n con el prop\u00f3sito de evaluar su uso del sitio web, recopilar informes de la actividad del sitio web para su editor y prestar otros servicios relacionados con la actividad del sitio web y el uso de Internet. Google tambi\u00e9n podr\u00e1 transferir estos datos a terceros cuando as\u00ed lo exija la ley o cuando dichos terceros procesen estos datos por cuenta de Google, incluido en particular el editor de este sitio. Google no asociar\u00e1 su direcci\u00f3n IP con ning\u00fan otro dato del que disponga Google. Puede rechazar el uso de cookies seleccionando la configuraci\u00f3n apropiada de su navegador. Sin embargo, dicha desactivaci\u00f3n puede impedir el uso de ciertas funcionalidades de este sitio. Al utilizar este sitio web, usted consiente expresamente el tratamiento de sus datos personales por parte de Google en la forma y para los fines descritos anteriormente.<\/p>\n<\/div><div class=\"margin-30px-tb separator-line-horrizontal-full bg-extra-light-gray center-col pofo-separator\" style=\"background-color:#000000;\"><\/div><span class=\"text-extra-dark-gray margin-20px-bottom font-weight-600 display-inline-block alt-font text-uppercase heading-style2  heading-9\"  style=\"font-weight: 600;\">Art\u00edculo 9. Pol\u00edtica de Cookies<\/span><div class=\"last-paragraph-no-margin\"><p>El sitio Tangopostale puede utilizar t\u00e9cnicas de &quot;cookies&quot; que le permiten procesar estad\u00edsticas e informaci\u00f3n sobre el tr\u00e1fico, facilitar la navegaci\u00f3n y mejorar el servicio para la comodidad del Usuario, quien puede oponerse al registro de estas &quot;cookies&quot; configurando su software de navegaci\u00f3n.<\/p>\n<\/div><div class=\"margin-30px-tb separator-line-horrizontal-full bg-extra-light-gray center-col pofo-separator\" style=\"background-color:#000000;\"><\/div><span class=\"text-extra-dark-gray margin-20px-bottom font-weight-600 display-inline-block alt-font text-uppercase heading-style2  heading-10\"  style=\"font-weight: 600;\">Art\u00edculo 10. Ley aplicable y cl\u00e1usula de jurisdicci\u00f3n<\/span><div class=\"last-paragraph-no-margin\"><p>Las presentes Condiciones Generales de Uso se rigen por la legislaci\u00f3n francesa. En caso de litigio y a falta de acuerdo amistoso, el litigio se someter\u00e1 a los tribunales franceses de conformidad con las normas de jurisdicci\u00f3n vigentes.<\/p>\n<\/div><div class=\"margin-30px-tb separator-line-horrizontal-full bg-extra-light-gray center-col pofo-separator\" style=\"background-color:#000000;\"><\/div><span class=\"text-extra-dark-gray margin-20px-bottom font-weight-600 display-inline-block alt-font text-uppercase heading-style2  heading-11\"  style=\"font-weight: 600;\">Art\u00edculo 11. Contacto<\/span><div class=\"last-paragraph-no-margin\"><p>Para cualquier pregunta o informaci\u00f3n sobre los productos presentados en el sitio, o sobre el sitio en s\u00ed, el Usuario puede ponerse en contacto con el Editor en la siguiente direcci\u00f3n de correo electr\u00f3nico: contact@tangopostale.com Para denunciar cualquier contenido o actividad ilegal, el Usuario puede dejar un mensaje en la siguiente direcci\u00f3n: contact@tangopostale.com o mediante carta certificada con acuse de recibo dirigida al Editor a los datos de contacto especificados en estos T&amp;C.<\/p>\n<\/div><div class=\"margin-30px-tb separator-line-horrizontal-full bg-extra-light-gray center-col pofo-separator\" style=\"background-color:#000000;\"><\/div><div role=\"alert\" class=\"alert alert-dismissable alert-success text-uppercase alert-massage-style-1\"><strong>\u00a1El sitio web Tangopostale le desea una excelente experiencia de navegaci\u00f3n!<\/strong> <\/div><\/div><\/div><\/div><div class=\"wpb_column vc_column_container vc_col-sm-2  col-xs-mobile-fullwidth\"><div class=\"vc_column-inner\"><div class=\"wpb_wrapper\"><\/div><\/div><\/div><\/section>\n<\/div>","protected":false},"excerpt":{"rendered":"Cr\u00e9ation du logo, de la charte graphique et du site internet : Antoine Wolff\/Arza Studio (logo et charte), Paula Bearzotti (cr\u00e9ation du site). H\u00e9bergement du site : OVH Directeur de la publication : Tangopostale (association FITT). Cr\u00e9dits photo : Tangopostale - Tous droits r\u00e9serv\u00e9s. En application du Code fran\u00e7ais de la Propri\u00e9t\u00e9 Intellectuelle et, plus g\u00e9n\u00e9ralement, des trait\u00e9s et accords internationaux comportant des dispositions relatives \u00e0 la protection des droits d'auteurs, vous vous interdirez de reproduire pour un usage autre que priv\u00e9 mais aussi de vendre, distribuer, \u00e9mettre, diffuser, adapter, modifier, publier, communiquer int\u00e9gralement ou partiellement, sous quelque forme que ce soit, les donn\u00e9es, la pr\u00e9sentation ou l'organisation du site sans l'autorisation \u00e9crite pr\u00e9alable de l\u2019association FITT. Le site Tangopostale, accessible \u00e0 l'adresse suivante : www.tangopostale.com (ci-apr\u00e8s \" le Site \") est destin\u00e9 \u00e0 l'information personnelle des internautes qui l'utilisent. L'acc\u00e8s et l'utilisation du Site sont soumis aux pr\u00e9sentes \" Conditions g\u00e9n\u00e9rales d'utilisation \" d\u00e9taill\u00e9es ci-apr\u00e8s ainsi qu'aux lois et\/ou r\u00e8glements applicables. Les dispositions suivantes ont pour objet de d\u00e9finir les modalit\u00e9s et conditions dans lesquelles l'\u00c9diteur, met \u00e0 la disposition des Utilisateurs le site Tangopostale dont la page d'accueil se trouve l'adresse suivante : www.tangopostale.com Article 1. Informations l\u00e9gales...","protected":false},"author":1,"featured_media":0,"parent":0,"menu_order":0,"comment_status":"closed","ping_status":"closed","template":"","meta":{"footnotes":""},"class_list":["post-77182","page","type-page","status-publish","hentry"],"_links":{"self":[{"href":"https:\/\/tangopostale.com\/es\/wp-json\/wp\/v2\/pages\/77182","targetHints":{"allow":["GET"]}}],"collection":[{"href":"https:\/\/tangopostale.com\/es\/wp-json\/wp\/v2\/pages"}],"about":[{"href":"https:\/\/tangopostale.com\/es\/wp-json\/wp\/v2\/types\/page"}],"author":[{"embeddable":true,"href":"https:\/\/tangopostale.com\/es\/wp-json\/wp\/v2\/users\/1"}],"replies":[{"embeddable":true,"href":"https:\/\/tangopostale.com\/es\/wp-json\/wp\/v2\/comments?post=77182"}],"version-history":[{"count":14,"href":"https:\/\/tangopostale.com\/es\/wp-json\/wp\/v2\/pages\/77182\/revisions"}],"predecessor-version":[{"id":78125,"href":"https:\/\/tangopostale.com\/es\/wp-json\/wp\/v2\/pages\/77182\/revisions\/78125"}],"wp:attachment":[{"href":"https:\/\/tangopostale.com\/es\/wp-json\/wp\/v2\/media?parent=77182"}],"curies":[{"name":"gracias","href":"https:\/\/api.w.org\/{rel}","templated":true}]}}