{"id":77102,"date":"2025-02-05T18:27:52","date_gmt":"2025-02-05T17:27:52","guid":{"rendered":"https:\/\/tangopostale.com\/wp\/?page_id=77102"},"modified":"2026-03-04T12:07:59","modified_gmt":"2026-03-04T11:07:59","slug":"espace-presse","status":"publish","type":"page","link":"https:\/\/tangopostale.com\/es\/espace-presse\/","title":{"rendered":"\u00c1rea de prensa"},"content":{"rendered":"<div class=\"wpb-content-wrapper\"><section class=\"vc_row wpb_row vc_row-fluid   vc_column-gap-35\"><div class=\"wpb_column vc_column_container vc_col-has-fill vc_col-sm-4  col-xs-mobile-fullwidth\"><div class=\"vc_column-inner vc_custom_1738773544153\"><div class=\"wpb_wrapper\"><div class=\"position-relative featurebox24-1 featurebox24 pofo-featurebox\" ><i class=\"link-icon margin-15px-bottom text-deep-pink icon-megaphone icon-medium\"><\/i><div class=\"feature-content\"><span class=\"text-medium text-extra-dark-gray font-weight-600 display-inline-block margin-5px-bottom alt-font\">Contacto de prensa<\/span><div class=\"opacity7 margin-15px-bottom xs-margin-5px-bottom\">Sophie Malbreil<\/div><div class=\"last-paragraph-no-margin\"><p>Para cualquier consulta de prensa, contacta a <strong>Sophie Malbreil<\/strong>. Se puede enviar im\u00e1genes mediante solicitud por correo electr\u00f3nico. Varios documentos est\u00e1n disponibles para descargar.<\/p>\n<\/div><\/div><\/div><div class=\"vc_empty_space\"   style=\"height: 32px\"><span class=\"vc_empty_space_inner\"><\/span><\/div><a class=\"popup-form-1 btn-medium btn btn-rounded btn-transparent-dark-gray wow fadeInDown popup-with-form pofo-button-1\" href=\"#popup-form-1738777885\" style=\"background-color:#000000;  color:#FFFFFF;  border-color:#000000; \">P\u00f3nte en contacto con nosotros<\/a><div id=\"popup-form-1738777885\" class=\"col-lg-3 col-md-6 col-xs-mobile-fullwidth white-popup-block mfp-hide center-col bg-white border-radius-6 padding-four-half-all md-padding-seven-all\">\n<div class=\"wpcf7 no-js\" id=\"wpcf7-f77114-o1\" lang=\"en-US\" dir=\"ltr\" data-wpcf7-id=\"77114\">\n<div class=\"screen-reader-response\"><p role=\"status\" aria-live=\"polite\" aria-atomic=\"true\"><\/p> <ul><\/ul><\/div>\n<form action=\"\/es\/wp-json\/wp\/v2\/pages\/77102#wpcf7-f77114-o1\" method=\"post\" class=\"wpcf7-form init\" aria-label=\"Formulario de contacto\" novalidate=\"novalidate\" data-status=\"init\" data-trp-original-action=\"\/es\/wp-json\/wp\/v2\/pages\/77102#wpcf7-f77114-o1\">\n<fieldset class=\"hidden-fields-container\"><input type=\"hidden\" name=\"_wpcf7\" value=\"77114\" \/><input type=\"hidden\" name=\"_wpcf7_version\" value=\"6.1.4\" \/><input type=\"hidden\" name=\"_wpcf7_locale\" value=\"en_US\" \/><input type=\"hidden\" name=\"_wpcf7_unit_tag\" value=\"wpcf7-f77114-o1\" \/><input type=\"hidden\" name=\"_wpcf7_container_post\" value=\"0\" \/><input type=\"hidden\" name=\"_wpcf7_posted_data_hash\" value=\"\" \/>\n<\/fieldset>\n<div class=\"wpcf7-turnstile cf-turnstile\" data-sitekey=\"0x4AAAAAACXr_6SvB6zA9353\" data-response-field-name=\"_wpcf7_turnstile_response\"><\/div>\n\n<div class=\"text-extra-dark-gray alt-font text-large font-weight-600 margin-30px-bottom\">\n\t<p>CONTACTO DE PRENSA\n\t<\/p>\n<\/div>\n<div>\n\t<p><span class=\"wpcf7-form-control-wrap\" data-name=\"contact-nom\"><input size=\"40\" maxlength=\"400\" class=\"wpcf7-form-control wpcf7-text wpcf7-validates-as-required input-bg\" aria-required=\"true\" aria-invalid=\"false\" placeholder=\"Nombre\/Apellido*\" value=\"\" type=\"text\" name=\"contact-nom\" \/><\/span><br \/>\n<span class=\"wpcf7-form-control-wrap\" data-name=\"contact-email\"><input size=\"40\" maxlength=\"400\" class=\"wpcf7-form-control wpcf7-email wpcf7-validates-as-required wpcf7-text wpcf7-validates-as-email input-bg\" aria-required=\"true\" aria-invalid=\"false\" placeholder=\"Correo electr\u00f3nico*\" value=\"\" type=\"email\" name=\"contact-email\" \/><\/span><br \/>\n<span class=\"wpcf7-form-control-wrap\" data-name=\"contact-objet\"><input size=\"40\" maxlength=\"400\" class=\"wpcf7-form-control wpcf7-text input-bg\" aria-invalid=\"false\" placeholder=\"Asunto de su mensaje\" value=\"\" type=\"text\" name=\"contact-objet\" \/><\/span><br \/>\n<span class=\"wpcf7-form-control-wrap\" data-name=\"contact-message\"><textarea cols=\"40\" rows=\"3\" maxlength=\"2000\" class=\"wpcf7-form-control wpcf7-textarea input-bg\" aria-invalid=\"false\" placeholder=\"Tu mensaje\" name=\"contact-message\"><\/textarea><\/span><br \/>\n<input class=\"wpcf7-form-control wpcf7-submit has-spinner btn btn-transparent-dark-gray btn-large margin-20px-top\" type=\"submit\" value=\"enviar\" \/>\n\t<\/p>\n<\/div><div class=\"wpcf7-response-output\" aria-hidden=\"true\"><\/div>\n<input type=\"hidden\" name=\"trp-form-language\" value=\"es\"\/><\/form>\n<\/div>\n<\/div><\/div><\/div><\/div><div class=\"wpb_column vc_column_container vc_col-sm-8  col-xs-mobile-fullwidth\"><div class=\"vc_column-inner vc_custom_1742205800614\"><div class=\"wpb_wrapper\"><h5 class=\"text-extra-dark-gray margin-20px-bottom font-weight-600 display-inline-block alt-font heading-style2  vc_custom_1740415926914  heading-1\" >Kits de prensa y recursos<\/h5><div class=\"last-paragraph-no-margin\"><div class=\"text-medium alt-font text-transform-uppercase margin-20px-tb base_color_festival\">Documentos de 2026<\/div><ul class=\"list-style-4\"><li><a href=\"https:\/\/tangopostale.com\/es\/?tp_download=78848\" target=\"_blank\">Affiche Tangopostale 2026<\/a><\/li><\/ul>\n<\/div><div class=\"last-paragraph-no-margin\"><div class=\"text-medium alt-font text-transform-uppercase margin-20px-tb base_color_festival\">Documentos del a\u00f1o 2025<\/div><ul class=\"list-style-4\"><li><a href=\"https:\/\/tangopostale.com\/es\/?tp_download=78255\" target=\"_blank\">Nota de prensa \u2013 Concierto Color Tango en el Auditorio St-PdC.<\/a><\/li><li><a href=\"https:\/\/tangopostale.com\/es\/?tp_download=78252\" target=\"_blank\">Nota de prensa \u2013 Festival Tangopostale 2025<\/a><\/li><li><a href=\"https:\/\/tangopostale.com\/es\/?tp_download=77635\" target=\"_blank\">Cartel de Tangopostale 2025<\/a><\/li><\/ul>\n<\/div><div class=\"last-paragraph-no-margin\"><div class=\"text-medium alt-font text-transform-uppercase margin-20px-tb base_color_festival\">Documentos 2024<\/div><ul class=\"list-style-4\"><li><a href=\"https:\/\/tangopostale.com\/es\/?tp_download=77120\" target=\"_blank\">Cartel de Tangopostale 2024<\/a><\/li><li><a href=\"https:\/\/tangopostale.com\/es\/?tp_download=77118\" target=\"_blank\">Dossier de prensa 2024<\/a><\/li><li><a href=\"https:\/\/tangopostale.com\/es\/?tp_download=77099\" target=\"_blank\">Comunicado de prensa 2024<\/a><\/li><\/ul>\n<\/div><\/div><\/div><\/div><\/section>\n<\/div>","protected":false},"excerpt":{"rendered":"","protected":false},"author":1,"featured_media":0,"parent":0,"menu_order":0,"comment_status":"closed","ping_status":"closed","template":"","meta":{"footnotes":""},"class_list":["post-77102","page","type-page","status-publish","hentry"],"_links":{"self":[{"href":"https:\/\/tangopostale.com\/es\/wp-json\/wp\/v2\/pages\/77102","targetHints":{"allow":["GET"]}}],"collection":[{"href":"https:\/\/tangopostale.com\/es\/wp-json\/wp\/v2\/pages"}],"about":[{"href":"https:\/\/tangopostale.com\/es\/wp-json\/wp\/v2\/types\/page"}],"author":[{"embeddable":true,"href":"https:\/\/tangopostale.com\/es\/wp-json\/wp\/v2\/users\/1"}],"replies":[{"embeddable":true,"href":"https:\/\/tangopostale.com\/es\/wp-json\/wp\/v2\/comments?post=77102"}],"version-history":[{"count":14,"href":"https:\/\/tangopostale.com\/es\/wp-json\/wp\/v2\/pages\/77102\/revisions"}],"predecessor-version":[{"id":78847,"href":"https:\/\/tangopostale.com\/es\/wp-json\/wp\/v2\/pages\/77102\/revisions\/78847"}],"wp:attachment":[{"href":"https:\/\/tangopostale.com\/es\/wp-json\/wp\/v2\/media?parent=77102"}],"curies":[{"name":"gracias","href":"https:\/\/api.w.org\/{rel}","templated":true}]}}