{"id":77066,"date":"2025-02-05T15:02:25","date_gmt":"2025-02-05T14:02:25","guid":{"rendered":"https:\/\/tangopostale.com\/wp\/?page_id=77066"},"modified":"2025-03-18T17:11:35","modified_gmt":"2025-03-18T16:11:35","slug":"hebergements","status":"publish","type":"page","link":"https:\/\/tangopostale.com\/es\/hebergements\/","title":{"rendered":"Alojamiento"},"content":{"rendered":"<div class=\"wpb-content-wrapper\"><section data-vc-full-width=\"true\" data-vc-full-width-init=\"false\" data-vc-stretch-content=\"true\" class=\"vc_row wpb_row vc_row-fluid  vc_custom_1738763845490 vc_row-has-fill pofo-stretch-content\"><div class=\"wpb_column vc_column_container vc_col-sm-2  col-xs-mobile-fullwidth\"><div class=\"vc_column-inner\"><div class=\"wpb_wrapper\"><\/div><\/div><\/div><div class=\"wpb_column vc_column_container vc_col-sm-8  col-xs-mobile-fullwidth text-center\"><div class=\"vc_column-inner\"><div class=\"wpb_wrapper\"><h5 class=\"text-extra-dark-gray margin-20px-bottom font-weight-600 display-inline-block alt-font heading-style2  vc_custom_1738754775060 pofo-button-responsive-69d0e5d631aa9  heading-1\" >Hoteles en el centro de la ciudad<\/h5><div class=\"vc_separator wpb_content_element vc_separator_align_center vc_sep_width_100 vc_sep_pos_align_center vc_separator_no_text\" ><span class=\"vc_sep_holder vc_sep_holder_l\"><span style=\"border-color:#e3005d;\" class=\"vc_sep_line\"><\/span><\/span><span class=\"vc_sep_holder vc_sep_holder_r\"><span style=\"border-color:#e3005d;\" class=\"vc_sep_line\"><\/span><\/span>\n<\/div><\/div><\/div><\/div><div class=\"wpb_column vc_column_container vc_col-sm-2  col-xs-mobile-fullwidth\"><div class=\"vc_column-inner\"><div class=\"wpb_wrapper\"><\/div><\/div><\/div><\/section><div class=\"vc_row-full-width vc_clearfix\"><\/div><section data-vc-full-width=\"true\" data-vc-full-width-init=\"false\" data-vc-stretch-content=\"true\" class=\"vc_row wpb_row vc_row-fluid  vc_custom_1738763022211 vc_row-has-fill pofo-stretch-content vc_row-o-full-height vc_row-o-columns-top vc_row-flex\"><div class=\"wpb_column vc_column_container vc_col-sm-4  col-xs-mobile-fullwidth\"><div class=\"vc_column-inner\"><div class=\"wpb_wrapper\"><div class=\"bg-white featurebox34 pofo-featurebox featurebox34-1\" ><img loading=\"lazy\" decoding=\"async\" src=\"https:\/\/tangopostale.com\/wp-content\/uploads\/2025\/02\/image-facade-1-1-e1624967577487-800x800.jpg\" width=\"800\" height=\"800\"  alt=\"\" srcset=\"https:\/\/tangopostale.com\/wp-content\/uploads\/2025\/02\/image-facade-1-1-e1624967577487-800x800.jpg 800w, https:\/\/tangopostale.com\/wp-content\/uploads\/2025\/02\/image-facade-1-1-e1624967577487-150x150.jpg 150w\" sizes=\"auto, (max-width: 800px) 100vw, 800px\" class=\"icon-image\"\/><div class=\"padding-45px-all sm-padding-15px-all inner-match-height\"><span class=\"text-extra-dark-gray font-weight-600 display-block alt-font margin-10px-bottom\" style=\"font-size: 18px; line-height: 26px; font-weight: 600;\" data-fontsize=\"18px\" data-lineheight=\"26px\">Hotel Le Clocher de Rodez<\/span><div class=\"last-paragraph-no-margin\"><h4 class=\"text-light-gray text-deep-pink alt-font font-weight-300 margin-20px-bottom\">***<\/h4>\n<p><strong>\u00a1Anfitri\u00f3n oficial de nuestros artistas!<\/strong><br \/>\n14-15 place Jeanne d'Arc<br \/>\n31000 Toulouse<br \/>\n05 61 62 42 92<br \/>\n<a href=\"mailto:contact@hotel-clocher-toulouse.com\">contact@hotel-clocher-toulouse.com<\/a><\/p>\n<\/div><a class=\"btn btn-small btn-rounded btn-transparent-dark-gray margin-25px-top\" target=\"_blank\" href=\"https:\/\/www.hotel-clocher-toulouse.com\/\">Sitio<i class=\"ti-arrow-right\"><\/i><\/a><\/div><\/div><\/div><\/div><\/div><div class=\"wpb_column vc_column_container vc_col-sm-8  col-xs-mobile-fullwidth\"><div class=\"vc_column-inner\"><div class=\"wpb_wrapper\"><div class=\"vc_row wpb_row vc_inner vc_row-fluid   vc_row-o-equal-height vc_row-o-content-top vc_row-flex\"><div class=\"wpb_column vc_column_container vc_col-sm-6 vc_col-md-4 col-xs-mobile-fullwidth\"><div class=\"vc_column-inner vc_custom_1741360889841\"><div class=\"wpb_wrapper\"><div class=\"featurebox41 pofo-featurebox  border-radius-10 position-relative overflow-hidden bg-white padding-eighteen-all md-padding-twelve-all featurebox41-1\" ><h4 class=\"text-light-gray text-deep-pink alt-font font-weight-300 margin-20px-bottom\" style=\"\">****<\/h4><div class=\"alt-font text-large text-extra-dark-gray margin-10px-bottom md-margin-5px-bottom font-weight-600 feature-title\">Hotel Crowne Plaza<\/div><div class=\"center-col\"><p>7, place du Capitole<br \/>\n31000 Toulouse<\/p>\n<\/div><a class=\"btn btn-link text-extra-dark-gray text-deep-pink-hover btn-medium\" target=\"_blank\" href=\"https:\/\/crowne-plaza-toulouse-hotel.hotel-ds.com\/fr\/\">Sitio<\/a><\/div><\/div><\/div><\/div><div class=\"wpb_column vc_column_container vc_col-sm-6 vc_col-md-4 col-xs-mobile-fullwidth\"><div class=\"vc_column-inner vc_custom_1741360847209\"><div class=\"wpb_wrapper\"><div class=\"featurebox41 pofo-featurebox  border-radius-10 position-relative overflow-hidden bg-white padding-eighteen-all md-padding-twelve-all featurebox41-2\" ><h4 class=\"text-light-gray text-deep-pink alt-font font-weight-300 margin-20px-bottom\" style=\"\">****<\/h4><div class=\"alt-font text-large text-extra-dark-gray margin-10px-bottom md-margin-5px-bottom font-weight-600 feature-title\">Hotel Palladia<\/div><div class=\"center-col\"><p class=\"translation-block\">271, Avenue de Grande Bretagne<br> 31300 Toulouse<\/p>\n<\/div><a class=\"btn btn-link text-extra-dark-gray text-deep-pink-hover btn-medium\" target=\"_blank\" href=\"http:\/\/www.hotelpalladia.com\/\">Sitio<\/a><\/div><\/div><\/div><\/div><div class=\"wpb_column vc_column_container vc_col-sm-6 vc_col-md-4 col-xs-mobile-fullwidth\"><div class=\"vc_column-inner vc_custom_1741360877476\"><div class=\"wpb_wrapper\"><div class=\"featurebox41 pofo-featurebox  border-radius-10 position-relative overflow-hidden bg-white padding-eighteen-all md-padding-twelve-all featurebox41-3\" ><h4 class=\"text-light-gray text-deep-pink alt-font font-weight-300 margin-20px-bottom\" style=\"\">***<\/h4><div class=\"alt-font text-large text-extra-dark-gray margin-10px-bottom md-margin-5px-bottom font-weight-600 feature-title\">Adagio Access Saint-Cyprien<\/div><div class=\"center-col\"><p>37 ter, avenue Etienne Billi\u00e8res<br \/>\n31300 Toulouse<\/p>\n<div class=\"text-small\">Apartahoteles situados a dos pasos de la estaci\u00f3n de metro Saint-Cyprien (l\u00ednea A).<\/div>\n<\/div><a class=\"btn btn-link text-extra-dark-gray text-deep-pink-hover btn-medium\" target=\"_blank\" href=\"https:\/\/www.adagio-city.com\/fr\/hotel-8399-aparthotel-adagio-access-toulouse-saint-cyprien\/index.shtml\">Sitio<\/a><\/div><\/div><\/div><\/div><div class=\"wpb_column vc_column_container vc_col-sm-6 vc_col-md-4 col-xs-mobile-fullwidth\"><div class=\"vc_column-inner vc_custom_1738764020146\"><div class=\"wpb_wrapper\"><div class=\"featurebox41 pofo-featurebox  border-radius-10 position-relative overflow-hidden bg-white padding-eighteen-all md-padding-twelve-all featurebox41-4\" ><h4 class=\"text-light-gray text-deep-pink alt-font font-weight-300 margin-20px-bottom\" style=\"\">****<\/h4><div class=\"alt-font text-large text-extra-dark-gray margin-10px-bottom md-margin-5px-bottom font-weight-600 feature-title\">Adagio Access Toulouse Jolimont<\/div><div class=\"center-col\"><p>11, avenue L\u00e9on Blum<br \/>\n31500 Toulouse<\/p>\n<\/div><a class=\"btn btn-link text-extra-dark-gray text-deep-pink-hover btn-medium\" target=\"_blank\" href=\"https:\/\/www.adagio-city.com\/fr\/hotel-8388-aparthotel-adagio-access-toulouse-jolimont\/index.shtml\">Sitio<\/a><\/div><\/div><\/div><\/div><div class=\"wpb_column vc_column_container vc_col-sm-6 vc_col-md-4 col-xs-mobile-fullwidth\"><div class=\"vc_column-inner vc_custom_1738764013524\"><div class=\"wpb_wrapper\"><div class=\"featurebox41 pofo-featurebox  border-radius-10 position-relative overflow-hidden bg-white padding-eighteen-all md-padding-twelve-all featurebox41-5\" ><h4 class=\"text-light-gray text-deep-pink alt-font font-weight-300 margin-20px-bottom\" style=\"\">****<\/h4><div class=\"alt-font text-large text-extra-dark-gray margin-10px-bottom md-margin-5px-bottom font-weight-600 feature-title\">Citadines Wilson Toulouse<\/div><div class=\"center-col\"><p>8, boulevard de Strasbourg<br \/>\n31000 Toulouse<\/p>\n<div class=\"text-small\">Apartahoteles situados a dos pasos de la estaci\u00f3n de metro Jean-Jaur\u00e8s (l\u00edneas A y B).<\/div>\n<\/div><\/div><\/div><\/div><\/div><div class=\"wpb_column vc_column_container vc_col-sm-6 vc_col-md-4 col-xs-mobile-fullwidth\"><div class=\"vc_column-inner vc_custom_1738763986346\"><div class=\"wpb_wrapper\"><div class=\"featurebox41 pofo-featurebox  vc_custom_1738763227536  border-radius-10 position-relative overflow-hidden bg-white padding-eighteen-all md-padding-twelve-all featurebox41-6\" ><h4 class=\"text-light-gray text-deep-pink alt-font font-weight-300 margin-20px-bottom\" style=\"\">****<\/h4><div class=\"alt-font text-large text-extra-dark-gray margin-10px-bottom md-margin-5px-bottom font-weight-600 feature-title\">IBIS Styles Toulouse Canal du Midi<\/div><div class=\"center-col\"><p>5, boulevard de la gare, 31500 Toulouse<\/p>\n<div class=\"text-small\">El hotel IBIS Styles Canal du Midi est\u00e1 situado en el centro de la ciudad de Toulouse, a pocos metros del metro Fran\u00e7ois Verdier (l\u00ednea B). La estaci\u00f3n de tren de Toulouse Matabiau se encuentra a 10 min del hotel.<\/div>\n<\/div><a class=\"btn btn-link text-extra-dark-gray text-deep-pink-hover btn-medium\" target=\"_blank\" href=\"https:\/\/all.accor.com\/hotel\/B3A1\/index.fr.shtml\">Sitio<\/a><\/div><\/div><\/div><\/div><\/div><\/div><\/div><\/div><\/section><div class=\"vc_row-full-width vc_clearfix\"><\/div><section class=\"vc_row wpb_row vc_row-fluid\"><div class=\"wpb_column vc_column_container vc_col-sm-4  col-xs-mobile-fullwidth\"><div class=\"vc_column-inner\"><div class=\"wpb_wrapper\"><div class=\"featurebox3 pofo-featurebox feature-box featurebox3-1\" ><div class=\"content\"><div class=\"text-medium alt-font text-capitalize text-extra-dark-gray margin-10px-bottom sm-margin-5px-bottom\" style=\"font-size: 18px;\" data-fontsize=\"18px\">ALBERGUE JUVENIL<\/div><div class=\"width-85 margin-lr-auto sm-width-100 last-paragraph-no-margin\"><p><strong>La peque\u00f1a posada de Saint-Sernin<\/strong><br \/>\nEn un entorno acogedor y c\u00e1lido en el coraz\u00f3n de Toulouse.<br \/>\n<em>17, rue d\u2019Embarthe,<\/em><br \/>\n<em>31000 Toulouse<\/em><\/p>\n<p><a href=\"https:\/\/lapetiteaubergedesaintsernin.com\/\"><strong>\u279c Descubrir<\/strong><\/a><\/p>\n<\/div><\/div><\/div><\/div><\/div><\/div><div class=\"wpb_column vc_column_container vc_col-sm-4  col-xs-mobile-fullwidth\"><div class=\"vc_column-inner\"><div class=\"wpb_wrapper\"><div class=\"featurebox3 pofo-featurebox feature-box featurebox3-2\" ><div class=\"content\"><div class=\"text-medium alt-font text-capitalize text-extra-dark-gray margin-10px-bottom sm-margin-5px-bottom\" style=\"font-size: 18px;\" data-fontsize=\"18px\">ALOJAMIENTO CON UN RESIDENTE<\/div><div class=\"width-85 margin-lr-auto sm-width-100 last-paragraph-no-margin\"><p>Los sitios <a href=\"http:\/\/www.airbnb.fr\/\" target=\"_blank\" rel=\"noopener\">Airbnb<\/a> Y <a href=\"https:\/\/www.abritel.fr\/\" target=\"_blank\" rel=\"noopener\">Abritel<\/a> ofrecen muchas posibilidades en Toulouse (alojamiento completo, alojamiento compartido, habitaciones, etc.).<\/p>\n<p>\u00a1Recuerda tambi\u00e9n registrarte en el grupo Facebook \"Groupe festivaliers Tangopostale\" para publicar una oferta o buscar alojamiento entre tanguer@s!<\/p>\n<p><strong><a href=\"https:\/\/www.facebook.com\/groups\/108681902880\">\u279c Acceder al grupo Facebook<\/a><\/strong><\/p>\n<\/div><\/div><\/div><\/div><\/div><\/div><div class=\"wpb_column vc_column_container vc_col-sm-4  col-xs-mobile-fullwidth\"><div class=\"vc_column-inner\"><div class=\"wpb_wrapper\"><div class=\"featurebox3 pofo-featurebox feature-box featurebox3-3\" ><div class=\"content\"><div class=\"text-medium alt-font text-capitalize text-extra-dark-gray margin-10px-bottom sm-margin-5px-bottom\" style=\"font-size: 18px;\" data-fontsize=\"18px\">CAMPING, AUTOCARAVANAS\/CAMIONES Y CARAVANAS<\/div><div class=\"width-85 margin-lr-auto sm-width-100 last-paragraph-no-margin\"><p>Encuentre la lista de campings en la p\u00e1gina web de la oficina de turismo de Toulouse.<\/p>\n<p><a href=\"https:\/\/www.toulouse-tourisme.com\/preparer-son-sejour\/se-loger\/campings\/\"><strong>\u279c Consultar el listado<\/strong><\/a><\/p>\n<\/div><\/div><\/div><\/div><\/div><\/div><\/section>\n<\/div>","protected":false},"excerpt":{"rendered":"Hoteles en el centro de la ciudad Hotel Clocher De Rodez*** \u00a1Anfitri\u00f3n oficial de nuestros artistas! 14-15 place Jeanne d&#039;Arc, 31000 Toulouse 05 61 62 42 92 contact@hotel-clocher-toulouse.com Sitio****Hotel Crowne Plaza7, place du Capitole, 31000 Toulouse Sitio****Hotel Palladia271, Avenue de Grande Bretagne, 31300 Toulouse Sitio***Adagio Access Saint-Cyprien37 ter, Avenue Etienne Billi\u00e8res, 31300 Toulouse Apartahoteles situados a 2 pasos de la estaci\u00f3n de metro Saint-Cyprien (l\u00ednea A). Sitio ****Adagio Access Toulouse Jolimont 11, avenue L\u00e9on Blum, 31500 Toulouse Sitio ****Citadines Wilson Toulouse 8, boulevard de Strasbourg, 31000 Toulouse Apartahoteles ubicados a tiro de piedra de la estaci\u00f3n de metro Jean-Jaur\u00e8s (l\u00edneas A y B). ****IBIS Styles Toulouse Canal du Midi 5, boulevard de la gare, 31500 Toulouse El hotel IBIS Styles Canal du Midi est\u00e1 ubicado en el centro de Toulouse, a pocos metros de la estaci\u00f3n de metro Fran\u00e7ois Verdier (l\u00ednea B), justo detr\u00e1s de la Halle aux Grains. La estaci\u00f3n de tren Toulouse Matabiau est\u00e1 a 10 minutos del hotel. Sitio ALBERGUE JUVENIL El peque\u00f1o albergue de Saint-Sernin En un ambiente acogedor y acogedor en el coraz\u00f3n de Toulouse. 17, rue d&#039;Embarthe, 31000 Toulouse \u279c Descubre ALOJAMIENTO CON UN RESIDENTE LOCAL. Airbnb y Abritel ofrecen muchas opciones en Toulouse (casas completas, alojamientos compartidos, habitaciones, etc.). Tambi\u00e9n puedes suscribirte al grupo de Facebook del Festival Tangopostale para publicar una oferta o...","protected":false},"author":1,"featured_media":0,"parent":0,"menu_order":0,"comment_status":"closed","ping_status":"closed","template":"","meta":{"footnotes":""},"class_list":["post-77066","page","type-page","status-publish","hentry"],"_links":{"self":[{"href":"https:\/\/tangopostale.com\/es\/wp-json\/wp\/v2\/pages\/77066","targetHints":{"allow":["GET"]}}],"collection":[{"href":"https:\/\/tangopostale.com\/es\/wp-json\/wp\/v2\/pages"}],"about":[{"href":"https:\/\/tangopostale.com\/es\/wp-json\/wp\/v2\/types\/page"}],"author":[{"embeddable":true,"href":"https:\/\/tangopostale.com\/es\/wp-json\/wp\/v2\/users\/1"}],"replies":[{"embeddable":true,"href":"https:\/\/tangopostale.com\/es\/wp-json\/wp\/v2\/comments?post=77066"}],"version-history":[{"count":37,"href":"https:\/\/tangopostale.com\/es\/wp-json\/wp\/v2\/pages\/77066\/revisions"}],"predecessor-version":[{"id":78107,"href":"https:\/\/tangopostale.com\/es\/wp-json\/wp\/v2\/pages\/77066\/revisions\/78107"}],"wp:attachment":[{"href":"https:\/\/tangopostale.com\/es\/wp-json\/wp\/v2\/media?parent=77066"}],"curies":[{"name":"gracias","href":"https:\/\/api.w.org\/{rel}","templated":true}]}}