{"id":77012,"date":"2025-02-05T12:04:42","date_gmt":"2025-02-05T11:04:42","guid":{"rendered":"https:\/\/tangopostale.com\/wp\/?page_id=77012"},"modified":"2026-03-04T15:27:38","modified_gmt":"2026-03-04T14:27:38","slug":"transports","status":"publish","type":"page","link":"https:\/\/tangopostale.com\/es\/transports\/","title":{"rendered":"Transportes"},"content":{"rendered":"<div class=\"wpb-content-wrapper\"><section data-vc-full-width=\"true\" data-vc-full-width-init=\"false\" class=\"vc_row wpb_row vc_row-fluid   pofo-stretch-content pofo-stretch-row-container\"><div class=\"wpb_column vc_column_container vc_col-sm-12  col-xs-mobile-fullwidth\"><div class=\"vc_column-inner\"><div class=\"wpb_wrapper\"><div class=\"tab-style1\"><div class=\"row\"><div class=\"col-md-12 col-sm-12\"><ul class=\"nav nav-tabs margin-50px-bottom xs-no-margin-bottom text-center\"><li  class=\"active\"><a href=\"#pofotabitem-11504512429-1-7-01\" data-toggle=\"tab\" class=\"text-small\"><span><i class=\"fa-solid fa-truck-plane icon-medium text-medium-gray margin-10px-bottom display-block\"><\/i><\/span><span class=\"alt-font text-medium-gray text-uppercase\">VENIR A TOULOUSE<\/span><\/a><\/li><li ><a href=\"#pofotabitem-11504512429-2-24-11\" data-toggle=\"tab\" class=\"text-small\"><span><i class=\"fa-solid fa-map-location icon-medium text-medium-gray margin-10px-bottom display-block\"><\/i><\/span><span class=\"alt-font text-medium-gray text-uppercase\">C\u00d3MO MOVERSE POR TOULOUSE<\/span><\/a><\/li><li ><a href=\"#pofotabitem-11504513847393-2-7-21\" data-toggle=\"tab\" class=\"text-small\"><span><i class=\"fa-solid fa-bus-simple icon-medium text-medium-gray margin-10px-bottom display-block\"><\/i><\/span><span class=\"alt-font text-medium-gray text-uppercase\">IR A LA NOUVELLE MAISON DU TANGO<\/span><\/a><\/li><li ><a href=\"#pofotabitem-11504513866167-3-9-31\" data-toggle=\"tab\" class=\"text-small\"><span><i class=\"fa-solid fa-car-side icon-medium text-medium-gray margin-10px-bottom display-block\"><\/i><\/span><span class=\"alt-font text-medium-gray text-uppercase\">IR AL MAS TOLOSA<\/span><\/a><\/li><\/ul><\/div><\/div><div class=\"tab-content\"><div class=\"tab-pane fade in active\" id=\"pofotabitem-11504512429-1-7-01\"><div class=\"vc_row wpb_row vc_inner vc_row-fluid  vc_custom_1738750673375 vc_column-gap-30 vc_row-o-equal-height vc_row-o-content-top vc_row-flex pofo-inner-row-responsive-69d0e5a688398\"><div class=\"wpb_column vc_column_container vc_col-has-fill vc_col-sm-12 vc_col-md-4 vc_col-xs-12\"><div class=\"vc_column-inner fix-background vc_custom_1738750214121\"><div class=\"wpb_wrapper\">\n\t<div  class=\"wpb_single_image wpb_content_element vc_align_center\">\n\t\t\n\t\t<figure class=\"wpb_wrapper vc_figure\">\n\t\t\t<div class=\"vc_single_image-wrapper   vc_box_border_grey\"><img loading=\"lazy\" decoding=\"async\" width=\"960\" height=\"641\" src=\"https:\/\/tangopostale.com\/wp-content\/uploads\/2025\/02\/Tangopostale-Milonga-Noche-04072017-19-site.jpg\" class=\"vc_single_image-img attachment-full\" alt=\"\" title=\"Tangopostale - Milonga Noche - 04072017 - 19 - sitio\" srcset=\"https:\/\/tangopostale.com\/wp-content\/uploads\/2025\/02\/Tangopostale-Milonga-Noche-04072017-19-site.jpg 960w, https:\/\/tangopostale.com\/wp-content\/uploads\/2025\/02\/Tangopostale-Milonga-Noche-04072017-19-site-300x200.jpg 300w, https:\/\/tangopostale.com\/wp-content\/uploads\/2025\/02\/Tangopostale-Milonga-Noche-04072017-19-site-768x513.jpg 768w, https:\/\/tangopostale.com\/wp-content\/uploads\/2025\/02\/Tangopostale-Milonga-Noche-04072017-19-site-18x12.jpg 18w, https:\/\/tangopostale.com\/wp-content\/uploads\/2025\/02\/Tangopostale-Milonga-Noche-04072017-19-site-120x80.jpg 120w, https:\/\/tangopostale.com\/wp-content\/uploads\/2025\/02\/Tangopostale-Milonga-Noche-04072017-19-site-81x54.jpg 81w\" sizes=\"auto, (max-width: 960px) 100vw, 960px\" \/><\/div>\n\t\t<\/figure>\n\t<\/div>\n<\/div><\/div><\/div><div class=\"wpb_column vc_column_container vc_col-has-fill vc_col-sm-12 vc_col-md-8 vc_col-xs-12 pofo-column-responsive-69d0e5a68926e\"><div class=\"vc_column-inner vc_custom_1738748456594\"><div class=\"wpb_wrapper\"><div class=\"vc_custom_1738750168500 last-paragraph-no-margin\"><ul class=\"no-padding list-style-4\">\n<li>En tren: <a href=\"https:\/\/www.sncf.com\/fr\" target=\"_blank\" rel=\"noopener noreferrer\">SNCF<\/a>\u00a0\/\u00a0<a href=\"https:\/\/www.thetrainline.com\/fr\/\" target=\"_blank\" rel=\"noopener noreferrer\">TRAINLINE<\/a>\u00a0[Estaci\u00f3n Toulouse Matabiau \u2013 acceso en metro EN la parada \u201cMarengo SNCF\u201d (l\u00ednea A)]<\/li>\n<li>En avi\u00f3n, llegada al<a href=\"http:\/\/www.toulouse.aeroport.fr\/passagers\/vols-destinations\/reserver\" target=\"_blank\" rel=\"noopener noreferrer\">Aeropuerto de Toulouse-Blagnac<\/a>\u00a0(conexi\u00f3n con el centro de la ciudad mediante\u00a0<a href=\"http:\/\/www.toulouse.aeroport.fr\/passagers\/acces-parking\/transports\/transports-en-commun\" target=\"_blank\" rel=\"noopener noreferrer\">la lanzadera aeropuerto<\/a> (9\u20ac) o con los autobuses 30 o 31 y luego el tranv\u00eda T1 (1,80\u20ac)<\/li>\n<li>En autob\u00fas (red <a href=\"https:\/\/www.flixbus.fr\/bus\/toulouse\" target=\"_blank\" rel=\"noopener noreferrer\">Flixbus<\/a> de Par\u00eds, Burdeos, Montpellier\u2026)<\/li>\n<li>Mediante el uso compartido de veh\u00edculo: <a title=\"bla bla bla porque\" href=\"https:\/\/www.covoiturage.fr\/\" target=\"_blank\" rel=\"noopener noreferrer\">Blablacar<\/a><\/li>\n<\/ul>\n<\/div><\/div><\/div><\/div><\/div><\/div><div class=\"tab-pane fade\" id=\"pofotabitem-11504512429-2-24-11\"><div class=\"vc_row wpb_row vc_inner vc_row-fluid   vc_column-gap-30 vc_row-o-equal-height vc_row-o-content-top vc_row-flex pofo-inner-row-responsive-69d0e5a68937c\"><div class=\"wpb_column vc_column_container vc_col-sm-12 vc_col-md-4 vc_col-xs-12\"><div class=\"vc_column-inner vc_custom_1507548225763\"><div class=\"wpb_wrapper\">\n\t<div  class=\"wpb_single_image wpb_content_element vc_align_center\">\n\t\t\n\t\t<figure class=\"wpb_wrapper vc_figure\">\n\t\t\t<div class=\"vc_single_image-wrapper   vc_box_border_grey\"><img loading=\"lazy\" decoding=\"async\" width=\"843\" height=\"562\" src=\"https:\/\/tangopostale.com\/wp-content\/uploads\/2025\/02\/BTP-CC-Compans.jpg\" class=\"vc_single_image-img attachment-full\" alt=\"\" title=\"Compa\u00f1\u00edas BTP CC\" srcset=\"https:\/\/tangopostale.com\/wp-content\/uploads\/2025\/02\/BTP-CC-Compans.jpg 843w, https:\/\/tangopostale.com\/wp-content\/uploads\/2025\/02\/BTP-CC-Compans-300x200.jpg 300w, https:\/\/tangopostale.com\/wp-content\/uploads\/2025\/02\/BTP-CC-Compans-768x512.jpg 768w, https:\/\/tangopostale.com\/wp-content\/uploads\/2025\/02\/BTP-CC-Compans-18x12.jpg 18w, https:\/\/tangopostale.com\/wp-content\/uploads\/2025\/02\/BTP-CC-Compans-120x80.jpg 120w, https:\/\/tangopostale.com\/wp-content\/uploads\/2025\/02\/BTP-CC-Compans-81x54.jpg 81w\" sizes=\"auto, (max-width: 843px) 100vw, 843px\" \/><\/div>\n\t\t<\/figure>\n\t<\/div>\n<\/div><\/div><\/div><div class=\"wpb_column vc_column_container vc_col-has-fill vc_col-sm-12 vc_col-md-4 vc_col-xs-12 pofo-column-responsive-69d0e5a6899b6\"><div class=\"vc_column-inner vc_custom_1738750600595\"><div class=\"wpb_wrapper\"><span class=\"text-extra-dark-gray margin-20px-bottom font-weight-600 display-inline-block alt-font text-uppercase heading-style2  vc_custom_1746611723121  heading-1\"  style=\"font-size: 16px; line-height: 23px;\" data-fontsize=\"16px\" data-lineheight=\"23px\">Transporte p\u00fablico<\/span><div class=\"vc_custom_1746611739558 last-paragraph-no-margin\"><p>Piensa en el transporte p\u00fablico <a href=\"https:\/\/www.tisseo.fr\/\"><strong>Tiss\u00e9o<\/strong><\/a> para moverse durante el festival (metro, autob\u00fas, tranv\u00eda, telef\u00e9rico).<\/p>\n<\/div><div class=\"last-paragraph-no-margin\"><ul class=\"no-padding list-style-4\">\n<li><a class=\"\" href=\"http:\/\/www.tisseo.fr\/calculateur\" target=\"_blank\" rel=\"noopener noreferrer\">Calcula tu ruta<\/a> \u2013 <a href=\"https:\/\/www.tisseo.fr\/se-deplacer\/horaires\" target=\"_blank\" rel=\"noopener noreferrer\">Horarios<\/a><\/li>\n<li>En el centro de la ciudad, considera el servicio de transporte gratuito Tiss\u00e9o para moverte durante el d\u00eda mientras descansas los pies.<br \/>\nDe lunes a s\u00e1bado, de 9:15 a 19 horas, cada 15 minutos m\u00e1ximo (para cuando se lo pida, con una simple se\u00f1al de la mano)<br \/>\n<a href=\"https:\/\/www.tisseo.fr\/sites\/default\/files\/fh\/Tisseo_navette_centreville_web.pdf\" target=\"_blank\" rel=\"noopener noreferrer\">Ver el recorrido del autob\u00fas lanzadera Tiss\u00e9o por el centro de la ciudad<\/a><\/li>\n<\/ul>\n<\/div>\n\t<div  class=\"wpb_single_image wpb_content_element vc_align_center\">\n\t\t\n\t\t<figure class=\"wpb_wrapper vc_figure\">\n\t\t\t<a href=\"https:\/\/www.tisseo.fr\/\" target=\"_blank\" class=\"vc_single_image-wrapper   vc_box_border_grey\"><img decoding=\"async\" src=\"https:\/\/tangopostale.com\/wp-content\/uploads\/2025\/02\/logo_tisseo.svg\" class=\"vc_single_image-img attachment-full\" alt=\"\" title=\"logotipo_tisseo\" \/><\/a>\n\t\t<\/figure>\n\t<\/div>\n<\/div><\/div><\/div><div class=\"wpb_column vc_column_container vc_col-has-fill vc_col-sm-12 vc_col-md-4 vc_col-xs-12 pofo-column-responsive-69d0e5a689fd7\"><div class=\"vc_column-inner vc_custom_1738750876037\"><div class=\"wpb_wrapper\"><span class=\"text-extra-dark-gray margin-20px-bottom font-weight-600 display-inline-block alt-font text-uppercase heading-style2  vc_custom_1738750808838  heading-2\"  style=\"font-size: 16px; line-height: 23px;\" data-fontsize=\"16px\" data-lineheight=\"23px\">V\u00e9l\u00f4Toulouse (bicicletas de autoservicio)<\/span><div class=\"last-paragraph-no-margin\"><p><a href=\"http:\/\/www.velo.toulouse.fr\/Les-stations\" target=\"_blank\" rel=\"noopener noreferrer\">Las estaciones<\/a><\/p>\n<\/div><div class=\"separator-line-horrizontal-full bg-extra-light-gray pull-left pofo-separator  vc_custom_1739898080567\"><\/div><span class=\"text-extra-dark-gray margin-20px-bottom font-weight-600 display-inline-block alt-font text-uppercase heading-style2  vc_custom_1738750826266  heading-3\"  style=\"font-size: 16px; line-height: 23px;\" data-fontsize=\"16px\" data-lineheight=\"23px\">Citiz (red de coches compartidos en Toulouse)<\/span><div class=\"last-paragraph-no-margin\"><p><a href=\"http:\/\/toulouse.citiz.coop\/\" target=\"_blank\" rel=\"noopener noreferrer\">Las estaciones<\/a><\/p>\n<\/div><\/div><\/div><\/div><\/div><\/div><div class=\"tab-pane fade\" id=\"pofotabitem-11504513847393-2-7-21\"><div class=\"vc_row wpb_row vc_inner vc_row-fluid   vc_column-gap-30 vc_row-o-equal-height vc_row-o-content-top vc_row-flex pofo-inner-row-responsive-69d0e5a68a135\"><div class=\"wpb_column vc_column_container vc_col-sm-12 vc_col-md-4 vc_col-xs-12\"><div class=\"vc_column-inner vc_custom_1507548401241\"><div class=\"wpb_wrapper\">\n\t<div  class=\"wpb_single_image wpb_content_element vc_align_center\">\n\t\t\n\t\t<figure class=\"wpb_wrapper vc_figure\">\n\t\t\t<div class=\"vc_single_image-wrapper   vc_box_border_grey\"><img loading=\"lazy\" decoding=\"async\" width=\"2048\" height=\"1536\" src=\"https:\/\/tangopostale.com\/wp-content\/uploads\/2025\/02\/TGDO.jpeg\" class=\"vc_single_image-img attachment-full\" alt=\"\" title=\"TGDO\" srcset=\"https:\/\/tangopostale.com\/wp-content\/uploads\/2025\/02\/TGDO.jpeg 2048w, https:\/\/tangopostale.com\/wp-content\/uploads\/2025\/02\/TGDO-300x225.jpeg 300w, https:\/\/tangopostale.com\/wp-content\/uploads\/2025\/02\/TGDO-1024x768.jpeg 1024w, https:\/\/tangopostale.com\/wp-content\/uploads\/2025\/02\/TGDO-768x576.jpeg 768w, https:\/\/tangopostale.com\/wp-content\/uploads\/2025\/02\/TGDO-1536x1152.jpeg 1536w, https:\/\/tangopostale.com\/wp-content\/uploads\/2025\/02\/TGDO-16x12.jpeg 16w, https:\/\/tangopostale.com\/wp-content\/uploads\/2025\/02\/TGDO-1028x771.jpeg 1028w, https:\/\/tangopostale.com\/wp-content\/uploads\/2025\/02\/TGDO-120x90.jpeg 120w, https:\/\/tangopostale.com\/wp-content\/uploads\/2025\/02\/TGDO-81x61.jpeg 81w\" sizes=\"auto, (max-width: 2048px) 100vw, 2048px\" \/><\/div>\n\t\t<\/figure>\n\t<\/div>\n<\/div><\/div><\/div><div class=\"wpb_column vc_column_container vc_col-has-fill vc_col-sm-12 vc_col-md-4 vc_col-xs-12 pofo-column-responsive-69d0e5a68a76e\"><div class=\"vc_column-inner vc_custom_1738751271531\"><div class=\"wpb_wrapper\"><div class=\"last-paragraph-no-margin\"><ul class=\"list-style-4\">\n<li><strong>Transporte p\u00fablico:<\/strong> (solo para ida)<br \/>\n<a href=\"https:\/\/www.tisseo.fr\/sites\/default\/files\/fh\/Tisseo_ligne_L5web.pdf\">L5<\/a>\u00a0(hasta la 1 de la ma\u00f1ana), l\u00ednea\u00a0<a href=\"https:\/\/www.tisseo.fr\/sites\/default\/files\/fh\/Tisseo_ligne_13web.pdf\">13<\/a>\u00a0(desde St-Cyprien, hasta las 21h aproximadamente) y l\u00ednea\u00a0<a href=\"https:\/\/www.tisseo.fr\/sites\/default\/files\/fh\/Tisseo_ligne_25web.pdf\">25<\/a> (solo de lunes a viernes, hasta las 21h aproximadamente), parada Oncopole<\/li>\n<li><strong>En coche:<\/strong> \u00a1Aparcamiento f\u00e1cil y gratuito en todas las calles de los alrededores!<\/li>\n<li><strong>En telef\u00e9rico:<\/strong> (solo para el trayecto de ida) hasta las 00:30 desde la estaci\u00f3n de metro Universit\u00e9 Paul-Sabatier (l\u00ednea B), direcci\u00f3n Oncopole \u2013 Lise Enjalbert<\/li>\n<\/ul>\n<\/div><\/div><\/div><\/div><div class=\"wpb_column vc_column_container vc_col-has-fill vc_col-sm-12 vc_col-md-4 vc_col-xs-12 pofo-column-responsive-69d0e5a68a7ec\"><div class=\"vc_column-inner vc_custom_1738752626172\"><div class=\"wpb_wrapper\"><span class=\"text-extra-dark-gray margin-20px-bottom font-weight-600 display-inline-block alt-font text-uppercase heading-style2  vc_custom_1738752552678  heading-4\"  style=\"font-size: 16px; line-height: 23px;\" data-fontsize=\"16px\" data-lineheight=\"23px\">Compartir coche<\/span><div class=\"last-paragraph-no-margin\"><p>\u00danete a la <a href=\"https:\/\/tangueando.fr\/le-groupe-de-covoiturage-de-tangueando\/\" target=\"_blank\" rel=\"noopener noreferrer\">Grupo de WhatsApp<\/a> para encontrar veh\u00edculos compartidos.\u00a0<a href=\"https:\/\/chat.whatsapp.com\/EW1ZeaSx0vTBJgK1mM3UED\">Haz clic <strong>AQU\u00cd<\/strong><\/a> o usa este QR code para acceder al grupo:<\/p>\n<p><img loading=\"lazy\" decoding=\"async\" class=\"aligncenter\" src=\"https:\/\/tangopostale.com\/wp-content\/uploads\/2025\/03\/qr-code-whatsapp-covoit-tangueando.jpeg\" alt=\"QR code covoiturage\" width=\"132\" height=\"131\" \/><\/p>\n<\/div><\/div><\/div><\/div><\/div><\/div><div class=\"tab-pane fade\" id=\"pofotabitem-11504513866167-3-9-31\"><div class=\"vc_row wpb_row vc_inner vc_row-fluid   vc_column-gap-30 vc_row-o-equal-height vc_row-o-content-top vc_row-flex pofo-inner-row-responsive-69d0e5a68a8ac\"><div class=\"wpb_column vc_column_container vc_col-sm-12 vc_col-md-4 vc_col-xs-12\"><div class=\"vc_column-inner vc_custom_1507548529496\"><div class=\"wpb_wrapper\">\n\t<div  class=\"wpb_single_image wpb_content_element vc_align_center\">\n\t\t\n\t\t<figure class=\"wpb_wrapper vc_figure\">\n\t\t\t<div class=\"vc_single_image-wrapper   vc_box_border_grey\"><img loading=\"lazy\" decoding=\"async\" width=\"960\" height=\"641\" src=\"https:\/\/tangopostale.com\/wp-content\/uploads\/2025\/02\/Reportage_-_Tangopostale_-_01-Manu-site.jpg\" class=\"vc_single_image-img attachment-full\" alt=\"\" title=\"Reportaje_-_Tangopostale_-_01-Manu - sitio\" srcset=\"https:\/\/tangopostale.com\/wp-content\/uploads\/2025\/02\/Reportage_-_Tangopostale_-_01-Manu-site.jpg 960w, https:\/\/tangopostale.com\/wp-content\/uploads\/2025\/02\/Reportage_-_Tangopostale_-_01-Manu-site-300x200.jpg 300w, https:\/\/tangopostale.com\/wp-content\/uploads\/2025\/02\/Reportage_-_Tangopostale_-_01-Manu-site-768x513.jpg 768w, https:\/\/tangopostale.com\/wp-content\/uploads\/2025\/02\/Reportage_-_Tangopostale_-_01-Manu-site-18x12.jpg 18w, https:\/\/tangopostale.com\/wp-content\/uploads\/2025\/02\/Reportage_-_Tangopostale_-_01-Manu-site-120x80.jpg 120w, https:\/\/tangopostale.com\/wp-content\/uploads\/2025\/02\/Reportage_-_Tangopostale_-_01-Manu-site-81x54.jpg 81w\" sizes=\"auto, (max-width: 960px) 100vw, 960px\" \/><\/div>\n\t\t<\/figure>\n\t<\/div>\n<\/div><\/div><\/div><div class=\"wpb_column vc_column_container vc_col-has-fill vc_col-sm-12 vc_col-md-4 vc_col-xs-12 pofo-column-responsive-69d0e5a68ae42\"><div class=\"vc_column-inner vc_custom_1738752754667\"><div class=\"wpb_wrapper\"><span class=\"text-extra-dark-gray margin-20px-bottom font-weight-600 display-inline-block alt-font text-uppercase heading-style2  vc_custom_1738752801818  heading-5\"  style=\"font-size: 16px; line-height: 23px;\" data-fontsize=\"16px\" data-lineheight=\"23px\">Lanzaderas<\/span><div class=\"last-paragraph-no-margin\"><p>Ponemos en marcha autobuses lanzadera gratuitos de Tangopostale para llegar a la estaci\u00f3n de metro Patte d&#039;Oie (l\u00ednea B) y Mas Tolosa los d\u00edas 11 y 12 de julio.<\/p>\n<p>\u00a1Pronto habr\u00e1 m\u00e1s informaci\u00f3n!<\/p>\n<\/div><\/div><\/div><\/div><div class=\"wpb_column vc_column_container vc_col-has-fill vc_col-sm-12 vc_col-md-4 vc_col-xs-12 pofo-column-responsive-69d0e5a68aeb3\"><div class=\"vc_column-inner vc_custom_1738752767761\"><div class=\"wpb_wrapper\"><span class=\"text-extra-dark-gray margin-20px-bottom font-weight-600 display-inline-block alt-font text-uppercase heading-style2  vc_custom_1738753316993  heading-6\"  style=\"font-size: 16px; line-height: 23px;\" data-fontsize=\"16px\" data-lineheight=\"23px\">Compartir coche<\/span><div class=\"last-paragraph-no-margin\"><p>Comparte coche para que a todos los participantes del festival les resulte m\u00e1s f\u00e1cil llegar al Mas Tolosa!<\/p>\n<\/div><\/div><\/div><\/div><\/div><\/div><\/div><\/div><\/div><\/div><\/div><\/section><div class=\"vc_row-full-width vc_clearfix\"><\/div>\n<\/div>","protected":false},"excerpt":{"rendered":"Espa\u00f1ol C\u00d3MO LLEGAR A TOULOUSE C\u00d3MO DESPLAZARSE POR TOULOUSE C\u00d3MO LLEGAR A LA MAISON DU TANGOSE C\u00d3MO LLEGAR A MAS TOLOSA En tren: SNCF \/ trainline [Estaci\u00f3n Toulouse Matabiau - acceso en metro hasta la parada &quot;Marengo SNCF&quot; (l\u00ednea A)] En avi\u00f3n, llegada al aeropuerto de Toulouse-Blagnac (conexi\u00f3n con el centro de la ciudad mediante el autob\u00fas del aeropuerto (9 \u20ac) o con los autobuses 30 o 31 y luego el tranv\u00eda T1 (1,80 \u20ac)) En autob\u00fas (red Flixbus desde Par\u00eds, Burdeos, Montpellier, etc.) En coche compartido: Blablacar Transporte p\u00fablico Considere el transporte p\u00fablico Tiss\u00e9o para moverse durante el festival (metro, autob\u00fas, tranv\u00eda, telef\u00e9rico). Calcula tu ruta - Horario En el centro de la ciudad, \u00a1considere el autob\u00fas gratuito Tiss\u00e9o para moverse durante el d\u00eda mientras descansa los pies! De lunes a s\u00e1bado, de 9:15 a 19:00, cada 15 minutos como m\u00e1ximo. (Parada a petici\u00f3n con una simple se\u00f1al con la mano) Consulta la ruta de la lanzadera Tiss\u00e9o al centro de Toulouse. V\u00e9l\u00f4Toulouse (bicicletas de autoservicio). Estaciones de Citiz (red de coches compartidos en Toulouse). Transporte p\u00fablico: (solo ida) L5 (hasta la 1:00 h), l\u00ednea 13 (desde St-Cyprien, hasta las 21:00 h aproximadamente) y l\u00ednea 25 (solo de lunes a viernes, hasta las 21:00 h aproximadamente), parada Oncopole. En coche: aparcamiento f\u00e1cil y gratuito en todas las calles de los alrededores. En telef\u00e9rico: (solo ida) hasta las 00:30 h.","protected":false},"author":1,"featured_media":0,"parent":0,"menu_order":0,"comment_status":"closed","ping_status":"closed","template":"","meta":{"footnotes":""},"class_list":["post-77012","page","type-page","status-publish","hentry"],"_links":{"self":[{"href":"https:\/\/tangopostale.com\/es\/wp-json\/wp\/v2\/pages\/77012","targetHints":{"allow":["GET"]}}],"collection":[{"href":"https:\/\/tangopostale.com\/es\/wp-json\/wp\/v2\/pages"}],"about":[{"href":"https:\/\/tangopostale.com\/es\/wp-json\/wp\/v2\/types\/page"}],"author":[{"embeddable":true,"href":"https:\/\/tangopostale.com\/es\/wp-json\/wp\/v2\/users\/1"}],"replies":[{"embeddable":true,"href":"https:\/\/tangopostale.com\/es\/wp-json\/wp\/v2\/comments?post=77012"}],"version-history":[{"count":76,"href":"https:\/\/tangopostale.com\/es\/wp-json\/wp\/v2\/pages\/77012\/revisions"}],"predecessor-version":[{"id":78851,"href":"https:\/\/tangopostale.com\/es\/wp-json\/wp\/v2\/pages\/77012\/revisions\/78851"}],"wp:attachment":[{"href":"https:\/\/tangopostale.com\/es\/wp-json\/wp\/v2\/media?parent=77012"}],"curies":[{"name":"gracias","href":"https:\/\/api.w.org\/{rel}","templated":true}]}}