{"id":76969,"date":"2025-02-05T09:27:38","date_gmt":"2025-02-05T08:27:38","guid":{"rendered":"https:\/\/tangopostale.com\/wp\/?page_id=76969"},"modified":"2026-04-01T09:47:33","modified_gmt":"2026-04-01T07:47:33","slug":"pass-tarifs","status":"publish","type":"page","link":"https:\/\/tangopostale.com\/es\/pass-tarifs\/","title":{"rendered":"Tarifas y PASS"},"content":{"rendered":"<div class=\"wpb-content-wrapper\"><section class=\"vc_row wpb_row vc_row-fluid  vc_custom_1770994859068 vc_row-has-fill vc_column-gap-10\"><div class=\"wpb_column vc_column_container vc_col-has-fill vc_col-sm-4  col-xs-mobile-fullwidth pofo-column-responsive-69d0e89660362\"><div class=\"vc_column-inner vc_custom_1741358144521\"><div class=\"wpb_wrapper\"><div class=\"padding-fifteen-all xs-padding-five-lr xs-padding-ten-tb display-table-cell vertical-align-middle featurebox6-1 featurebox6 pofo-featurebox\" ><i class=\"link-icon margin-two-top text-deep-pink fa-solid fa-arrows-up-down icon-medium\"><\/i><h6 class=\"display-block alt-font font-weight-600 text-extra-dark-gray margin-25px-top sm-margin-15px-top\" style=\"font-weight: 600;\">Tarifas reducidas<\/h6><div class=\"last-paragraph-no-margin margin-5px-top\"><p><strong>Ofrecemos tarifas reducidas v\u00e1lidas para determinados eventos: consulte las p\u00e1ginas de eventos para m\u00e1s detalles.<\/strong><\/p>\n<p><strong>TR1<\/strong>\u00a0:Miembros de FITT, mecenas, grupos (m\u00e1s de 10 personas)<br \/>\n<strong>TR2<\/strong> : Estudiantes menores de 26 a\u00f1os que buscan empleo<\/p>\n<\/div><\/div><\/div><\/div><\/div><div class=\"wpb_column vc_column_container vc_col-has-fill vc_col-sm-4  col-xs-mobile-fullwidth\"><div class=\"vc_column-inner vc_custom_1741358168836\"><div class=\"wpb_wrapper\"><div class=\"padding-fifteen-all xs-padding-five-lr xs-padding-ten-tb display-table-cell vertical-align-middle featurebox6-2 featurebox6 pofo-featurebox\" ><i class=\"link-icon margin-two-top text-deep-pink fa-solid fa-house-user icon-medium\"><\/i><h6 class=\"display-block alt-font font-weight-600 text-extra-dark-gray margin-25px-top sm-margin-15px-top\" style=\"font-weight: 600;\">Preventa<\/h6><div class=\"last-paragraph-no-margin margin-5px-top\"><p><strong>Tienes la opci\u00f3n de comprar todas tus entradas a tu llegada al festival, acompa\u00f1ado por un miembro de nuestro equipo.<\/strong><\/p>\n<p>Hay un puesto de preventa en el chalet de bienvenida de la Place Saint-Pierre. Podr\u00e1 comprar sus entradas y pases individuales all\u00ed de 16:00 a 19:00, del lunes 6 al s\u00e1bado 11 de julio (sujeto a disponibilidad).<\/p>\n<\/div><\/div><\/div><\/div><\/div><div class=\"wpb_column vc_column_container vc_col-has-fill vc_col-sm-4  col-xs-mobile-fullwidth\"><div class=\"vc_column-inner vc_custom_1741358219697\"><div class=\"wpb_wrapper\"><div class=\"padding-fifteen-all xs-padding-five-lr xs-padding-ten-tb display-table-cell vertical-align-middle featurebox6-3 featurebox6 pofo-featurebox\" ><i class=\"link-icon margin-two-top text-deep-pink fa-solid fa-ticket icon-medium\"><\/i><h6 class=\"display-block alt-font font-weight-600 text-extra-dark-gray margin-25px-top sm-margin-15px-top\" style=\"font-weight: 600;\">Venta de billetes individuales<\/h6><div class=\"last-paragraph-no-margin margin-5px-top\"><p><strong>A excepci\u00f3n del PASS, todos los eventos est\u00e1n disponibles para su venta individual durante el festival.<\/strong><\/p>\n<p>Puedes comprar entradas individuales online en nuestra taquilla Festik o en la entrada de los eventos correspondientes (sujeto a disponibilidad).<\/p>\n<\/div><\/div><\/div><\/div><\/div><\/section><section class=\"vc_row wpb_row vc_row-fluid  vc_custom_1770994729593\"><div class=\"wpb_column vc_column_container vc_col-sm-12  col-xs-mobile-fullwidth\"><div class=\"vc_column-inner\"><div class=\"wpb_wrapper\"><div class=\"vc_row wpb_row vc_inner vc_row-fluid\"><div class=\"wpb_column vc_column_container vc_col-sm-2 vc_col-lg-2 vc_col-md-3 vc_hidden-xs col-xs-mobile-fullwidth\"><div class=\"vc_column-inner\"><div class=\"wpb_wrapper\"><\/div><\/div><\/div><div class=\"wpb_column vc_column_container vc_col-sm-8 vc_col-lg-8 vc_col-md-6 vc_col-xs-12 text-center pofo-column-responsive-69d0e8966078c\"><div class=\"vc_column-inner vc_custom_1770994788143\"><div class=\"wpb_wrapper\"><h5 class=\"text-extra-dark-gray margin-20px-bottom font-weight-600 display-inline-block alt-font heading-style2  vc_custom_1770996667561  heading-1\" >\u00a1Consigue tu PASE y disfruta del festival con total tranquilidad!<\/h5><div class=\"vc_empty_space\"   style=\"height: 32px\"><span class=\"vc_empty_space_inner\"><\/span><\/div><div class=\"last-paragraph-no-margin\"><div><\/div>\n<div class=\"text-medium\"><strong>A saber<\/strong> :<br \/>\n\u279c Los PASS incluyen milongas, pero no cubren talleres. Visita la p\u00e1gina de pasant\u00edas para hacer tu selecci\u00f3n.<\/div>\n<div class=\"text-medium\">\u279c Los PASS se venden en cantidades limitadas, \u00a1reserva el tuyo sin demora!<\/div>\n<\/div><\/div><\/div><\/div><div class=\"wpb_column vc_column_container vc_col-sm-2 vc_col-lg-2 vc_col-md-3 vc_hidden-xs col-xs-mobile-fullwidth\"><div class=\"vc_column-inner\"><div class=\"wpb_wrapper\"><\/div><\/div><\/div><\/div><div class=\"vc_row wpb_row vc_inner vc_row-fluid\"><div class=\"wpb_column vc_column_container position-relative vc_col-sm-3 vc_col-xs-12 wow fadeInUp text-center\"><div class=\"vc_column-inner vc_custom_1742204451150\"><div class=\"wpb_wrapper\"><div class=\"pricing-style-2 pricing-box border-all border-width-1 border-color-extra-light-gray bg-white pricing2-1\" style=\"border-color: #f9b000; border-width: 2px; border-style: solid; \"><div class=\"padding-30px-lr bg-extra-dark-gray padding-10px-tb alt-font text-white font-weight-600 text-uppercase\"  style=\"color: #ffffff; background-color: #f9b000;\">Pase TRADI<\/div><div class=\"bg-light-gray padding-35px-all\"><h4 class=\"text-extra-dark-gray font-weight-500 no-margin-bottom\" >160\u20ac<\/h4><div class=\"text-extra-small margin-5px-top text-uppercase\"  style=\"font-weight: 700; color: #f9b000;\">Para los fan\u00e1ticos del tango tradicional<\/div><\/div><div class=\"padding-30px-all pricing-features sm-padding-20px-all xs-padding-30px-all\"><div class=\"last-paragraph-no-margin\"><div class=\"text-transform-uppercase margin-15px-bottom alt-font\"><strong>10 d\u00edas de baile de tango tradicional, casi 100 horas de baile, acceso garantizado a todas las milongas tradicionales del festival, del viernes 3 al domingo 12 de julio.<\/strong><\/div>\n<div><\/div>\n<div><strong>El pase TRADI incluye:<\/strong><\/div>\n<ul class=\"list-style-6 text-small\">\n<li>La noche de inauguraci\u00f3n en la sala Os\u00e8te el viernes 3 de julio.<\/li>\n<li>La Milonga de Tangueando en el sal\u00f3n Os\u00e8te el domingo 5 de julio.<\/li>\n<li>Todas las milongas de las Eternas en la Plaza Saint-Pierre del lunes 6 al s\u00e1bado 11 de julio<\/li>\n<li>Las Noches de Tangueando y la fiesta posterior en la Maison du Tango del lunes 6 al viernes 10 de julio.<\/li>\n<li>Fin de semana en Mas Tolosa el s\u00e1bado 11 y domingo 12 de julio<\/li>\n<\/ul>\n<\/div><div class=\"pricing-action margin-35px-top sm-no-margin-top\"><a  href=\"https:\/\/billetterie.festik.net\/tangopostale\/tab\/pass\"  target=\"_blank\" class=\"btn btn-transparent-dark-gray btn-very-small text-extra-small\">Entradas<\/a><\/div><\/div><\/div><\/div><\/div><\/div><div class=\"wpb_column vc_column_container vc_col-sm-3 vc_col-xs-12 wow fadeInUp text-center\"><div class=\"vc_column-inner vc_custom_1742204461326\"><div class=\"wpb_wrapper\"><div class=\"pricing-style-2 pricing-box border-all border-width-1 border-color-extra-light-gray bg-white pricing2-2\" style=\"border-color: #371d54; border-width: 2px; border-style: solid; \"><div class=\"padding-30px-lr bg-extra-dark-gray padding-10px-tb alt-font text-white font-weight-600 text-uppercase\"  style=\"color: #ffffff; background-color: #371d54;\">Pass NEO<\/div><div class=\"bg-light-gray padding-35px-all\"><h4 class=\"text-extra-dark-gray font-weight-500 no-margin-bottom\" >44\u20ac<\/h4><div class=\"text-extra-small margin-5px-top text-uppercase\"  style=\"font-weight: 700; color: #371d54;\">\u00a1Para un primer fin de semana 100% neo!<\/div><\/div><div class=\"padding-30px-all pricing-features sm-padding-20px-all xs-padding-30px-all\"><div class=\"last-paragraph-no-margin\"><div class=\"text-transform-uppercase margin-15px-bottom alt-font\"><strong>Acceso a las 3 noches de neodrama del primer fin de semana en Studio Hop, del viernes 3 al domingo 5 de julio.<br \/>\n<\/strong><\/div>\n<div><\/div>\n<div><strong>El pass NEO incluye:<\/strong><\/div>\n<ul class=\"list-style-6 text-small\">\n<li>Las Neolongas en Studio Hop del viernes 3 al domingo 5 de julio.<\/li>\n<\/ul>\n<\/div><div class=\"pricing-action margin-35px-top sm-no-margin-top\"><a  href=\"https:\/\/billetterie.festik.net\/tangopostale\/tab\/pass\"  target=\"_blank\" class=\"btn btn-transparent-dark-gray btn-very-small text-extra-small\">Entradas<\/a><\/div><\/div><\/div><\/div><\/div><\/div><div class=\"wpb_column vc_column_container vc_col-sm-3 vc_col-xs-12 wow fadeInUp text-center\"><div class=\"vc_column-inner vc_custom_1774879107409\"><div class=\"wpb_wrapper\"><div class=\"pricing-style-2 pricing-box border-all border-width-1 border-color-extra-light-gray bg-white pricing2-3\" style=\"border-color: #7fb4ca; border-width: 2px; border-style: solid; \"><div class=\"padding-30px-lr bg-extra-dark-gray padding-10px-tb alt-font text-white font-weight-600 text-uppercase\"  style=\"color: #ffffff; background-color: #7fb4ca;\">Pass ETERNA<\/div><div class=\"bg-light-gray padding-35px-all\"><h4 class=\"text-extra-dark-gray font-weight-500 no-margin-bottom\" >62\u20ac<\/h4><div class=\"text-extra-small margin-5px-top text-uppercase\"  style=\"font-weight: 700; color: #7fb4ca;\">Para los amantes del aire libre (tango tradicional)<\/div><\/div><div class=\"padding-30px-all pricing-features sm-padding-20px-all xs-padding-30px-all\"><div class=\"last-paragraph-no-margin\"><div class=\"text-transform-uppercase margin-15px-bottom alt-font\"><strong>Acceso a todos los bailes al aire libre en la pista de la Place Saint-Pierre del lunes 6 al s\u00e1bado 11 de julio.<\/strong><\/div>\n<div><\/div>\n<div><strong>El pass ETERNA incluye:<\/strong><\/div>\n<ul class=\"list-style-6 text-small\">\n<li>Todas las milongas de las Eternas en la Plaza Saint-Pierre del lunes 6 al s\u00e1bado 11 de julio<\/li>\n<\/ul>\n<\/div><div class=\"pricing-action margin-35px-top sm-no-margin-top\"><a  href=\"https:\/\/billetterie.festik.net\/tangopostale\/tab\/pass\"  target=\"_blank\" class=\"btn btn-transparent-dark-gray btn-very-small text-extra-small\">Entradas<\/a><\/div><\/div><\/div><\/div><\/div><\/div><div class=\"wpb_column vc_column_container vc_col-sm-3  col-xs-mobile-fullwidth wow fadeInUp text-center\"><div class=\"vc_column-inner vc_custom_1774879101322\"><div class=\"wpb_wrapper\"><div class=\"pricing-style-2 pricing-box border-all border-width-1 border-color-extra-light-gray bg-white pricing2-4\" style=\"border-color: #605098; border-width: 2px; border-style: solid; \"><div class=\"padding-30px-lr bg-extra-dark-gray padding-10px-tb alt-font text-white font-weight-600 text-uppercase\"  style=\"color: #ffffff; background-color: #605098;\">Paso MAS TOLOSA<\/div><div class=\"bg-light-gray padding-35px-all\"><h4 class=\"text-extra-dark-gray font-weight-500 no-margin-bottom\" >42\u20ac<\/h4><div class=\"text-extra-small margin-5px-top text-uppercase\"  style=\"font-weight: 700; color: #605098;\">\u00a1Para los fans del fin de semana pasado! (tradicional y neo)<\/div><\/div><div class=\"padding-30px-all pricing-features sm-padding-20px-all xs-padding-30px-all\"><div class=\"last-paragraph-no-margin\"><div class=\"text-transform-uppercase margin-15px-bottom alt-font\"><strong>\u00a1Un \u00faltimo fin de semana de tango tradicional en Mas Tolosa, para guardar los mejores recuerdos del festival!<\/strong><\/div>\n<div><\/div>\n<div><strong>El pase MAS TOLOSA incluye:<\/strong><\/div>\n<ul class=\"list-style-6 text-small\">\n<li>Gran baile y concierto en Mas Tolosa el s\u00e1bado 11 de julio<\/li>\n<li>La Despedida en Mas Tolosa el domingo 12 de julio<\/li>\n<\/ul>\n<\/div><div class=\"pricing-action margin-35px-top sm-no-margin-top\"><a  href=\"https:\/\/billetterie.festik.net\/tangopostale\/tab\/pass\"  target=\"_blank\" class=\"btn btn-transparent-dark-gray btn-very-small text-extra-small\">Entradas<\/a><\/div><\/div><\/div><\/div><\/div><\/div><\/div><\/div><\/div><\/div><\/section>\n<\/div>","protected":false},"excerpt":{"rendered":"Tarifs r\u00e9duitsNous vous proposons des tarifs r\u00e9duits valables sur certains \u00e9v\u00e8nements : consulter les pages des \u00e9v\u00e8nements pour plus de d\u00e9tail. TR1\u00a0: Adh\u00e9rents du FITT, m\u00e9c\u00e8nes, groupes (10+ personnes) TR2 : \u00c9tudiant\u00b7es, moins de 26 ans, demandeur\u00b7ses d\u2019emploi Pr\u00e9ventesVous avez la possibilit\u00e9 d'acheter toutes vos places \u00e0 votre arriv\u00e9e au festival, accompagn\u00e9 par un membre de notre \u00e9quipe. Un poste de pr\u00e9ventes est install\u00e9 au chalet d'accueil de la place Saint-Pierre. Vous pouvez y acheter vos billets \u00e0 l'unit\u00e9 et vos PASS de 16h \u00e0 19h, du lundi 6 au samedi 11 juillet (dans la limite des places disponibles). Vente de billets \u00e0 l'unit\u00e9Hors PASS, tous les \u00e9v\u00e8nements sont propos\u00e9s en vente \u00e0 l'unit\u00e9 durant le festival. Vous pouvez acheter vos places \u00e0 l'unit\u00e9 en ligne sur notre billetterie Festik ou \u00e0 l'entr\u00e9e des \u00e9v\u00e8nements concern\u00e9s (dans la limite des places disponibles). Prenez votre PASS et profitez du festival en toute s\u00e9r\u00e9nit\u00e9 ! \u00c0 savoir : \u279c Les PASS incluent les milongas, mais ne couvrent pas les stages. Consultez la page d\u00e9di\u00e9e aux stages pour faire votre s\u00e9lection. \u279c Les PASS sont vendus en nombre limit\u00e9, r\u00e9servez le v\u00f4tre sans tarder ! Pass TRADI160\u20acpour les mordu\u00b7e\u00b7s de tango traditionnel10 jours...","protected":false},"author":1,"featured_media":0,"parent":0,"menu_order":0,"comment_status":"closed","ping_status":"closed","template":"","meta":{"footnotes":""},"class_list":["post-76969","page","type-page","status-publish","hentry"],"_links":{"self":[{"href":"https:\/\/tangopostale.com\/es\/wp-json\/wp\/v2\/pages\/76969","targetHints":{"allow":["GET"]}}],"collection":[{"href":"https:\/\/tangopostale.com\/es\/wp-json\/wp\/v2\/pages"}],"about":[{"href":"https:\/\/tangopostale.com\/es\/wp-json\/wp\/v2\/types\/page"}],"author":[{"embeddable":true,"href":"https:\/\/tangopostale.com\/es\/wp-json\/wp\/v2\/users\/1"}],"replies":[{"embeddable":true,"href":"https:\/\/tangopostale.com\/es\/wp-json\/wp\/v2\/comments?post=76969"}],"version-history":[{"count":206,"href":"https:\/\/tangopostale.com\/es\/wp-json\/wp\/v2\/pages\/76969\/revisions"}],"predecessor-version":[{"id":78895,"href":"https:\/\/tangopostale.com\/es\/wp-json\/wp\/v2\/pages\/76969\/revisions\/78895"}],"wp:attachment":[{"href":"https:\/\/tangopostale.com\/es\/wp-json\/wp\/v2\/media?parent=76969"}],"curies":[{"name":"gracias","href":"https:\/\/api.w.org\/{rel}","templated":true}]}}