{"id":76836,"date":"2025-02-03T17:14:14","date_gmt":"2025-02-03T16:14:14","guid":{"rendered":"https:\/\/tangopostale.com\/wp\/?page_id=76836"},"modified":"2026-02-13T15:48:53","modified_gmt":"2026-02-13T14:48:53","slug":"qui-sommes-nous","status":"publish","type":"page","link":"https:\/\/tangopostale.com\/es\/qui-sommes-nous\/","title":{"rendered":"\u00bfQui\u00e9nes somos?"},"content":{"rendered":"<div class=\"wpb-content-wrapper\"><section class=\"vc_row wpb_row vc_row-fluid  vc_custom_1738597363844 wow fadeIn\"><div class=\"wpb_column vc_column_container vc_col-sm-12 vc_col-md-4 col-xs-mobile-fullwidth wow fadeIn sm-text-center pofo-column-responsive-69d0f9f7a39ab\"><div class=\"vc_column-inner\"><div class=\"wpb_wrapper\"><\/div><\/div><\/div><div class=\"wpb_column vc_column_container vc_col-sm-12 vc_col-md-8 vc_col-xs-12 wow fadeIn pofo-column-responsive-69d0f9f7a39e0\" data-wow-delay= \"200ms\"><div class=\"vc_column-inner\"><div class=\"wpb_wrapper\"><h5 class=\"text-extra-dark-gray margin-20px-bottom font-weight-600 text-uppercase display-inline-block alt-font text-uppercase heading-style2  vc_custom_1741354628341 pofo-button-responsive-69d0f9f7a3a13  heading-1\"  style=\"width: 80%; font-weight: 700;\">La asociaci\u00f3n FITT<\/h5><\/div><\/div><\/div><div class=\"wpb_column vc_column_container vc_col-sm-12 vc_col-md-4 col-xs-mobile-fullwidth\"><div class=\"vc_column-inner\"><div class=\"wpb_wrapper\"><div class=\"vc_custom_1741354774647 last-paragraph-no-margin pofo-text-block-responsive-69d0f9f7a3a52\" style=\"width: 95%;\"><div class=\"text-medium\">La asociaci\u00f3n <strong>FITT (Festival Internacional de Tango de Toulouse)<\/strong> fue creada en febrero de 2009 por un grupo de bailarines, m\u00fasicos y entusiastas del tango argentino y la cultura latinoamericana. Menos de cinco meses despu\u00e9s, el 1 de julio, se celebr\u00f3 el primer festival. <strong>Tangopostale<\/strong> (contracci\u00f3n de \"tango\" y \"aeropostale\") se inaugur\u00f3 simb\u00f3licamente con una comida argentina en el Bar des Avions, marcando as\u00ed el apego de sus miembros fundadores a la aventura humana e industrial de los pioneros del comercio transatl\u00e1ntico.<\/div>\n<\/div><\/div><\/div><\/div><div class=\"wpb_column vc_column_container vc_col-sm-12 vc_col-md-8 col-xs-mobile-fullwidth\"><div class=\"vc_column-inner\"><div class=\"wpb_wrapper\"><div class=\"last-paragraph-no-margin\"><p>Desde la primera edici\u00f3n se han destacado muchos otros temas y artistas (la otra orilla (Uruguay), Carlos Gardel, Astor Piazzolla, An\u00edbal Troilo, etc.). Desde las primeras ediciones, hemos invitado a las orquestas m\u00e1s emblem\u00e1ticas del tango actual, ya sean instaladas en Europa o que hayan cruzado el oc\u00e9ano para venir.<\/p>\n<p>El festival ha crecido considerablemente, de 5 a 7 d\u00edas en 2012 para alcanzar su objetivo de\u00a0<strong>10 d\u00edas<\/strong>\u00a0en 2014, ofreciendo as\u00ed 2 fines de semana a los tolosanos y a los festivaleros venidos a veces desde lejos (California, Venezuela, Isla Reuni\u00f3n, etc.).\u00a0<strong>Varias asociaciones culturales<\/strong> prestigiosos nos han permitido progresar: la Mediateca Jos\u00e9 Cabanis, la Cinemateca de Toulouse, la Escuela Superior de Audiovisuales (ESAV), Cin\u00e9latino, Cinespa\u00f1a, el Espacio Pont des Demoiselles, la librer\u00eda Ombres Blanches, y ahora podemos contar con espacios colaboradores como el Centro Cultural Saint-Cyprien, el Instituto Cervantes, el Conservatorio Regional, la Comunidad Sanitaria Municipal... Los mecenas nos apoyan y, algo inusual para un festival, en algunos a\u00f1os hemos <strong>m\u00e1s de 200 miembros<\/strong>. Nuestra acci\u00f3n cultural es reconocida por la Academia Nacional del Tango (Buenos Aires) y los gobiernos argentino y uruguayo.<\/p>\n<\/div><\/div><\/div><\/div><\/section><section class=\"vc_row wpb_row vc_row-fluid   wow fadeIn\"><div class=\"wpb_column vc_column_container vc_col-sm-4 vc_col-xs-12 wow fadeInRight pofo-column-responsive-69d0f9f7a3b25\"><div class=\"vc_column-inner\"><div class=\"wpb_wrapper\"><div class=\"bg-white featurebox34 pofo-featurebox featurebox34-1\" ><img loading=\"lazy\" decoding=\"async\" src=\"https:\/\/tangopostale.com\/wp-content\/uploads\/2025\/10\/bm_tangopostale_030725_0151-1-min.png\" width=\"1000\" height=\"667\"  alt=\"\" srcset=\"https:\/\/tangopostale.com\/wp-content\/uploads\/2025\/10\/bm_tangopostale_030725_0151-1-min.png 1000w, https:\/\/tangopostale.com\/wp-content\/uploads\/2025\/10\/bm_tangopostale_030725_0151-1-min-300x200.png 300w, https:\/\/tangopostale.com\/wp-content\/uploads\/2025\/10\/bm_tangopostale_030725_0151-1-min-768x512.png 768w, https:\/\/tangopostale.com\/wp-content\/uploads\/2025\/10\/bm_tangopostale_030725_0151-1-min-18x12.png 18w, https:\/\/tangopostale.com\/wp-content\/uploads\/2025\/10\/bm_tangopostale_030725_0151-1-min-120x80.png 120w, https:\/\/tangopostale.com\/wp-content\/uploads\/2025\/10\/bm_tangopostale_030725_0151-1-min-81x54.png 81w\" sizes=\"auto, (max-width: 1000px) 100vw, 1000px\" class=\"icon-image\"\/><div class=\"padding-45px-all sm-padding-15px-all inner-match-height\"><span class=\"text-extra-dark-gray font-weight-600 display-block alt-font margin-10px-bottom\">Un equipo comprometido<\/span><div class=\"last-paragraph-no-margin\"><p>El equipo est\u00e1 formado por una decena de administradores y varios empleados fijos encargados de la log\u00edstica, la comunicaci\u00f3n, la administraci\u00f3n y parte de la programaci\u00f3n. Durante el festival, contamos con el apoyo de 60 a 80 voluntarios, cuyo compromiso es esencial para garantizar el buen funcionamiento del festival y permitirnos ofrecer una edici\u00f3n rica y variada cada a\u00f1o. Gracias a esta movilizaci\u00f3n, podemos garantizar una organizaci\u00f3n fluida y ofrecer una experiencia inolvidable a los participantes.<\/p>\n<\/div><\/div><\/div><\/div><\/div><\/div><div class=\"wpb_column vc_column_container vc_col-sm-4  col-xs-mobile-fullwidth\"><div class=\"vc_column-inner\"><div class=\"wpb_wrapper\"><div class=\"bg-white featurebox34 pofo-featurebox featurebox34-2\" ><img loading=\"lazy\" decoding=\"async\" src=\"https:\/\/tangopostale.com\/wp-content\/uploads\/2025\/10\/060725-26506-0214-pano-2x3-1.png\" width=\"1000\" height=\"666\"  alt=\"\" srcset=\"https:\/\/tangopostale.com\/wp-content\/uploads\/2025\/10\/060725-26506-0214-pano-2x3-1.png 1000w, https:\/\/tangopostale.com\/wp-content\/uploads\/2025\/10\/060725-26506-0214-pano-2x3-1-300x200.png 300w, https:\/\/tangopostale.com\/wp-content\/uploads\/2025\/10\/060725-26506-0214-pano-2x3-1-768x511.png 768w, https:\/\/tangopostale.com\/wp-content\/uploads\/2025\/10\/060725-26506-0214-pano-2x3-1-18x12.png 18w, https:\/\/tangopostale.com\/wp-content\/uploads\/2025\/10\/060725-26506-0214-pano-2x3-1-120x80.png 120w, https:\/\/tangopostale.com\/wp-content\/uploads\/2025\/10\/060725-26506-0214-pano-2x3-1-81x54.png 81w\" sizes=\"auto, (max-width: 1000px) 100vw, 1000px\" class=\"icon-image\"\/><div class=\"padding-45px-all sm-padding-15px-all inner-match-height\"><span class=\"text-extra-dark-gray font-weight-600 display-block alt-font margin-10px-bottom\">Junta Directiva 2025-2026<\/span><div class=\"last-paragraph-no-margin\"><p>\u2022 Escritorio :<br \/>\nSylvie Bibron, president<br \/>\nFran\u00e7oise Lagi\u00e8re, vicepresidenta<br \/>\nJean-Marc Roure, secretario<br \/>\nJean-Jacques Labrousse, tesorero<\/p>\n<p>\u2022 Junta Directiva:<br \/>\nB\u00e9atrice Menahesse<br \/>\nChristian Glaize<br \/>\nGilles Navarre<br \/>\nGioras Fischer<br \/>\nSerge Davy<\/p>\n<p>\u2022 Empleados permanentes:<br \/>\nPerrine Ch\u00e9n\u00e9: producci\u00f3n, direcci\u00f3n general<br \/>\nSolange Bazely: programaci\u00f3n cultural<br \/>\nSophie Malbreil: comunicaci\u00f3n, contabilidad<br \/>\nVirginie D\u00e9truche: administraci\u00f3n<\/p>\n<\/div><\/div><\/div><\/div><\/div><\/div><div class=\"wpb_column vc_column_container vc_col-sm-4 vc_col-xs-12 wow fadeInRight pofo-column-responsive-69d0f9f7a457f\" data-wow-delay= \"200ms\"><div class=\"vc_column-inner\"><div class=\"wpb_wrapper\"><div class=\"bg-white featurebox34 pofo-featurebox featurebox34-3\" ><img loading=\"lazy\" decoding=\"async\" src=\"https:\/\/tangopostale.com\/wp-content\/uploads\/2025\/10\/060725-26148-9843-min.png\" width=\"1000\" height=\"666\"  alt=\"\" srcset=\"https:\/\/tangopostale.com\/wp-content\/uploads\/2025\/10\/060725-26148-9843-min.png 1000w, https:\/\/tangopostale.com\/wp-content\/uploads\/2025\/10\/060725-26148-9843-min-300x200.png 300w, https:\/\/tangopostale.com\/wp-content\/uploads\/2025\/10\/060725-26148-9843-min-768x511.png 768w, https:\/\/tangopostale.com\/wp-content\/uploads\/2025\/10\/060725-26148-9843-min-18x12.png 18w, https:\/\/tangopostale.com\/wp-content\/uploads\/2025\/10\/060725-26148-9843-min-120x80.png 120w, https:\/\/tangopostale.com\/wp-content\/uploads\/2025\/10\/060725-26148-9843-min-81x54.png 81w\" sizes=\"auto, (max-width: 1000px) 100vw, 1000px\" class=\"icon-image\"\/><div class=\"padding-45px-all sm-padding-15px-all inner-match-height\"><span class=\"text-extra-dark-gray font-weight-600 display-block alt-font margin-10px-bottom\">Una red asociativa de apoyo<\/span><div class=\"last-paragraph-no-margin\"><p>M\u00e1s all\u00e1 de este equipo interno, nos hemos beneficiado del valioso apoyo de asociaciones locales y regionales desde la creaci\u00f3n del festival. Hoy en d\u00eda, trabajamos particularmente en estrecha colaboraci\u00f3n con Tangueando Toulouse y N\u00e9opostale, quienes contribuyen a la programaci\u00f3n y realizaci\u00f3n log\u00edstica de muchos eventos que marcan el festival.<\/p>\n<\/div><\/div><\/div><\/div><\/div><\/div><\/section><section data-vc-full-width=\"true\" data-vc-full-width-init=\"false\" data-vc-stretch-content=\"true\" class=\"vc_row wpb_row vc_row-fluid  vc_custom_1507546205849 wow fadeIn vc_row-has-fill pofo-stretch-content vc_row-o-equal-height vc_row-o-content-middle vc_row-flex\"><div class=\"wpb_column vc_column_container vc_col-has-fill vc_col-sm-12 vc_col-lg-6 vc_col-md-6 vc_col-xs-12 wow fadeInLeft pofo-column-responsive-69d0f9f7a4a51\"><div class=\"vc_column-inner cover-background bg-position-center-center vc_custom_1742297037174\"><div class=\"wpb_wrapper\"><\/div><\/div><\/div><div class=\"wpb_column vc_column_container vc_col-sm-12 vc_col-lg-6 vc_col-md-6 vc_col-xs-12 wow fadeInRight sm-text-center\"><div class=\"vc_column-inner\"><div class=\"wpb_wrapper\"><div class=\"vc_row wpb_row vc_inner vc_row-fluid  vc_custom_1509696700962 pofo-inner-row-responsive-69d0f9f7a4ad2\"><div class=\"wpb_column vc_column_container  col-xs-mobile-fullwidth pofo-column-responsive-69d0f9f7a4b22\"><div class=\"vc_column-inner\"><div class=\"wpb_wrapper\"><h5 class=\"text-extra-dark-gray margin-20px-bottom font-weight-600 display-inline-block alt-font text-uppercase heading-style2  vc_custom_1741846053244 pofo-button-responsive-69d0f9f7a4b55  heading-2\"  style=\"font-weight: 700;\">Esp\u00edritu de programaci\u00f3n<\/h5><\/div><\/div><\/div><div class=\"wpb_column vc_column_container vc_col-sm-6 vc_col-lg-6 vc_col-md-12 vc_col-xs-12 wow none sm-text-left\"><div class=\"vc_column-inner vc_custom_1741846472339\"><div class=\"wpb_wrapper\"><div class=\"featurebox31 pofo-featurebox featurebox31-1\" ><div class=\"text-light-gray margin-10px-bottom sm-margin-5px-bottom alt-font\"><span class=\"text-extra-dark-gray\" style=\"font-weight: 600; color: #232323;\">Programaci\u00f3n accesible para todos<\/span><\/div><div class=\"last-paragraph-no-margin width-90 xs-width-100\"><p>Tangopostale se apodera de calles y jardines, da vida a las plazas y hace vibrar los caf\u00e9s. El festival invita a los habitantes de Toulouse y a los asistentes al festival a (re)descubrir el placer de un tango popular y animado. La oferta cultural es rica y adaptada a todas las sensibilidades.<\/p>\n<\/div><\/div><\/div><\/div><\/div><div class=\"wpb_column vc_column_container vc_col-sm-6 vc_col-lg-6 vc_col-md-12 vc_col-xs-12 wow none sm-text-left pofo-column-responsive-69d0f9f7a4bda\"><div class=\"vc_column-inner vc_custom_1741846789097\"><div class=\"wpb_wrapper\"><div class=\"featurebox31 pofo-featurebox featurebox31-2\" ><div class=\"text-light-gray margin-10px-bottom sm-margin-5px-bottom alt-font\"><span class=\"text-extra-dark-gray\" style=\"font-weight: 600; color: #232323;\">Programaci\u00f3n de calidad<\/span><\/div><div class=\"last-paragraph-no-margin width-90 xs-width-100\"><p>A trav\u00e9s de una amplia variedad de conciertos, talleres, conferencias, etc., el festival Tangopostale es una oportunidad para reunir en la ciudad rosa a reconocidos artistas internacionales que gravitan en torno a la esfera del tango. Estamos encantados de presentar al mayor n\u00famero posible de personas sus m\u00faltiples talentos y la riqueza de este universo.<\/p>\n<\/div><\/div><\/div><\/div><\/div><div class=\"wpb_column vc_column_container vc_col-sm-6 vc_col-lg-6 vc_col-md-12 vc_col-xs-12 clear-both wow none sm-text-left pofo-column-responsive-69d0f9f7a4c31\" data-clear-both=\"clear-both\"><div class=\"vc_column-inner\"><div class=\"wpb_wrapper\"><div class=\"featurebox31 pofo-featurebox featurebox31-3\" ><div class=\"text-light-gray margin-10px-bottom sm-margin-5px-bottom alt-font\"><span class=\"text-extra-dark-gray\" style=\"font-weight: 600; color: #232323;\">Un programa festivo<\/span><\/div><div class=\"last-paragraph-no-margin width-90 xs-width-100\"><p>Las bailes <em>milongas<\/em> son el coraz\u00f3n de la fiesta y convocan al encuentro y al compartir en un ambiente amistoso y alegre. Los numerosos m\u00fasicos, bailarines y oradores presentes contribuyen a hacer de Tangopostale una verdadera celebraci\u00f3n del tango y su cultura durante 10 d\u00edas.<\/p>\n<\/div><\/div><\/div><\/div><\/div><div class=\"wpb_column vc_column_container vc_col-sm-6 vc_col-lg-6 vc_col-md-12 vc_col-xs-12 wow none sm-text-left\"><div class=\"vc_column-inner\"><div class=\"wpb_wrapper\"><div class=\"featurebox31 pofo-featurebox featurebox31-4\" ><div class=\"text-light-gray margin-10px-bottom sm-margin-5px-bottom alt-font\"><span class=\"text-extra-dark-gray\" style=\"font-weight: 600; color: #232323;\">Un programa para los tangueros<\/span><\/div><div class=\"last-paragraph-no-margin width-90 xs-width-100\"><p>Con m\u00e1s de 100 horas de baile en diez d\u00edas, al aire libre y en espacios cerrados, Tangopostale ofrece un descanso atemporal para los entusiastas del tango. El tango tradicional y el neo tango se entrelazan para una fiesta prolongada inolvidable.<\/p>\n<\/div><\/div><\/div><\/div><\/div><\/div><\/div><\/div><\/div><\/section><div class=\"vc_row-full-width vc_clearfix\"><\/div><section data-vc-full-width=\"true\" data-vc-full-width-init=\"false\" class=\"vc_row wpb_row vc_row-fluid   pofo-stretch-content pofo-stretch-row-container\"><div class=\"wpb_column vc_column_container vc_col-sm-6 vc_col-md-3 vc_col-xs-12 wow fadeInUp text-center pofo-column-responsive-69d0f9f7a4d28\"><div class=\"vc_column-inner\"><div class=\"wpb_wrapper\"><div class=\"wow fadeInDown counter-style counter-style1 counter-feature-box-1 border-all display-table width-100 padding-5px-all counter-style1-1\" style=\"border-color: #ededed; border-width: 1px; border-style: solid; \"><div class=\"counter-box display-table-cell vertical-align-middle bg-white\" style=\"\"><i class=\"margin-15px-bottom text-medium-gray link-icon  icon-clock icon-medium\"><\/i><h6 data-postfix=\"\" data-to=\"10\" data-speed=\"2000\" class=\"display-block font-weight-500 text-extra-dark-gray no-margin-bottom timer alt-font\"  style=\"font-size: 56px; line-height: 60px; font-weight: 400;\" data-fontsize=\"56px\" data-lineheight=\"60px\">10<\/h6><span class=\"\">d\u00edas de festival<\/span><\/div><\/div><\/div><\/div><\/div><div class=\"wpb_column vc_column_container vc_col-sm-6 vc_col-md-3 vc_col-xs-12 wow fadeInUp text-center pofo-column-responsive-69d0f9f7a4d74\" data-wow-delay= \"200ms\"><div class=\"vc_column-inner\"><div class=\"wpb_wrapper\"><div class=\"wow none counter-style counter-style1 counter-feature-box-1 border-all display-table width-100 padding-5px-all counter-style1-2\" style=\"border-color: #ededed; border-width: 1px; border-style: solid; \"><div class=\"counter-box display-table-cell vertical-align-middle bg-white\" style=\"\"><i class=\"margin-15px-bottom text-medium-gray link-icon  ti-music-alt icon-medium\"><\/i><h6 data-postfix=\"\" data-to=\"80\" data-speed=\"2000\" class=\"display-block font-weight-500 text-extra-dark-gray no-margin-bottom timer alt-font\"  style=\"font-size: 56px; line-height: 60px; font-weight: 400;\" data-fontsize=\"56px\" data-lineheight=\"60px\">80<\/h6><span class=\"\">artistas invitados<\/span><\/div><\/div><\/div><\/div><\/div><div class=\"wpb_column vc_column_container vc_col-sm-6 vc_col-md-3 vc_col-xs-12 wow fadeInUp text-center pofo-column-responsive-69d0f9f7a4db3\" data-wow-delay= \"400ms\"><div class=\"vc_column-inner\"><div class=\"wpb_wrapper\"><div class=\"wow none counter-style counter-style1 counter-feature-box-1 border-all display-table width-100 padding-5px-all counter-style1-3\" style=\"border-color: #ededed; border-width: 1px; border-style: solid; \"><div class=\"counter-box display-table-cell vertical-align-middle bg-white\" style=\"\"><i class=\"margin-15px-bottom text-medium-gray link-icon  ti-heart icon-medium\"><\/i><h6 data-postfix=\"\" data-to=\"100\" data-speed=\"2000\" class=\"display-block font-weight-500 text-extra-dark-gray no-margin-bottom timer alt-font\"  style=\"font-size: 56px; line-height: 60px; font-weight: 400;\" data-fontsize=\"56px\" data-lineheight=\"60px\">100<\/h6><span class=\"\">horas de baile<\/span><\/div><\/div><\/div><\/div><\/div><div class=\"wpb_column vc_column_container vc_col-sm-6 vc_col-md-3 vc_col-xs-12 wow fadeInUp text-center\" data-wow-delay= \"600ms\"><div class=\"vc_column-inner\"><div class=\"wpb_wrapper\"><div class=\"wow none counter-style counter-style1 counter-feature-box-1 border-all display-table width-100 padding-5px-all counter-style1-4\" style=\"border-style: solid; \"><div class=\"counter-box display-table-cell vertical-align-middle bg-white\" style=\"\"><i class=\"margin-15px-bottom text-medium-gray link-icon  ti-ticket icon-medium\"><\/i><h6 data-postfix=\"\" data-to=\"80\" data-speed=\"2000\" class=\"display-block font-weight-500 text-extra-dark-gray no-margin-bottom timer alt-font\"  style=\"font-size: 56px; line-height: 60px; font-weight: 400;\" data-fontsize=\"56px\" data-lineheight=\"60px\">80<\/h6><span class=\"\">eventos<\/span><\/div><\/div><\/div><\/div><\/div><\/section><div class=\"vc_row-full-width vc_clearfix\"><\/div>\n<\/div>","protected":false},"excerpt":{"rendered":"La asociaci\u00f3n FITT (Festival Internacional de Tango de Toulouse) fue fundada en febrero de 2009 por un grupo de bailarines, m\u00fasicos y entusiastas del tango argentino y la cultura latinoamericana. Menos de cinco meses despu\u00e9s, el 1 de julio, el primer festival Tangopostale (compuesto de &quot;tango&quot; y &quot;a\u00e9ropostale&quot;, el servicio de correo a\u00e9reo franc\u00e9s) se inaugur\u00f3 simb\u00f3licamente con una comida argentina en el bar Avions, destacando as\u00ed la conexi\u00f3n de los miembros fundadores con la aventura humana e industrial de los pioneros del comercio transatl\u00e1ntico. Desde la primera edici\u00f3n, se han presentado numerosos temas y artistas (Uruguay, Carlos Gardel, Astor Piazzolla, An\u00edbal Troilo, etc.). Desde el inicio, hemos invitado a las orquestas de tango m\u00e1s emblem\u00e1ticas de la actualidad, tanto europeas como internacionales. El festival ha crecido considerablemente, pasando de 5 a 7 d\u00edas en 2012 y alcanzando su objetivo de 10 d\u00edas en 2014, ofreciendo as\u00ed dos fines de semana a los tolosanos y a los asistentes que a veces viajan desde lugares muy lejanos (California, Venezuela, Isla Reuni\u00f3n, etc.). Prestigiosas colaboraciones culturales nos han permitido progresar: Mediateca Jos\u00e9 Cabanis, Cinemateca de Toulouse, Escuela Superior de Artes Audiovisuales (ESAV), Cin\u00e9latino, Cinespa\u00f1a, Espace Pont des Demoiselles, entre otros.","protected":false},"author":1,"featured_media":0,"parent":0,"menu_order":0,"comment_status":"closed","ping_status":"closed","template":"","meta":{"footnotes":""},"class_list":["post-76836","page","type-page","status-publish","hentry"],"_links":{"self":[{"href":"https:\/\/tangopostale.com\/es\/wp-json\/wp\/v2\/pages\/76836","targetHints":{"allow":["GET"]}}],"collection":[{"href":"https:\/\/tangopostale.com\/es\/wp-json\/wp\/v2\/pages"}],"about":[{"href":"https:\/\/tangopostale.com\/es\/wp-json\/wp\/v2\/types\/page"}],"author":[{"embeddable":true,"href":"https:\/\/tangopostale.com\/es\/wp-json\/wp\/v2\/users\/1"}],"replies":[{"embeddable":true,"href":"https:\/\/tangopostale.com\/es\/wp-json\/wp\/v2\/comments?post=76836"}],"version-history":[{"count":61,"href":"https:\/\/tangopostale.com\/es\/wp-json\/wp\/v2\/pages\/76836\/revisions"}],"predecessor-version":[{"id":78648,"href":"https:\/\/tangopostale.com\/es\/wp-json\/wp\/v2\/pages\/76836\/revisions\/78648"}],"wp:attachment":[{"href":"https:\/\/tangopostale.com\/es\/wp-json\/wp\/v2\/media?parent=76836"}],"curies":[{"name":"gracias","href":"https:\/\/api.w.org\/{rel}","templated":true}]}}