{"id":76496,"date":"2025-01-22T14:14:41","date_gmt":"2025-01-22T13:14:41","guid":{"rendered":"https:\/\/tangopostale.com\/wp\/?page_id=76496"},"modified":"2026-02-04T18:16:30","modified_gmt":"2026-02-04T17:16:30","slug":"contactez-nous","status":"publish","type":"page","link":"https:\/\/tangopostale.com\/es\/contactez-nous\/","title":{"rendered":"P\u00f3nte en contacto con nosotros"},"content":{"rendered":"<div class=\"wpb-content-wrapper\"><section class=\"vc_row wpb_row vc_row-fluid\"><div class=\"wpb_column vc_column_container vc_col-sm-4  col-xs-mobile-fullwidth\"><div class=\"vc_column-inner vc_custom_1742205903881\"><div class=\"wpb_wrapper\"><h5 class=\"text-extra-dark-gray margin-20px-bottom font-weight-600 display-inline-block alt-font text-uppercase heading-style2  vc_custom_1737563855075  heading-1\"  style=\"font-weight: 700;\">\u00bfUna pregunta, un mensaje?<\/h5><div class=\"last-paragraph-no-margin pofo-text-block-responsive-69d0e5ed79151\" style=\"width: 100%;\"><p>\u00bfTienes alguna duda, una sugerencia o simplemente quieres compartir tu entusiasmo por el festival Tangopostale? \u00a1Te estamos escuchando!<\/p>\n<\/div><\/div><\/div><\/div><div class=\"wpb_column vc_column_container vc_col-sm-8  col-xs-mobile-fullwidth\"><div class=\"vc_column-inner\"><div class=\"wpb_wrapper\">\n<div class=\"wpcf7 no-js\" id=\"wpcf7-f76829-o1\" lang=\"en-US\" dir=\"ltr\" data-wpcf7-id=\"76829\">\n<div class=\"screen-reader-response\"><p role=\"status\" aria-live=\"polite\" aria-atomic=\"true\"><\/p> <ul><\/ul><\/div>\n<form action=\"\/es\/wp-json\/wp\/v2\/pages\/76496#wpcf7-f76829-o1\" method=\"post\" class=\"wpcf7-form init\" aria-label=\"Formulario de contacto\" novalidate=\"novalidate\" data-status=\"init\" data-trp-original-action=\"\/es\/wp-json\/wp\/v2\/pages\/76496#wpcf7-f76829-o1\">\n<fieldset class=\"hidden-fields-container\"><input type=\"hidden\" name=\"_wpcf7\" value=\"76829\" \/><input type=\"hidden\" name=\"_wpcf7_version\" value=\"6.1.4\" \/><input type=\"hidden\" name=\"_wpcf7_locale\" value=\"en_US\" \/><input type=\"hidden\" name=\"_wpcf7_unit_tag\" value=\"wpcf7-f76829-o1\" \/><input type=\"hidden\" name=\"_wpcf7_container_post\" value=\"0\" \/><input type=\"hidden\" name=\"_wpcf7_posted_data_hash\" value=\"\" \/>\n<\/fieldset>\n<div class=\"col-md-6\">\n\t<p><span class=\"wpcf7-form-control-wrap\" data-name=\"contact-prenom\"><input size=\"40\" maxlength=\"400\" class=\"wpcf7-form-control wpcf7-text wpcf7-validates-as-required big-input\" aria-required=\"true\" aria-invalid=\"false\" placeholder=\"Nombre *\" value=\"\" type=\"text\" name=\"contact-prenom\" \/><\/span>\n\t<\/p>\n<\/div>\n<div class=\"col-md-6\">\n\t<p><span class=\"wpcf7-form-control-wrap\" data-name=\"contact-nom\"><input size=\"40\" maxlength=\"400\" class=\"wpcf7-form-control wpcf7-text big-input\" aria-invalid=\"false\" placeholder=\"Apellido\" value=\"\" type=\"text\" name=\"contact-nom\" \/><\/span>\n\t<\/p>\n<\/div>\n<div class=\"col-md-6\">\n\t<p><span class=\"wpcf7-form-control-wrap\" data-name=\"contact-email\"><input size=\"40\" maxlength=\"400\" class=\"wpcf7-form-control wpcf7-email wpcf7-validates-as-required wpcf7-text wpcf7-validates-as-email big-input\" aria-required=\"true\" aria-invalid=\"false\" placeholder=\"Correo electr\u00f3nico *\" value=\"\" type=\"email\" name=\"contact-email\" \/><\/span>\n\t<\/p>\n<\/div>\n<div class=\"col-md-6\">\n\t<div class=\"select-style big-select\">\n\t\t<p><span class=\"wpcf7-form-control-wrap\" data-name=\"contact-objet\"><select class=\"wpcf7-form-control wpcf7-select bg-transparent no-margin-bottom\" aria-invalid=\"false\" name=\"contact-objet\"><option value=\"Objet de votre message\">Asunto de su mensaje<\/option><option value=\"Informations g\u00e9n\u00e9rales\">informaci\u00f3n general<\/option><option value=\"Presse \/ communication\">Prensa \/ comunicaci\u00f3n<\/option><option value=\"Autre\">Otro<\/option><\/select><\/span>\n\t\t<\/p>\n\t<\/div>\n<\/div>\n<div class=\"col-md-12\">\n\t<p><span class=\"wpcf7-form-control-wrap\" data-name=\"contact-message\"><textarea cols=\"40\" rows=\"3\" maxlength=\"2000\" class=\"wpcf7-form-control wpcf7-textarea xs-margin-20px-bottom big-textarea\" aria-invalid=\"false\" placeholder=\"Tu mensaje\" name=\"contact-message\"><\/textarea><\/span><br \/>\n\t<div class=\"wpcf7-turnstile cf-turnstile\" data-sitekey=\"0x4AAAAAACXr_6SvB6zA9353\" data-response-field-name=\"_wpcf7_turnstile_response\"><\/div>\n<\/div>\n<div class=\"col-md-12\">\n\t<p><input class=\"wpcf7-form-control wpcf7-submit has-spinner btn btn-transparent-dark-gray btn-large margin-20px-top\" type=\"submit\" value=\"enviar\" \/>\n\t<\/p>\n<\/div><div class=\"wpcf7-response-output\" aria-hidden=\"true\"><\/div>\n<input type=\"hidden\" name=\"trp-form-language\" value=\"es\"\/><\/form>\n<\/div>\n<\/div><\/div><\/div><\/section>\n<\/div>","protected":false},"excerpt":{"rendered":"Une question, un message ?Vous avez un doute, une suggestion ou souhaitez tout simplement partager votre enthousiasme pour le festival Tangopostale ? Nous sommes \u00e0 votre \u00e9coute ! Objet de votre messageInformations g\u00e9n\u00e9ralesPresse \/ communicationAutre","protected":false},"author":1,"featured_media":0,"parent":0,"menu_order":0,"comment_status":"closed","ping_status":"closed","template":"","meta":{"footnotes":""},"class_list":["post-76496","page","type-page","status-publish","hentry"],"_links":{"self":[{"href":"https:\/\/tangopostale.com\/es\/wp-json\/wp\/v2\/pages\/76496","targetHints":{"allow":["GET"]}}],"collection":[{"href":"https:\/\/tangopostale.com\/es\/wp-json\/wp\/v2\/pages"}],"about":[{"href":"https:\/\/tangopostale.com\/es\/wp-json\/wp\/v2\/types\/page"}],"author":[{"embeddable":true,"href":"https:\/\/tangopostale.com\/es\/wp-json\/wp\/v2\/users\/1"}],"replies":[{"embeddable":true,"href":"https:\/\/tangopostale.com\/es\/wp-json\/wp\/v2\/comments?post=76496"}],"version-history":[{"count":33,"href":"https:\/\/tangopostale.com\/es\/wp-json\/wp\/v2\/pages\/76496\/revisions"}],"predecessor-version":[{"id":78572,"href":"https:\/\/tangopostale.com\/es\/wp-json\/wp\/v2\/pages\/76496\/revisions\/78572"}],"wp:attachment":[{"href":"https:\/\/tangopostale.com\/es\/wp-json\/wp\/v2\/media?parent=76496"}],"curies":[{"name":"gracias","href":"https:\/\/api.w.org\/{rel}","templated":true}]}}