{"id":5588,"date":"2017-08-08T10:11:37","date_gmt":"2017-08-08T10:11:37","guid":{"rendered":"https:\/\/pofo.themezaa.com\/?page_id=5588"},"modified":"2025-01-31T17:17:10","modified_gmt":"2025-01-31T16:17:10","slug":"coming-soon","status":"publish","type":"page","link":"https:\/\/tangopostale.com\/es\/coming-soon\/","title":{"rendered":"Muy pronto"},"content":{"rendered":"<div class=\"wpb-content-wrapper\"><section data-vc-full-width=\"true\" data-vc-full-width-init=\"false\" data-vc-stretch-content=\"true\" class=\"vc_row wpb_row vc_row-fluid  vc_custom_1510047178638 pofo-stretch-content vc_row-no-padding vc_row-o-full-height vc_row-o-columns-middle vc_row-o-equal-height vc_row-o-content-middle vc_row-flex\"><div class=\"wpb_column vc_column_container vc_col-has-fill cover-background full-screen vc_col-md-6 vc_col-xs-12 sm-display-none\"><div class=\"vc_column-inner cover-background bg-position-right-center vc_custom_1738339341611\"><div class=\"wpb_wrapper\"><\/div><\/div><\/div><div class=\"wpb_column vc_column_container fondo-color full-screen vc_col-md-6 vc_col-xs-12 text-center\"><div class=\"vc_column-inner\"><div class=\"wpb_wrapper\">\n\t<div  class=\"wpb_single_image wpb_content_element vc_align_center  vc_custom_1738338209506\">\n\t\t\n\t\t<figure class=\"wpb_wrapper vc_figure\">\n\t\t\t<div class=\"vc_single_image-wrapper   vc_box_border_grey\"><img loading=\"lazy\" decoding=\"async\" width=\"300\" height=\"120\" src=\"https:\/\/tangopostale.com\/wp-content\/uploads\/2024\/11\/tangopostale-light@2x-300x120.png\" class=\"vc_single_image-img attachment-medium\" alt=\"\" title=\"tangopostale-light@2x\" srcset=\"https:\/\/tangopostale.com\/wp-content\/uploads\/2024\/11\/tangopostale-light@2x-300x120.png 300w, https:\/\/tangopostale.com\/wp-content\/uploads\/2024\/11\/tangopostale-light@2x-1024x410.png 1024w, https:\/\/tangopostale.com\/wp-content\/uploads\/2024\/11\/tangopostale-light@2x-768x307.png 768w, https:\/\/tangopostale.com\/wp-content\/uploads\/2024\/11\/tangopostale-light@2x-1536x614.png 1536w, https:\/\/tangopostale.com\/wp-content\/uploads\/2024\/11\/tangopostale-light@2x-1200x480.png 1200w, https:\/\/tangopostale.com\/wp-content\/uploads\/2024\/11\/tangopostale-light@2x-120x48.png 120w, https:\/\/tangopostale.com\/wp-content\/uploads\/2024\/11\/tangopostale-light@2x-81x32.png 81w, https:\/\/tangopostale.com\/wp-content\/uploads\/2024\/11\/tangopostale-light@2x.png 2000w\" sizes=\"auto, (max-width: 300px) 100vw, 300px\" \/><\/div>\n\t\t<\/figure>\n\t<\/div>\n<div class=\"vc_row wpb_row vc_inner vc_row-fluid  vc_custom_1737197382751 vc_row-has-fill overflow-hidden pofo-inner-row-responsive-69f5291077a7b\"><div class=\"wpb_column vc_column_container vc_col-sm-12  col-xs-mobile-fullwidth text-center pofo-column-responsive-69f5291077b12\"><div class=\"vc_column-inner vc_custom_1509794021022\"><div class=\"wpb_wrapper\"><h6 class=\"text-extra-dark-gray margin-20px-bottom font-weight-600 display-inline-block heading-style2  vc_custom_1733505114252 pofo-button-responsive-69f5291077b86  heading-1\"  style=\"font-weight: 300; color: #ffffff;\">\u00a1El sitio web del festival Tangopostale est\u00e1 en construcci\u00f3n!<\/h6><div class=\"margin-lr-auto  vc_custom_1733505528595 last-paragraph-no-margin pofo-text-block-responsive-69f5291077ba3\" style=\"width: 70%;\"><p class=\"text-medium\">Actualmente estamos trabajando en una nueva versi\u00f3n para brindarte una experiencia a\u00fan mejor. \u00a1Permaneced atentos, os mantendremos informados muy pronto!<\/p>\n<\/div><\/div><\/div><\/div><\/div><div class=\"vc_empty_space\"   style=\"height: 32px\"><span class=\"vc_empty_space_inner\"><\/span><\/div><div id=\"pofo-timer-1\" data-enddate=\"2025\/02\/14\" class=\"margin-nine timer1 countdown counter-box-3 countdown-1\"><\/div><div  class=\"pofo-social-links margin-eight-top xs-margin-30px-top social-icon-style-10 social-icon-1\"><ul class=\"large-icon\"><li><a class=\"facebook-f\" href=\"https:\/\/fr-fr.facebook.com\/Tangopostale\/\" target=\"_blank\"><i class=\"fa-brands fa-facebook-f\"><\/i><span><\/span><\/a><\/li><li><a class=\"instagram\" href=\"https:\/\/www.instagram.com\/tangopostale_officiel\/\" target=\"_blank\"><i class=\"fa-brands fa-instagram\"><\/i><span><\/span><\/a><\/li><li><a class=\"youtube\" href=\"https:\/\/www.youtube.com\/user\/Tangopostale\" target=\"_blank\"><i class=\"fa-brands fa-youtube\"><\/i><span><\/span><\/a><\/li><\/ul><\/div><\/div><\/div><\/div><\/section><div class=\"vc_row-full-width vc_clearfix\"><\/div>\n<\/div>","protected":false},"excerpt":{"rendered":"Le site web du festival Tangopostale est en construction !Nous travaillons actuellement sur une toute nouvelle version pour vous offrir une exp\u00e9rience encore meilleure. Restez connect\u00e9s, nous vous tiendrons inform\u00e9s tr\u00e8s bient\u00f4t !","protected":false},"author":1,"featured_media":0,"parent":0,"menu_order":0,"comment_status":"closed","ping_status":"closed","template":"","meta":{"footnotes":""},"class_list":["post-5588","page","type-page","status-publish","hentry"],"_links":{"self":[{"href":"https:\/\/tangopostale.com\/es\/wp-json\/wp\/v2\/pages\/5588","targetHints":{"allow":["GET"]}}],"collection":[{"href":"https:\/\/tangopostale.com\/es\/wp-json\/wp\/v2\/pages"}],"about":[{"href":"https:\/\/tangopostale.com\/es\/wp-json\/wp\/v2\/types\/page"}],"author":[{"embeddable":true,"href":"https:\/\/tangopostale.com\/es\/wp-json\/wp\/v2\/users\/1"}],"replies":[{"embeddable":true,"href":"https:\/\/tangopostale.com\/es\/wp-json\/wp\/v2\/comments?post=5588"}],"version-history":[{"count":13,"href":"https:\/\/tangopostale.com\/es\/wp-json\/wp\/v2\/pages\/5588\/revisions"}],"predecessor-version":[{"id":76792,"href":"https:\/\/tangopostale.com\/es\/wp-json\/wp\/v2\/pages\/5588\/revisions\/76792"}],"wp:attachment":[{"href":"https:\/\/tangopostale.com\/es\/wp-json\/wp\/v2\/media?parent=5588"}],"curies":[{"name":"gracias","href":"https:\/\/api.w.org\/{rel}","templated":true}]}}