{"id":77066,"date":"2025-02-05T15:02:25","date_gmt":"2025-02-05T14:02:25","guid":{"rendered":"https:\/\/tangopostale.com\/wp\/?page_id=77066"},"modified":"2025-03-18T17:11:35","modified_gmt":"2025-03-18T16:11:35","slug":"hebergements","status":"publish","type":"page","link":"https:\/\/tangopostale.com\/en\/hebergements\/","title":{"rendered":"Accommodation"},"content":{"rendered":"<div class=\"wpb-content-wrapper\"><section data-vc-full-width=\"true\" data-vc-full-width-init=\"false\" data-vc-stretch-content=\"true\" class=\"vc_row wpb_row vc_row-fluid  vc_custom_1738763845490 vc_row-has-fill pofo-stretch-content\"><div class=\"wpb_column vc_column_container vc_col-sm-2  col-xs-mobile-fullwidth\"><div class=\"vc_column-inner\"><div class=\"wpb_wrapper\"><\/div><\/div><\/div><div class=\"wpb_column vc_column_container vc_col-sm-8  col-xs-mobile-fullwidth text-center\"><div class=\"vc_column-inner\"><div class=\"wpb_wrapper\"><h5 class=\"text-extra-dark-gray margin-20px-bottom font-weight-600 display-inline-block alt-font heading-style2  vc_custom_1738754775060 pofo-button-responsive-69e8f76248ace  heading-1\" >Hotels in the city center<\/h5><div class=\"vc_separator wpb_content_element vc_separator_align_center vc_sep_width_100 vc_sep_pos_align_center vc_separator_no_text\" ><span class=\"vc_sep_holder vc_sep_holder_l\"><span style=\"border-color:#e3005d;\" class=\"vc_sep_line\"><\/span><\/span><span class=\"vc_sep_holder vc_sep_holder_r\"><span style=\"border-color:#e3005d;\" class=\"vc_sep_line\"><\/span><\/span>\n<\/div><\/div><\/div><\/div><div class=\"wpb_column vc_column_container vc_col-sm-2  col-xs-mobile-fullwidth\"><div class=\"vc_column-inner\"><div class=\"wpb_wrapper\"><\/div><\/div><\/div><\/section><div class=\"vc_row-full-width vc_clearfix\"><\/div><section data-vc-full-width=\"true\" data-vc-full-width-init=\"false\" data-vc-stretch-content=\"true\" class=\"vc_row wpb_row vc_row-fluid  vc_custom_1738763022211 vc_row-has-fill pofo-stretch-content vc_row-o-full-height vc_row-o-columns-top vc_row-flex\"><div class=\"wpb_column vc_column_container vc_col-sm-4  col-xs-mobile-fullwidth\"><div class=\"vc_column-inner\"><div class=\"wpb_wrapper\"><div class=\"bg-white featurebox34 pofo-featurebox featurebox34-1\" ><img loading=\"lazy\" decoding=\"async\" src=\"https:\/\/tangopostale.com\/wp-content\/uploads\/2025\/02\/image-facade-1-1-e1624967577487-800x800.jpg\" width=\"800\" height=\"800\"  alt=\"\" srcset=\"https:\/\/tangopostale.com\/wp-content\/uploads\/2025\/02\/image-facade-1-1-e1624967577487-800x800.jpg 800w, https:\/\/tangopostale.com\/wp-content\/uploads\/2025\/02\/image-facade-1-1-e1624967577487-150x150.jpg 150w\" sizes=\"auto, (max-width: 800px) 100vw, 800px\" class=\"icon-image\"\/><div class=\"padding-45px-all sm-padding-15px-all inner-match-height\"><span class=\"text-extra-dark-gray font-weight-600 display-block alt-font margin-10px-bottom\" style=\"font-size: 18px; line-height: 26px; font-weight: 600;\" data-fontsize=\"18px\" data-lineheight=\"26px\">Hotel Bell Tower of Rodez<\/span><div class=\"last-paragraph-no-margin\"><h4 class=\"text-light-gray text-deep-pink alt-font font-weight-300 margin-20px-bottom\">***<\/h4>\n<p><strong>Official host of our artists!<\/strong><br \/>\n14-15 Place Jeanne d&#039;Arc,<br \/>\n31000 Toulouse<br \/>\n05 61 62 42 92<br \/>\n<a href=\"mailto:contact@hotel-clocher-toulouse.com\">contact@hotel-clocher-toulouse.com<\/a><\/p>\n<\/div><a class=\"btn btn-small btn-rounded btn-transparent-dark-gray margin-25px-top\" target=\"_blank\" href=\"https:\/\/www.hotel-clocher-toulouse.com\/\">Site<i class=\"ti-arrow-right\"><\/i><\/a><\/div><\/div><\/div><\/div><\/div><div class=\"wpb_column vc_column_container vc_col-sm-8  col-xs-mobile-fullwidth\"><div class=\"vc_column-inner\"><div class=\"wpb_wrapper\"><div class=\"vc_row wpb_row vc_inner vc_row-fluid   vc_row-o-equal-height vc_row-o-content-top vc_row-flex\"><div class=\"wpb_column vc_column_container vc_col-sm-6 vc_col-md-4 col-xs-mobile-fullwidth\"><div class=\"vc_column-inner vc_custom_1741360889841\"><div class=\"wpb_wrapper\"><div class=\"featurebox41 pofo-featurebox  border-radius-10 position-relative overflow-hidden bg-white padding-eighteen-all md-padding-twelve-all featurebox41-1\" ><h4 class=\"text-light-gray text-deep-pink alt-font font-weight-300 margin-20px-bottom\" style=\"\">****<\/h4><div class=\"alt-font text-large text-extra-dark-gray margin-10px-bottom md-margin-5px-bottom font-weight-600 feature-title\">Crowne Plaza Hotel<\/div><div class=\"center-col\"><p>7, place du Capitole,<br \/>\n31000 Toulouse<\/p>\n<\/div><a class=\"btn btn-link text-extra-dark-gray text-deep-pink-hover btn-medium\" target=\"_blank\" href=\"https:\/\/crowne-plaza-toulouse-hotel.hotel-ds.com\/fr\/\">Site<\/a><\/div><\/div><\/div><\/div><div class=\"wpb_column vc_column_container vc_col-sm-6 vc_col-md-4 col-xs-mobile-fullwidth\"><div class=\"vc_column-inner vc_custom_1741360847209\"><div class=\"wpb_wrapper\"><div class=\"featurebox41 pofo-featurebox  border-radius-10 position-relative overflow-hidden bg-white padding-eighteen-all md-padding-twelve-all featurebox41-2\" ><h4 class=\"text-light-gray text-deep-pink alt-font font-weight-300 margin-20px-bottom\" style=\"\">****<\/h4><div class=\"alt-font text-large text-extra-dark-gray margin-10px-bottom md-margin-5px-bottom font-weight-600 feature-title\">Hotel Palladia<\/div><div class=\"center-col\"><p>271, Avenue de Grande Bretagne,<br \/>\n31300 Toulouse<\/p>\n<\/div><a class=\"btn btn-link text-extra-dark-gray text-deep-pink-hover btn-medium\" target=\"_blank\" href=\"http:\/\/www.hotelpalladia.com\/\">Site<\/a><\/div><\/div><\/div><\/div><div class=\"wpb_column vc_column_container vc_col-sm-6 vc_col-md-4 col-xs-mobile-fullwidth\"><div class=\"vc_column-inner vc_custom_1741360877476\"><div class=\"wpb_wrapper\"><div class=\"featurebox41 pofo-featurebox  border-radius-10 position-relative overflow-hidden bg-white padding-eighteen-all md-padding-twelve-all featurebox41-3\" ><h4 class=\"text-light-gray text-deep-pink alt-font font-weight-300 margin-20px-bottom\" style=\"\">***<\/h4><div class=\"alt-font text-large text-extra-dark-gray margin-10px-bottom md-margin-5px-bottom font-weight-600 feature-title\">Adagio Access Saint-Cyprien<\/div><div class=\"center-col\"><p>37 ter, avenue Etienne Billi\u00e8res,<br \/>\n31300 Toulouse<\/p>\n<div class=\"text-small\">Aparthotels located a stone&#039;s throw from the Saint-Cyprien metro station (line A).<\/div>\n<\/div><a class=\"btn btn-link text-extra-dark-gray text-deep-pink-hover btn-medium\" target=\"_blank\" href=\"https:\/\/www.adagio-city.com\/fr\/hotel-8399-aparthotel-adagio-access-toulouse-saint-cyprien\/index.shtml\">Site<\/a><\/div><\/div><\/div><\/div><div class=\"wpb_column vc_column_container vc_col-sm-6 vc_col-md-4 col-xs-mobile-fullwidth\"><div class=\"vc_column-inner vc_custom_1738764020146\"><div class=\"wpb_wrapper\"><div class=\"featurebox41 pofo-featurebox  border-radius-10 position-relative overflow-hidden bg-white padding-eighteen-all md-padding-twelve-all featurebox41-4\" ><h4 class=\"text-light-gray text-deep-pink alt-font font-weight-300 margin-20px-bottom\" style=\"\">****<\/h4><div class=\"alt-font text-large text-extra-dark-gray margin-10px-bottom md-margin-5px-bottom font-weight-600 feature-title\">Adagio Access Toulouse Jolimont<\/div><div class=\"center-col\"><p>11, avenue L\u00e9on Blum,<br \/>\n31500 Toulouse<\/p>\n<\/div><a class=\"btn btn-link text-extra-dark-gray text-deep-pink-hover btn-medium\" target=\"_blank\" href=\"https:\/\/www.adagio-city.com\/fr\/hotel-8388-aparthotel-adagio-access-toulouse-jolimont\/index.shtml\">Site<\/a><\/div><\/div><\/div><\/div><div class=\"wpb_column vc_column_container vc_col-sm-6 vc_col-md-4 col-xs-mobile-fullwidth\"><div class=\"vc_column-inner vc_custom_1738764013524\"><div class=\"wpb_wrapper\"><div class=\"featurebox41 pofo-featurebox  border-radius-10 position-relative overflow-hidden bg-white padding-eighteen-all md-padding-twelve-all featurebox41-5\" ><h4 class=\"text-light-gray text-deep-pink alt-font font-weight-300 margin-20px-bottom\" style=\"\">****<\/h4><div class=\"alt-font text-large text-extra-dark-gray margin-10px-bottom md-margin-5px-bottom font-weight-600 feature-title\">Wilson Toulouse City Cars<\/div><div class=\"center-col\"><p>8, boulevard de Strasbourg,<br \/>\n31000 Toulouse<\/p>\n<div class=\"text-small\">Aparthotels located a stone&#039;s throw from the Jean-Jaur\u00e8s metro station (lines A and B).<\/div>\n<\/div><\/div><\/div><\/div><\/div><div class=\"wpb_column vc_column_container vc_col-sm-6 vc_col-md-4 col-xs-mobile-fullwidth\"><div class=\"vc_column-inner vc_custom_1738763986346\"><div class=\"wpb_wrapper\"><div class=\"featurebox41 pofo-featurebox  vc_custom_1738763227536  border-radius-10 position-relative overflow-hidden bg-white padding-eighteen-all md-padding-twelve-all featurebox41-6\" ><h4 class=\"text-light-gray text-deep-pink alt-font font-weight-300 margin-20px-bottom\" style=\"\">****<\/h4><div class=\"alt-font text-large text-extra-dark-gray margin-10px-bottom md-margin-5px-bottom font-weight-600 feature-title\">IBIS Styles Toulouse Canal du Midi<\/div><div class=\"center-col\"><p>5, boulevard de la gare, 31500 Toulouse<\/p>\n<div class=\"text-small\">The IBIS Styles Canal du Midi hotel is located in the city center of Toulouse, a few meters from the Fran\u00e7ois Verdier metro station (line B), just behind the Halle aux Grains. Toulouse Matabiau train station is located 10 minutes from the hotel.<\/div>\n<\/div><a class=\"btn btn-link text-extra-dark-gray text-deep-pink-hover btn-medium\" target=\"_blank\" href=\"https:\/\/all.accor.com\/hotel\/B3A1\/index.fr.shtml\">Site<\/a><\/div><\/div><\/div><\/div><\/div><\/div><\/div><\/div><\/section><div class=\"vc_row-full-width vc_clearfix\"><\/div><section class=\"vc_row wpb_row vc_row-fluid\"><div class=\"wpb_column vc_column_container vc_col-sm-4  col-xs-mobile-fullwidth\"><div class=\"vc_column-inner\"><div class=\"wpb_wrapper\"><div class=\"featurebox3 pofo-featurebox feature-box featurebox3-1\" ><div class=\"content\"><div class=\"text-medium alt-font text-capitalize text-extra-dark-gray margin-10px-bottom sm-margin-5px-bottom\" style=\"font-size: 18px;\" data-fontsize=\"18px\">YOUTH HOSTEL<\/div><div class=\"width-85 margin-lr-auto sm-width-100 last-paragraph-no-margin\"><p><strong>La petite auberge de Saint-Sernin<\/strong><br \/>\nIn a friendly and warm setting in the heart of Toulouse.<br \/>\n<em>17, rue d&#039;Embarthe,<\/em><br \/>\n<em>31000 Toulouse<\/em><\/p>\n<p><a href=\"https:\/\/lapetiteaubergedesaintsernin.com\/\"><strong>\u279c Discover<\/strong><\/a><\/p>\n<\/div><\/div><\/div><\/div><\/div><\/div><div class=\"wpb_column vc_column_container vc_col-sm-4  col-xs-mobile-fullwidth\"><div class=\"vc_column-inner\"><div class=\"wpb_wrapper\"><div class=\"featurebox3 pofo-featurebox feature-box featurebox3-2\" ><div class=\"content\"><div class=\"text-medium alt-font text-capitalize text-extra-dark-gray margin-10px-bottom sm-margin-5px-bottom\" style=\"font-size: 18px;\" data-fontsize=\"18px\">STAYING WITH A RESIDENT<\/div><div class=\"width-85 margin-lr-auto sm-width-100 last-paragraph-no-margin\"><p>The sites <a href=\"http:\/\/www.airbnb.fr\/\" target=\"_blank\" rel=\"noopener\">Airbnb<\/a> and the other with <a href=\"https:\/\/www.abritel.fr\/\" target=\"_blank\" rel=\"noopener\">HomeAway<\/a> offer many possibilities in Toulouse (entire accommodation, shared accommodation, rooms, etc.).<\/p>\n<p>Also remember to register on the Facebook group Groupe festivaliers Tangopostale to post an offer or search for accommodation between tanguer@s!<\/p>\n<p><strong><a href=\"https:\/\/www.facebook.com\/groups\/108681902880\">\u279c Access the Facebook group<\/a><\/strong><\/p>\n<\/div><\/div><\/div><\/div><\/div><\/div><div class=\"wpb_column vc_column_container vc_col-sm-4  col-xs-mobile-fullwidth\"><div class=\"vc_column-inner\"><div class=\"wpb_wrapper\"><div class=\"featurebox3 pofo-featurebox feature-box featurebox3-3\" ><div class=\"content\"><div class=\"text-medium alt-font text-capitalize text-extra-dark-gray margin-10px-bottom sm-margin-5px-bottom\" style=\"font-size: 18px;\" data-fontsize=\"18px\">CAMPING, MOTORHOME\/TRUCKS AND CARAVANS<\/div><div class=\"width-85 margin-lr-auto sm-width-100 last-paragraph-no-margin\"><p>Find the list of campsites on the Toulouse tourist office website.<\/p>\n<p><a href=\"https:\/\/www.toulouse-tourisme.com\/preparer-son-sejour\/se-loger\/campings\/\"><strong>\u279c Consult the list<\/strong><\/a><\/p>\n<\/div><\/div><\/div><\/div><\/div><\/div><\/section>\n<\/div>","protected":false},"excerpt":{"rendered":"H\u00f4tels en centre-ville H\u00f4tel Clocher De Rodez*** H\u00e9bergeur officiel de nos artistes ! 14-15 place Jeanne d'Arc, 31000 Toulouse 05 61 62 42 92 contact@hotel-clocher-toulouse.com Site****H\u00f4tel Crowne Plaza7, place du Capitole, 31000 Toulouse Site****H\u00f4tel Palladia271, Avenue de Grande Bretagne, 31300 Toulouse Site***Adagio Access Saint-Cyprien37 ter, avenue Etienne Billi\u00e8res, 31300 Toulouse Appart'-h\u00f4tels situ\u00e9s \u00e0 2 pas du m\u00e9tro Saint-Cyprien\u00a0(ligne A). Site****Adagio Access Toulouse Jolimont11, avenue L\u00e9on Blum, 31500 Toulouse Site****Citadines Wilson Toulouse8, boulevard de Strasbourg, 31000 Toulouse Appart'-h\u00f4tels situ\u00e9s \u00e0 2 pas du m\u00e9tro Jean-Jaur\u00e8s (ligne A et B). ****IBIS Styles Toulouse Canal du Midi5, boulevard de la gare, 31500 Toulouse L\u2019h\u00f4tel IBIS Styles Canal du Midi est situ\u00e9 au centre-ville de Toulouse, \u00e0 quelques m\u00e8tres du m\u00e9tro Fran\u00e7ois Verdier (ligne B), juste derri\u00e8re la Halle aux Grains. La gare de Toulouse Matabiau est situ\u00e9e \u00e0 10 minutes de l\u2019h\u00f4tel. SiteAUBERGE DE JEUNESSELa petite auberge de Saint-Sernin Dans un cadre convivial et chaleureux en plein c\u0153ur de Toulouse. 17, rue d'Embarthe, 31000 Toulouse \u279c D\u00e9couvrir SE LOGER CHEZ L'HABITANTLes sites Airbnb et Abritel offrent de nombreuses possibilit\u00e9s \u00e0 Toulouse (logements entiers, \u00e0 partager, chambres...). Pensez \u00e9galement \u00e0 vous inscrire sur le groupe Facebook Groupe festivaliers Tangopostale pour poster une offre ou...","protected":false},"author":1,"featured_media":0,"parent":0,"menu_order":0,"comment_status":"closed","ping_status":"closed","template":"","meta":{"footnotes":""},"class_list":["post-77066","page","type-page","status-publish","hentry"],"_links":{"self":[{"href":"https:\/\/tangopostale.com\/en\/wp-json\/wp\/v2\/pages\/77066","targetHints":{"allow":["GET"]}}],"collection":[{"href":"https:\/\/tangopostale.com\/en\/wp-json\/wp\/v2\/pages"}],"about":[{"href":"https:\/\/tangopostale.com\/en\/wp-json\/wp\/v2\/types\/page"}],"author":[{"embeddable":true,"href":"https:\/\/tangopostale.com\/en\/wp-json\/wp\/v2\/users\/1"}],"replies":[{"embeddable":true,"href":"https:\/\/tangopostale.com\/en\/wp-json\/wp\/v2\/comments?post=77066"}],"version-history":[{"count":37,"href":"https:\/\/tangopostale.com\/en\/wp-json\/wp\/v2\/pages\/77066\/revisions"}],"predecessor-version":[{"id":78107,"href":"https:\/\/tangopostale.com\/en\/wp-json\/wp\/v2\/pages\/77066\/revisions\/78107"}],"wp:attachment":[{"href":"https:\/\/tangopostale.com\/en\/wp-json\/wp\/v2\/media?parent=77066"}],"curies":[{"name":"wp","href":"https:\/\/api.w.org\/{rel}","templated":true}]}}