{"id":77012,"date":"2025-02-05T12:04:42","date_gmt":"2025-02-05T11:04:42","guid":{"rendered":"https:\/\/tangopostale.com\/wp\/?page_id=77012"},"modified":"2026-03-04T15:27:38","modified_gmt":"2026-03-04T14:27:38","slug":"transports","status":"publish","type":"page","link":"https:\/\/tangopostale.com\/en\/transports\/","title":{"rendered":"Transports"},"content":{"rendered":"<div class=\"wpb-content-wrapper\"><section data-vc-full-width=\"true\" data-vc-full-width-init=\"false\" class=\"vc_row wpb_row vc_row-fluid   pofo-stretch-content pofo-stretch-row-container\"><div class=\"wpb_column vc_column_container vc_col-sm-12  col-xs-mobile-fullwidth\"><div class=\"vc_column-inner\"><div class=\"wpb_wrapper\"><div class=\"tab-style1\"><div class=\"row\"><div class=\"col-md-12 col-sm-12\"><ul class=\"nav nav-tabs margin-50px-bottom xs-no-margin-bottom text-center\"><li  class=\"active\"><a href=\"#pofotabitem-11504512429-1-7-01\" data-toggle=\"tab\" class=\"text-small\"><span><i class=\"fa-solid fa-truck-plane icon-medium text-medium-gray margin-10px-bottom display-block\"><\/i><\/span><span class=\"alt-font text-medium-gray text-uppercase\">COME TO TOULOUSE<\/span><\/a><\/li><li ><a href=\"#pofotabitem-11504512429-2-24-11\" data-toggle=\"tab\" class=\"text-small\"><span><i class=\"fa-solid fa-map-location icon-medium text-medium-gray margin-10px-bottom display-block\"><\/i><\/span><span class=\"alt-font text-medium-gray text-uppercase\">GETTING AROUND TOULOUSE<\/span><\/a><\/li><li ><a href=\"#pofotabitem-11504513847393-2-7-21\" data-toggle=\"tab\" class=\"text-small\"><span><i class=\"fa-solid fa-bus-simple icon-medium text-medium-gray margin-10px-bottom display-block\"><\/i><\/span><span class=\"alt-font text-medium-gray text-uppercase\">GETTING TO THE HOUSE OF TANGO<\/span><\/a><\/li><li ><a href=\"#pofotabitem-11504513866167-3-9-31\" data-toggle=\"tab\" class=\"text-small\"><span><i class=\"fa-solid fa-car-side icon-medium text-medium-gray margin-10px-bottom display-block\"><\/i><\/span><span class=\"alt-font text-medium-gray text-uppercase\">GETTING TO MAS TOLOSA<\/span><\/a><\/li><\/ul><\/div><\/div><div class=\"tab-content\"><div class=\"tab-pane fade in active\" id=\"pofotabitem-11504512429-1-7-01\"><div class=\"vc_row wpb_row vc_inner vc_row-fluid  vc_custom_1738750673375 vc_column-gap-30 vc_row-o-equal-height vc_row-o-content-top vc_row-flex pofo-inner-row-responsive-69d80571d1729\"><div class=\"wpb_column vc_column_container vc_col-has-fill vc_col-sm-12 vc_col-md-4 vc_col-xs-12\"><div class=\"vc_column-inner fix-background vc_custom_1738750214121\"><div class=\"wpb_wrapper\">\n\t<div  class=\"wpb_single_image wpb_content_element vc_align_center\">\n\t\t\n\t\t<figure class=\"wpb_wrapper vc_figure\">\n\t\t\t<div class=\"vc_single_image-wrapper   vc_box_border_grey\"><img loading=\"lazy\" decoding=\"async\" width=\"960\" height=\"641\" src=\"https:\/\/tangopostale.com\/wp-content\/uploads\/2025\/02\/Tangopostale-Milonga-Noche-04072017-19-site.jpg\" class=\"vc_single_image-img attachment-full\" alt=\"\" title=\"Tangopostale - Milonga Noche - 04072017 - 19 - site\" srcset=\"https:\/\/tangopostale.com\/wp-content\/uploads\/2025\/02\/Tangopostale-Milonga-Noche-04072017-19-site.jpg 960w, https:\/\/tangopostale.com\/wp-content\/uploads\/2025\/02\/Tangopostale-Milonga-Noche-04072017-19-site-300x200.jpg 300w, https:\/\/tangopostale.com\/wp-content\/uploads\/2025\/02\/Tangopostale-Milonga-Noche-04072017-19-site-768x513.jpg 768w, https:\/\/tangopostale.com\/wp-content\/uploads\/2025\/02\/Tangopostale-Milonga-Noche-04072017-19-site-18x12.jpg 18w, https:\/\/tangopostale.com\/wp-content\/uploads\/2025\/02\/Tangopostale-Milonga-Noche-04072017-19-site-120x80.jpg 120w, https:\/\/tangopostale.com\/wp-content\/uploads\/2025\/02\/Tangopostale-Milonga-Noche-04072017-19-site-81x54.jpg 81w\" sizes=\"auto, (max-width: 960px) 100vw, 960px\" \/><\/div>\n\t\t<\/figure>\n\t<\/div>\n<\/div><\/div><\/div><div class=\"wpb_column vc_column_container vc_col-has-fill vc_col-sm-12 vc_col-md-8 vc_col-xs-12 pofo-column-responsive-69d80571d2967\"><div class=\"vc_column-inner vc_custom_1738748456594\"><div class=\"wpb_wrapper\"><div class=\"vc_custom_1738750168500 last-paragraph-no-margin\"><ul class=\"no-padding list-style-4\">\n<li>By train: <a href=\"https:\/\/www.sncf.com\/fr\" target=\"_blank\" rel=\"noopener noreferrer\">SNCF<\/a>\u00a0\/\u00a0<a href=\"https:\/\/www.thetrainline.com\/fr\/\" target=\"_blank\" rel=\"noopener noreferrer\">trainline<\/a>\u00a0[Toulouse Matabiau station \u2013 metro access to the \u201cMarengo SNCF\u201d stop (line A)]<\/li>\n<li>By plane, arrival at the<a href=\"http:\/\/www.toulouse.aeroport.fr\/passagers\/vols-destinations\/reserver\" target=\"_blank\" rel=\"noopener noreferrer\">Toulouse-Blagnac airport<\/a>\u00a0(connection with the city center by\u00a0<a href=\"http:\/\/www.toulouse.aeroport.fr\/passagers\/acces-parking\/transports\/transports-en-commun\" target=\"_blank\" rel=\"noopener noreferrer\">the airport shuttle<\/a> (9\u20ac) or with buses 30 or 31 then tram T1 (1.80\u20ac)<\/li>\n<li>By bus (network <a href=\"https:\/\/www.flixbus.fr\/bus\/toulouse\" target=\"_blank\" rel=\"noopener noreferrer\">Flixbus<\/a> from Paris, Bordeaux, Montpellier\u2026)<\/li>\n<li>By carpooling: <a title=\"blah blah because\" href=\"https:\/\/www.covoiturage.fr\/\" target=\"_blank\" rel=\"noopener noreferrer\">Blablacar<\/a><\/li>\n<\/ul>\n<\/div><\/div><\/div><\/div><\/div><\/div><div class=\"tab-pane fade\" id=\"pofotabitem-11504512429-2-24-11\"><div class=\"vc_row wpb_row vc_inner vc_row-fluid   vc_column-gap-30 vc_row-o-equal-height vc_row-o-content-top vc_row-flex pofo-inner-row-responsive-69d80571d2ac0\"><div class=\"wpb_column vc_column_container vc_col-sm-12 vc_col-md-4 vc_col-xs-12\"><div class=\"vc_column-inner vc_custom_1507548225763\"><div class=\"wpb_wrapper\">\n\t<div  class=\"wpb_single_image wpb_content_element vc_align_center\">\n\t\t\n\t\t<figure class=\"wpb_wrapper vc_figure\">\n\t\t\t<div class=\"vc_single_image-wrapper   vc_box_border_grey\"><img loading=\"lazy\" decoding=\"async\" width=\"843\" height=\"562\" src=\"https:\/\/tangopostale.com\/wp-content\/uploads\/2025\/02\/BTP-CC-Compans.jpg\" class=\"vc_single_image-img attachment-full\" alt=\"\" title=\"BTP CC Compans\" srcset=\"https:\/\/tangopostale.com\/wp-content\/uploads\/2025\/02\/BTP-CC-Compans.jpg 843w, https:\/\/tangopostale.com\/wp-content\/uploads\/2025\/02\/BTP-CC-Compans-300x200.jpg 300w, https:\/\/tangopostale.com\/wp-content\/uploads\/2025\/02\/BTP-CC-Compans-768x512.jpg 768w, https:\/\/tangopostale.com\/wp-content\/uploads\/2025\/02\/BTP-CC-Compans-18x12.jpg 18w, https:\/\/tangopostale.com\/wp-content\/uploads\/2025\/02\/BTP-CC-Compans-120x80.jpg 120w, https:\/\/tangopostale.com\/wp-content\/uploads\/2025\/02\/BTP-CC-Compans-81x54.jpg 81w\" sizes=\"auto, (max-width: 843px) 100vw, 843px\" \/><\/div>\n\t\t<\/figure>\n\t<\/div>\n<\/div><\/div><\/div><div class=\"wpb_column vc_column_container vc_col-has-fill vc_col-sm-12 vc_col-md-4 vc_col-xs-12 pofo-column-responsive-69d80571d302a\"><div class=\"vc_column-inner vc_custom_1738750600595\"><div class=\"wpb_wrapper\"><span class=\"text-extra-dark-gray margin-20px-bottom font-weight-600 display-inline-block alt-font text-uppercase heading-style2  vc_custom_1746611723121  heading-1\"  style=\"font-size: 16px; line-height: 23px;\" data-fontsize=\"16px\" data-lineheight=\"23px\">Public transport<\/span><div class=\"vc_custom_1746611739558 last-paragraph-no-margin\"><p>Think about public transport <a href=\"https:\/\/www.tisseo.fr\/\"><strong>Tiss\u00e9o<\/strong><\/a> to get around during the festival (metro, bus, tram, cable car).<\/p>\n<\/div><div class=\"last-paragraph-no-margin\"><ul class=\"no-padding list-style-4\">\n<li><a class=\"\" href=\"http:\/\/www.tisseo.fr\/calculateur\" target=\"_blank\" rel=\"noopener noreferrer\">Calculate your route<\/a> \u2013 <a href=\"https:\/\/www.tisseo.fr\/se-deplacer\/horaires\" target=\"_blank\" rel=\"noopener noreferrer\">Schedules<\/a><\/li>\n<li>In the city center, consider the free Tiss\u00e9o shuttle to get around during the day while resting your feet!<br \/>\nMonday to Saturday, 9:15 a.m. to 7 p.m., every 15 minutes max. (stop on demand with a simple hand signal)<br \/>\n<a href=\"https:\/\/www.tisseo.fr\/sites\/default\/files\/fh\/Tisseo_navette_centreville_web.pdf\" target=\"_blank\" rel=\"noopener noreferrer\">See the route of the Tiss\u00e9o city center shuttle<\/a><\/li>\n<\/ul>\n<\/div>\n\t<div  class=\"wpb_single_image wpb_content_element vc_align_center\">\n\t\t\n\t\t<figure class=\"wpb_wrapper vc_figure\">\n\t\t\t<a href=\"https:\/\/www.tisseo.fr\/\" target=\"_blank\" class=\"vc_single_image-wrapper   vc_box_border_grey\"><img decoding=\"async\" src=\"https:\/\/tangopostale.com\/wp-content\/uploads\/2025\/02\/logo_tisseo.svg\" class=\"vc_single_image-img attachment-full\" alt=\"\" title=\"logo_tisseo\" \/><\/a>\n\t\t<\/figure>\n\t<\/div>\n<\/div><\/div><\/div><div class=\"wpb_column vc_column_container vc_col-has-fill vc_col-sm-12 vc_col-md-4 vc_col-xs-12 pofo-column-responsive-69d80571d3617\"><div class=\"vc_column-inner vc_custom_1738750876037\"><div class=\"wpb_wrapper\"><span class=\"text-extra-dark-gray margin-20px-bottom font-weight-600 display-inline-block alt-font text-uppercase heading-style2  vc_custom_1738750808838  heading-2\"  style=\"font-size: 16px; line-height: 23px;\" data-fontsize=\"16px\" data-lineheight=\"23px\">V\u00e9l\u00f4Toulouse (self-service bicycles)<\/span><div class=\"last-paragraph-no-margin\"><p><a href=\"http:\/\/www.velo.toulouse.fr\/Les-stations\" target=\"_blank\" rel=\"noopener noreferrer\">The stations<\/a><\/p>\n<\/div><div class=\"separator-line-horrizontal-full bg-extra-light-gray pull-left pofo-separator  vc_custom_1739898080567\"><\/div><span class=\"text-extra-dark-gray margin-20px-bottom font-weight-600 display-inline-block alt-font text-uppercase heading-style2  vc_custom_1738750826266  heading-3\"  style=\"font-size: 16px; line-height: 23px;\" data-fontsize=\"16px\" data-lineheight=\"23px\">Citiz (car sharing network in Toulouse)<\/span><div class=\"last-paragraph-no-margin\"><p><a href=\"http:\/\/toulouse.citiz.coop\/\" target=\"_blank\" rel=\"noopener noreferrer\">The stations<\/a><\/p>\n<\/div><\/div><\/div><\/div><\/div><\/div><div class=\"tab-pane fade\" id=\"pofotabitem-11504513847393-2-7-21\"><div class=\"vc_row wpb_row vc_inner vc_row-fluid   vc_column-gap-30 vc_row-o-equal-height vc_row-o-content-top vc_row-flex pofo-inner-row-responsive-69d80571d37ba\"><div class=\"wpb_column vc_column_container vc_col-sm-12 vc_col-md-4 vc_col-xs-12\"><div class=\"vc_column-inner vc_custom_1507548401241\"><div class=\"wpb_wrapper\">\n\t<div  class=\"wpb_single_image wpb_content_element vc_align_center\">\n\t\t\n\t\t<figure class=\"wpb_wrapper vc_figure\">\n\t\t\t<div class=\"vc_single_image-wrapper   vc_box_border_grey\"><img loading=\"lazy\" decoding=\"async\" width=\"2048\" height=\"1536\" src=\"https:\/\/tangopostale.com\/wp-content\/uploads\/2025\/02\/TGDO.jpeg\" class=\"vc_single_image-img attachment-full\" alt=\"\" title=\"TGDO\" srcset=\"https:\/\/tangopostale.com\/wp-content\/uploads\/2025\/02\/TGDO.jpeg 2048w, https:\/\/tangopostale.com\/wp-content\/uploads\/2025\/02\/TGDO-300x225.jpeg 300w, https:\/\/tangopostale.com\/wp-content\/uploads\/2025\/02\/TGDO-1024x768.jpeg 1024w, https:\/\/tangopostale.com\/wp-content\/uploads\/2025\/02\/TGDO-768x576.jpeg 768w, https:\/\/tangopostale.com\/wp-content\/uploads\/2025\/02\/TGDO-1536x1152.jpeg 1536w, https:\/\/tangopostale.com\/wp-content\/uploads\/2025\/02\/TGDO-16x12.jpeg 16w, https:\/\/tangopostale.com\/wp-content\/uploads\/2025\/02\/TGDO-1028x771.jpeg 1028w, https:\/\/tangopostale.com\/wp-content\/uploads\/2025\/02\/TGDO-120x90.jpeg 120w, https:\/\/tangopostale.com\/wp-content\/uploads\/2025\/02\/TGDO-81x61.jpeg 81w\" sizes=\"auto, (max-width: 2048px) 100vw, 2048px\" \/><\/div>\n\t\t<\/figure>\n\t<\/div>\n<\/div><\/div><\/div><div class=\"wpb_column vc_column_container vc_col-has-fill vc_col-sm-12 vc_col-md-4 vc_col-xs-12 pofo-column-responsive-69d80571d3d0f\"><div class=\"vc_column-inner vc_custom_1738751271531\"><div class=\"wpb_wrapper\"><div class=\"last-paragraph-no-margin\"><ul class=\"list-style-4\">\n<li><strong>Public transport:<\/strong> (for one way only)<br \/>\n<a href=\"https:\/\/www.tisseo.fr\/sites\/default\/files\/fh\/Tisseo_ligne_L5web.pdf\">L5<\/a>\u00a0(until 1am), line\u00a0<a href=\"https:\/\/www.tisseo.fr\/sites\/default\/files\/fh\/Tisseo_ligne_13web.pdf\">13<\/a>\u00a0(from St-Cyprien, until around 9 p.m.) and line\u00a0<a href=\"https:\/\/www.tisseo.fr\/sites\/default\/files\/fh\/Tisseo_ligne_25web.pdf\">25<\/a> (Monday to Friday only, until around 9 p.m.), Oncopole stop<\/li>\n<li><strong>By car:<\/strong> easy and free parking in all the surrounding streets!<\/li>\n<li><strong>By cable car:<\/strong> (for the outward journey only) until 00:30 from the Universit\u00e9 Paul-Sabatier metro station (line B), towards Oncopole \u2013 Lise Enjalbert<\/li>\n<\/ul>\n<\/div><\/div><\/div><\/div><div class=\"wpb_column vc_column_container vc_col-has-fill vc_col-sm-12 vc_col-md-4 vc_col-xs-12 pofo-column-responsive-69d80571d3d88\"><div class=\"vc_column-inner vc_custom_1738752626172\"><div class=\"wpb_wrapper\"><span class=\"text-extra-dark-gray margin-20px-bottom font-weight-600 display-inline-block alt-font text-uppercase heading-style2  vc_custom_1738752552678  heading-4\"  style=\"font-size: 16px; line-height: 23px;\" data-fontsize=\"16px\" data-lineheight=\"23px\">Carpooling<\/span><div class=\"last-paragraph-no-margin\"><p>Join the <a href=\"https:\/\/tangueando.fr\/le-groupe-de-covoiturage-de-tangueando\/\" target=\"_blank\" rel=\"noopener noreferrer\">Whatsapp group<\/a> to find carpoolers!\u00a0<a href=\"https:\/\/chat.whatsapp.com\/EW1ZeaSx0vTBJgK1mM3UED\">Click <strong>HERE<\/strong><\/a> or flash this QR code to access it:<\/p>\n<p><img loading=\"lazy\" decoding=\"async\" class=\"aligncenter\" src=\"https:\/\/tangopostale.com\/wp-content\/uploads\/2025\/03\/qr-code-whatsapp-covoit-tangueando.jpeg\" alt=\"QR code covoiturage\" width=\"132\" height=\"131\" \/><\/p>\n<\/div><\/div><\/div><\/div><\/div><\/div><div class=\"tab-pane fade\" id=\"pofotabitem-11504513866167-3-9-31\"><div class=\"vc_row wpb_row vc_inner vc_row-fluid   vc_column-gap-30 vc_row-o-equal-height vc_row-o-content-top vc_row-flex pofo-inner-row-responsive-69d80571d3e5e\"><div class=\"wpb_column vc_column_container vc_col-sm-12 vc_col-md-4 vc_col-xs-12\"><div class=\"vc_column-inner vc_custom_1507548529496\"><div class=\"wpb_wrapper\">\n\t<div  class=\"wpb_single_image wpb_content_element vc_align_center\">\n\t\t\n\t\t<figure class=\"wpb_wrapper vc_figure\">\n\t\t\t<div class=\"vc_single_image-wrapper   vc_box_border_grey\"><img loading=\"lazy\" decoding=\"async\" width=\"960\" height=\"641\" src=\"https:\/\/tangopostale.com\/wp-content\/uploads\/2025\/02\/Reportage_-_Tangopostale_-_01-Manu-site.jpg\" class=\"vc_single_image-img attachment-full\" alt=\"\" title=\"Report_-_Tangopostale_-_01-Manu - site\" srcset=\"https:\/\/tangopostale.com\/wp-content\/uploads\/2025\/02\/Reportage_-_Tangopostale_-_01-Manu-site.jpg 960w, https:\/\/tangopostale.com\/wp-content\/uploads\/2025\/02\/Reportage_-_Tangopostale_-_01-Manu-site-300x200.jpg 300w, https:\/\/tangopostale.com\/wp-content\/uploads\/2025\/02\/Reportage_-_Tangopostale_-_01-Manu-site-768x513.jpg 768w, https:\/\/tangopostale.com\/wp-content\/uploads\/2025\/02\/Reportage_-_Tangopostale_-_01-Manu-site-18x12.jpg 18w, https:\/\/tangopostale.com\/wp-content\/uploads\/2025\/02\/Reportage_-_Tangopostale_-_01-Manu-site-120x80.jpg 120w, https:\/\/tangopostale.com\/wp-content\/uploads\/2025\/02\/Reportage_-_Tangopostale_-_01-Manu-site-81x54.jpg 81w\" sizes=\"auto, (max-width: 960px) 100vw, 960px\" \/><\/div>\n\t\t<\/figure>\n\t<\/div>\n<\/div><\/div><\/div><div class=\"wpb_column vc_column_container vc_col-has-fill vc_col-sm-12 vc_col-md-4 vc_col-xs-12 pofo-column-responsive-69d80571d42b5\"><div class=\"vc_column-inner vc_custom_1738752754667\"><div class=\"wpb_wrapper\"><span class=\"text-extra-dark-gray margin-20px-bottom font-weight-600 display-inline-block alt-font text-uppercase heading-style2  vc_custom_1738752801818  heading-5\"  style=\"font-size: 16px; line-height: 23px;\" data-fontsize=\"16px\" data-lineheight=\"23px\">Shuttles<\/span><div class=\"last-paragraph-no-margin\"><p>We are setting up free Tangopostale shuttle buses to reach the Patte d&#039;Oie metro station (line B) and Mas Tolosa on July 11th and 12th<\/p>\n<p>More information coming soon!<\/p>\n<\/div><\/div><\/div><\/div><div class=\"wpb_column vc_column_container vc_col-has-fill vc_col-sm-12 vc_col-md-4 vc_col-xs-12 pofo-column-responsive-69d80571d432f\"><div class=\"vc_column-inner vc_custom_1738752767761\"><div class=\"wpb_wrapper\"><span class=\"text-extra-dark-gray margin-20px-bottom font-weight-600 display-inline-block alt-font text-uppercase heading-style2  vc_custom_1738753316993  heading-6\"  style=\"font-size: 16px; line-height: 23px;\" data-fontsize=\"16px\" data-lineheight=\"23px\">Carpooling<\/span><div class=\"last-paragraph-no-margin\"><p>Play the friendly game and carpool to make it easier for all festival-goers to get to Mas Tolosa!<\/p>\n<\/div><\/div><\/div><\/div><\/div><\/div><\/div><\/div><\/div><\/div><\/div><\/section><div class=\"vc_row-full-width vc_clearfix\"><\/div>\n<\/div>","protected":false},"excerpt":{"rendered":"COMING TO TOULOUSE GETTING AROUND TOULOUSE GETTING TO THE MAISON DU TANGOSE GETTING TO MAS TOLOSA By train: SNCF \/ trainline [Toulouse Matabiau station - access by metro to the &quot;Marengo SNCF&quot; stop (line A)] By plane, arrive at Toulouse-Blagnac airport (connection to the city center by the airport shuttle (\u20ac9) or by bus 30 or 31 then tram T1 (\u20ac1.80)) By bus (Flixbus network from Paris, Bordeaux, Montpellier, etc.) By carpooling: Blablacar Public transport Consider Tiss\u00e9o public transport to get around during the festival (metro, bus, tram, cable car). Calculate your route - Timetable In the city center, consider the free Tiss\u00e9o shuttle to get around during the day while resting your feet! Monday to Saturday, from 9:15 a.m. to 7 p.m., every 15 minutes max. (stop on demand with a simple hand signal) See the Tiss\u00e9o city center shuttle route V\u00e9l\u00f4Toulouse (self-service bikes) Citiz stations (car-sharing network in Toulouse) Stations Public transport: (for one way only) L5 (until 1 a.m.), line 13 (from St-Cyprien, until around 9 p.m.) and line 25 (Monday to Friday only, until around 9 p.m.), Oncopole stop By car: easy and free parking in all the surrounding streets! By cable car: (for one way only) until 12:30 a.m....","protected":false},"author":1,"featured_media":0,"parent":0,"menu_order":0,"comment_status":"closed","ping_status":"closed","template":"","meta":{"footnotes":""},"class_list":["post-77012","page","type-page","status-publish","hentry"],"_links":{"self":[{"href":"https:\/\/tangopostale.com\/en\/wp-json\/wp\/v2\/pages\/77012","targetHints":{"allow":["GET"]}}],"collection":[{"href":"https:\/\/tangopostale.com\/en\/wp-json\/wp\/v2\/pages"}],"about":[{"href":"https:\/\/tangopostale.com\/en\/wp-json\/wp\/v2\/types\/page"}],"author":[{"embeddable":true,"href":"https:\/\/tangopostale.com\/en\/wp-json\/wp\/v2\/users\/1"}],"replies":[{"embeddable":true,"href":"https:\/\/tangopostale.com\/en\/wp-json\/wp\/v2\/comments?post=77012"}],"version-history":[{"count":76,"href":"https:\/\/tangopostale.com\/en\/wp-json\/wp\/v2\/pages\/77012\/revisions"}],"predecessor-version":[{"id":78851,"href":"https:\/\/tangopostale.com\/en\/wp-json\/wp\/v2\/pages\/77012\/revisions\/78851"}],"wp:attachment":[{"href":"https:\/\/tangopostale.com\/en\/wp-json\/wp\/v2\/media?parent=77012"}],"curies":[{"name":"wp","href":"https:\/\/api.w.org\/{rel}","templated":true}]}}