{"id":76969,"date":"2025-02-05T09:27:38","date_gmt":"2025-02-05T08:27:38","guid":{"rendered":"https:\/\/tangopostale.com\/wp\/?page_id=76969"},"modified":"2026-04-01T09:47:33","modified_gmt":"2026-04-01T07:47:33","slug":"pass-tarifs","status":"publish","type":"page","link":"https:\/\/tangopostale.com\/en\/pass-tarifs\/","title":{"rendered":"Prices &amp; PASS"},"content":{"rendered":"<div class=\"wpb-content-wrapper\"><section class=\"vc_row wpb_row vc_row-fluid  vc_custom_1770994859068 vc_row-has-fill vc_column-gap-10\"><div class=\"wpb_column vc_column_container vc_col-has-fill vc_col-sm-4  col-xs-mobile-fullwidth pofo-column-responsive-69e8aedca1a64\"><div class=\"vc_column-inner vc_custom_1741358144521\"><div class=\"wpb_wrapper\"><div class=\"padding-fifteen-all xs-padding-five-lr xs-padding-ten-tb display-table-cell vertical-align-middle featurebox6-1 featurebox6 pofo-featurebox\" ><i class=\"link-icon margin-two-top text-deep-pink fa-solid fa-arrows-up-down icon-medium\"><\/i><h6 class=\"display-block alt-font font-weight-600 text-extra-dark-gray margin-25px-top sm-margin-15px-top\" style=\"font-weight: 600;\">Reduced rates<\/h6><div class=\"last-paragraph-no-margin margin-5px-top\"><p><strong>We offer reduced rates valid for certain events: consult the event pages for more details.<\/strong><\/p>\n<p><strong>TR1<\/strong>\u00a0: FITT members, patrons, groups (10+ people)<br \/>\n<strong>TR2<\/strong> : Students, under 26, job seekers<\/p>\n<\/div><\/div><\/div><\/div><\/div><div class=\"wpb_column vc_column_container vc_col-has-fill vc_col-sm-4  col-xs-mobile-fullwidth\"><div class=\"vc_column-inner vc_custom_1741358168836\"><div class=\"wpb_wrapper\"><div class=\"padding-fifteen-all xs-padding-five-lr xs-padding-ten-tb display-table-cell vertical-align-middle featurebox6-2 featurebox6 pofo-featurebox\" ><i class=\"link-icon margin-two-top text-deep-pink fa-solid fa-house-user icon-medium\"><\/i><h6 class=\"display-block alt-font font-weight-600 text-extra-dark-gray margin-25px-top sm-margin-15px-top\" style=\"font-weight: 600;\">Presales<\/h6><div class=\"last-paragraph-no-margin margin-5px-top\"><p><strong>You can choose to purchase all your tickets upon arrival at the festival, with the assistance of a member of our team.<\/strong><\/p>\n<p>A pre-sale booth is set up at the reception chalet on Place Saint-Pierre. You can buy your individual tickets and PASSES there from 4pm to 7pm, from Monday 6th to Saturday 11th July (subject to availability).<\/p>\n<\/div><\/div><\/div><\/div><\/div><div class=\"wpb_column vc_column_container vc_col-has-fill vc_col-sm-4  col-xs-mobile-fullwidth\"><div class=\"vc_column-inner vc_custom_1741358219697\"><div class=\"wpb_wrapper\"><div class=\"padding-fifteen-all xs-padding-five-lr xs-padding-ten-tb display-table-cell vertical-align-middle featurebox6-3 featurebox6 pofo-featurebox\" ><i class=\"link-icon margin-two-top text-deep-pink fa-solid fa-ticket icon-medium\"><\/i><h6 class=\"display-block alt-font font-weight-600 text-extra-dark-gray margin-25px-top sm-margin-15px-top\" style=\"font-weight: 600;\">Single ticket sales<\/h6><div class=\"last-paragraph-no-margin margin-5px-top\"><p><strong>Except for PASS, all events are available for individual sale during the festival.<\/strong><\/p>\n<p>Tickets will also be sold by the unit throughout the festival and will be available online through Festik or at each venue (subject to availability).<\/p>\n<\/div><\/div><\/div><\/div><\/div><\/section><section class=\"vc_row wpb_row vc_row-fluid  vc_custom_1770994729593\"><div class=\"wpb_column vc_column_container vc_col-sm-12  col-xs-mobile-fullwidth\"><div class=\"vc_column-inner\"><div class=\"wpb_wrapper\"><div class=\"vc_row wpb_row vc_inner vc_row-fluid\"><div class=\"wpb_column vc_column_container vc_col-sm-2 vc_col-lg-2 vc_col-md-3 vc_hidden-xs col-xs-mobile-fullwidth\"><div class=\"vc_column-inner\"><div class=\"wpb_wrapper\"><\/div><\/div><\/div><div class=\"wpb_column vc_column_container vc_col-sm-8 vc_col-lg-8 vc_col-md-6 vc_col-xs-12 text-center pofo-column-responsive-69e8aedca1d62\"><div class=\"vc_column-inner vc_custom_1770994788143\"><div class=\"wpb_wrapper\"><h5 class=\"text-extra-dark-gray margin-20px-bottom font-weight-600 display-inline-block alt-font heading-style2  vc_custom_1770996667561  heading-1\" >Get your PASS and enjoy the festival with complete peace of mind!<\/h5><div class=\"vc_empty_space\"   style=\"height: 32px\"><span class=\"vc_empty_space_inner\"><\/span><\/div><div class=\"last-paragraph-no-margin\"><div><\/div>\n<div class=\"text-medium\"><strong>Important<\/strong> :<br \/>\n\u279c PASSES include milongas, but do not cover workshops. Visit the workshops pages to make your selection.<\/div>\n<div class=\"text-medium\">\u279c PASSES are sold in limited numbers, reserve yours without delay!<\/div>\n<\/div><\/div><\/div><\/div><div class=\"wpb_column vc_column_container vc_col-sm-2 vc_col-lg-2 vc_col-md-3 vc_hidden-xs col-xs-mobile-fullwidth\"><div class=\"vc_column-inner\"><div class=\"wpb_wrapper\"><\/div><\/div><\/div><\/div><div class=\"vc_row wpb_row vc_inner vc_row-fluid\"><div class=\"wpb_column vc_column_container position-relative vc_col-sm-3 vc_col-xs-12 wow fadeInUp text-center\"><div class=\"vc_column-inner vc_custom_1742204451150\"><div class=\"wpb_wrapper\"><div class=\"pricing-style-2 pricing-box border-all border-width-1 border-color-extra-light-gray bg-white pricing2-1\" style=\"border-color: #f9b000; border-width: 2px; border-style: solid; \"><div class=\"padding-30px-lr bg-extra-dark-gray padding-10px-tb alt-font text-white font-weight-600 text-uppercase\"  style=\"color: #ffffff; background-color: #f9b000;\">TRADI Pass<\/div><div class=\"bg-light-gray padding-35px-all\"><h4 class=\"text-extra-dark-gray font-weight-500 no-margin-bottom\" >160\u20ac<\/h4><div class=\"text-extra-small margin-5px-top text-uppercase\"  style=\"font-weight: 700; color: #f9b000;\">for fans of traditional tango<\/div><\/div><div class=\"padding-30px-all pricing-features sm-padding-20px-all xs-padding-30px-all\"><div class=\"last-paragraph-no-margin\"><div class=\"text-transform-uppercase margin-15px-bottom alt-font\"><strong>10 days of traditional tango ball, nearly 100 hours of dancing, guaranteed access to all the traditional milongas of the festival, from Friday 3 to Sunday 12 July.<\/strong><\/div>\n<div><\/div>\n<div><strong>The TRADI pass includes:<\/strong><\/div>\n<ul class=\"list-style-6 text-small\">\n<li>The opening night at salle Os\u00e8te on Friday, July 3rd<\/li>\n<li>The Milonga de Tangueando at salle Os\u00e8te on Sunday, July 5th<\/li>\n<li>All the Eternas milongas on Place Saint-Pierre from Monday 6th to Saturday 11th July<\/li>\n<li>The Tangueando Nights and the after-party at the Maison du Tango from Monday 6th to Friday 10th July<\/li>\n<li>The weekend at Mas Tolosa on Saturday 11th and Sunday 12th July<\/li>\n<\/ul>\n<\/div><div class=\"pricing-action margin-35px-top sm-no-margin-top\"><a  href=\"https:\/\/billetterie.festik.net\/tangopostale\/tab\/pass\"  target=\"_blank\" class=\"btn btn-transparent-dark-gray btn-very-small text-extra-small\">Ticket office<\/a><\/div><\/div><\/div><\/div><\/div><\/div><div class=\"wpb_column vc_column_container vc_col-sm-3 vc_col-xs-12 wow fadeInUp text-center\"><div class=\"vc_column-inner vc_custom_1742204461326\"><div class=\"wpb_wrapper\"><div class=\"pricing-style-2 pricing-box border-all border-width-1 border-color-extra-light-gray bg-white pricing2-2\" style=\"border-color: #371d54; border-width: 2px; border-style: solid; \"><div class=\"padding-30px-lr bg-extra-dark-gray padding-10px-tb alt-font text-white font-weight-600 text-uppercase\"  style=\"color: #ffffff; background-color: #371d54;\">NEO Pass<\/div><div class=\"bg-light-gray padding-35px-all\"><h4 class=\"text-extra-dark-gray font-weight-500 no-margin-bottom\" >44\u20ac<\/h4><div class=\"text-extra-small margin-5px-top text-uppercase\"  style=\"font-weight: 700; color: #371d54;\">For a first 100% neo weekend!<\/div><\/div><div class=\"padding-30px-all pricing-features sm-padding-20px-all xs-padding-30px-all\"><div class=\"last-paragraph-no-margin\"><div class=\"text-transform-uppercase margin-15px-bottom alt-font\"><strong>Access to the 3 neotango nights of the first weekend at Studio Hop, from Friday 3rd to Sunday 5th July.<br \/>\n<\/strong><\/div>\n<div><\/div>\n<div><strong>The NEO pass includes:<\/strong><\/div>\n<ul class=\"list-style-6 text-small\">\n<li>The Neolongas at Studio Hop from Friday 3rd to Sunday 5th July.<\/li>\n<\/ul>\n<\/div><div class=\"pricing-action margin-35px-top sm-no-margin-top\"><a  href=\"https:\/\/billetterie.festik.net\/tangopostale\/tab\/pass\"  target=\"_blank\" class=\"btn btn-transparent-dark-gray btn-very-small text-extra-small\">Ticket office<\/a><\/div><\/div><\/div><\/div><\/div><\/div><div class=\"wpb_column vc_column_container vc_col-sm-3 vc_col-xs-12 wow fadeInUp text-center\"><div class=\"vc_column-inner vc_custom_1774879107409\"><div class=\"wpb_wrapper\"><div class=\"pricing-style-2 pricing-box border-all border-width-1 border-color-extra-light-gray bg-white pricing2-3\" style=\"border-color: #7fb4ca; border-width: 2px; border-style: solid; \"><div class=\"padding-30px-lr bg-extra-dark-gray padding-10px-tb alt-font text-white font-weight-600 text-uppercase\"  style=\"color: #ffffff; background-color: #7fb4ca;\">ETERNA Pass<\/div><div class=\"bg-light-gray padding-35px-all\"><h4 class=\"text-extra-dark-gray font-weight-500 no-margin-bottom\" >62\u20ac<\/h4><div class=\"text-extra-small margin-5px-top text-uppercase\"  style=\"font-weight: 700; color: #7fb4ca;\">for outdoor lovers (traditional tango)<\/div><\/div><div class=\"padding-30px-all pricing-features sm-padding-20px-all xs-padding-30px-all\"><div class=\"last-paragraph-no-margin\"><div class=\"text-transform-uppercase margin-15px-bottom alt-font\"><strong>Access to all outdoor dances on the parquet floor on Place Saint-Pierre from Monday 6 to Saturday 11 July.<\/strong><\/div>\n<div><\/div>\n<div><strong>The ETERNA pass includes:<\/strong><\/div>\n<ul class=\"list-style-6 text-small\">\n<li>All the Eternas milongas on Place Saint-Pierre from Monday 6th to Saturday 11th July<\/li>\n<\/ul>\n<\/div><div class=\"pricing-action margin-35px-top sm-no-margin-top\"><a  href=\"https:\/\/billetterie.festik.net\/tangopostale\/tab\/pass\"  target=\"_blank\" class=\"btn btn-transparent-dark-gray btn-very-small text-extra-small\">Ticket office<\/a><\/div><\/div><\/div><\/div><\/div><\/div><div class=\"wpb_column vc_column_container vc_col-sm-3  col-xs-mobile-fullwidth wow fadeInUp text-center\"><div class=\"vc_column-inner vc_custom_1774879101322\"><div class=\"wpb_wrapper\"><div class=\"pricing-style-2 pricing-box border-all border-width-1 border-color-extra-light-gray bg-white pricing2-4\" style=\"border-color: #605098; border-width: 2px; border-style: solid; \"><div class=\"padding-30px-lr bg-extra-dark-gray padding-10px-tb alt-font text-white font-weight-600 text-uppercase\"  style=\"color: #ffffff; background-color: #605098;\">Pass MAS TOLOSA<\/div><div class=\"bg-light-gray padding-35px-all\"><h4 class=\"text-extra-dark-gray font-weight-500 no-margin-bottom\" >42\u20ac<\/h4><div class=\"text-extra-small margin-5px-top text-uppercase\"  style=\"font-weight: 700; color: #605098;\">For fans of last weekend! (traditional and neo)<\/div><\/div><div class=\"padding-30px-all pricing-features sm-padding-20px-all xs-padding-30px-all\"><div class=\"last-paragraph-no-margin\"><div class=\"text-transform-uppercase margin-15px-bottom alt-font\"><strong>A final weekend of traditional tango at Mas Tolosa, for unforgettable memories of the festival!<\/strong><\/div>\n<div><\/div>\n<div><strong>The MAS TOLOSA pass includes:<\/strong><\/div>\n<ul class=\"list-style-6 text-small\">\n<li>The grand ball and concert at Mas Tolosa on Saturday, July 11th<\/li>\n<li>La Despedida at Mas Tolosa on Sunday July 12<\/li>\n<\/ul>\n<\/div><div class=\"pricing-action margin-35px-top sm-no-margin-top\"><a  href=\"https:\/\/billetterie.festik.net\/tangopostale\/tab\/pass\"  target=\"_blank\" class=\"btn btn-transparent-dark-gray btn-very-small text-extra-small\">Ticket office<\/a><\/div><\/div><\/div><\/div><\/div><\/div><\/div><\/div><\/div><\/div><\/section>\n<\/div>","protected":false},"excerpt":{"rendered":"Tarifs r\u00e9duitsNous vous proposons des tarifs r\u00e9duits valables sur certains \u00e9v\u00e8nements : consulter les pages des \u00e9v\u00e8nements pour plus de d\u00e9tail. TR1\u00a0: Adh\u00e9rents du FITT, m\u00e9c\u00e8nes, groupes (10+ personnes) TR2 : \u00c9tudiant\u00b7es, moins de 26 ans, demandeur\u00b7ses d\u2019emploi Pr\u00e9ventesVous avez la possibilit\u00e9 d'acheter toutes vos places \u00e0 votre arriv\u00e9e au festival, accompagn\u00e9 par un membre de notre \u00e9quipe. Un poste de pr\u00e9ventes est install\u00e9 au chalet d'accueil de la place Saint-Pierre. Vous pouvez y acheter vos billets \u00e0 l'unit\u00e9 et vos PASS de 16h \u00e0 19h, du lundi 6 au samedi 11 juillet (dans la limite des places disponibles). Vente de billets \u00e0 l'unit\u00e9Hors PASS, tous les \u00e9v\u00e8nements sont propos\u00e9s en vente \u00e0 l'unit\u00e9 durant le festival. Vous pouvez acheter vos places \u00e0 l'unit\u00e9 en ligne sur notre billetterie Festik ou \u00e0 l'entr\u00e9e des \u00e9v\u00e8nements concern\u00e9s (dans la limite des places disponibles). Prenez votre PASS et profitez du festival en toute s\u00e9r\u00e9nit\u00e9 ! \u00c0 savoir : \u279c Les PASS incluent les milongas, mais ne couvrent pas les stages. Consultez la page d\u00e9di\u00e9e aux stages pour faire votre s\u00e9lection. \u279c Les PASS sont vendus en nombre limit\u00e9, r\u00e9servez le v\u00f4tre sans tarder ! Pass TRADI160\u20acpour les mordu\u00b7e\u00b7s de tango traditionnel10 jours...","protected":false},"author":1,"featured_media":0,"parent":0,"menu_order":0,"comment_status":"closed","ping_status":"closed","template":"","meta":{"footnotes":""},"class_list":["post-76969","page","type-page","status-publish","hentry"],"_links":{"self":[{"href":"https:\/\/tangopostale.com\/en\/wp-json\/wp\/v2\/pages\/76969","targetHints":{"allow":["GET"]}}],"collection":[{"href":"https:\/\/tangopostale.com\/en\/wp-json\/wp\/v2\/pages"}],"about":[{"href":"https:\/\/tangopostale.com\/en\/wp-json\/wp\/v2\/types\/page"}],"author":[{"embeddable":true,"href":"https:\/\/tangopostale.com\/en\/wp-json\/wp\/v2\/users\/1"}],"replies":[{"embeddable":true,"href":"https:\/\/tangopostale.com\/en\/wp-json\/wp\/v2\/comments?post=76969"}],"version-history":[{"count":206,"href":"https:\/\/tangopostale.com\/en\/wp-json\/wp\/v2\/pages\/76969\/revisions"}],"predecessor-version":[{"id":78895,"href":"https:\/\/tangopostale.com\/en\/wp-json\/wp\/v2\/pages\/76969\/revisions\/78895"}],"wp:attachment":[{"href":"https:\/\/tangopostale.com\/en\/wp-json\/wp\/v2\/media?parent=76969"}],"curies":[{"name":"wp","href":"https:\/\/api.w.org\/{rel}","templated":true}]}}