{"id":76836,"date":"2025-02-03T17:14:14","date_gmt":"2025-02-03T16:14:14","guid":{"rendered":"https:\/\/tangopostale.com\/wp\/?page_id=76836"},"modified":"2026-02-13T15:48:53","modified_gmt":"2026-02-13T14:48:53","slug":"qui-sommes-nous","status":"publish","type":"page","link":"https:\/\/tangopostale.com\/en\/qui-sommes-nous\/","title":{"rendered":"Who are we ?"},"content":{"rendered":"<div class=\"wpb-content-wrapper\"><section class=\"vc_row wpb_row vc_row-fluid  vc_custom_1738597363844 wow fadeIn\"><div class=\"wpb_column vc_column_container vc_col-sm-12 vc_col-md-4 col-xs-mobile-fullwidth wow fadeIn sm-text-center pofo-column-responsive-69d2a820e4d57\"><div class=\"vc_column-inner\"><div class=\"wpb_wrapper\"><\/div><\/div><\/div><div class=\"wpb_column vc_column_container vc_col-sm-12 vc_col-md-8 vc_col-xs-12 wow fadeIn pofo-column-responsive-69d2a820e4d96\" data-wow-delay= \"200ms\"><div class=\"vc_column-inner\"><div class=\"wpb_wrapper\"><h5 class=\"text-extra-dark-gray margin-20px-bottom font-weight-600 text-uppercase display-inline-block alt-font text-uppercase heading-style2  vc_custom_1741354628341 pofo-button-responsive-69d2a820e4df5  heading-1\"  style=\"width: 80%; font-weight: 700;\">The FITT association<\/h5><\/div><\/div><\/div><div class=\"wpb_column vc_column_container vc_col-sm-12 vc_col-md-4 col-xs-mobile-fullwidth\"><div class=\"vc_column-inner\"><div class=\"wpb_wrapper\"><div class=\"vc_custom_1741354774647 last-paragraph-no-margin pofo-text-block-responsive-69d2a820e4e5b\" style=\"width: 95%;\"><div class=\"text-medium\">The association <strong>FITT (Toulouse International Tango Festival)<\/strong> was created in February 2009 by a group of dancers, musicians and enthusiasts of &quot;Argentine&quot; tango and Latin American culture. Less than five months later, on July 1st, the first festival <strong>Tangopostale<\/strong> (contraction of \"tango\" and \"aeropostale\") symbolically opened with an Argentinian meal at the Bar des Avions, thus marking the attachment of its founding members to the human and industrial adventure of the pioneers of Transatlantic exchanges.<\/div>\n<\/div><\/div><\/div><\/div><div class=\"wpb_column vc_column_container vc_col-sm-12 vc_col-md-8 col-xs-mobile-fullwidth\"><div class=\"vc_column-inner\"><div class=\"wpb_wrapper\"><div class=\"last-paragraph-no-margin\"><p>Since the first edition, many other themes and artists have been honored (the Other Shore (Uruguay), Carlos Gardel, Astor Piazzolla, Anibal Troilo, etc.). From the first editions, we have invited the most emblematic orchestras of today&#039;s tango, whether they are based in Europe or have crossed the oceans to join us.<\/p>\n<p>The festival has grown considerably, extending from 5 to 7 days in 2012 to reach its goal of\u00a0<strong>10 days<\/strong>\u00a0in 2014, thus offering 2 weekends to the people of Toulouse and festival-goers who sometimes came from far away (California, Venezuela, Reunion Island, etc.).\u00a0<strong>Numerous cultural partnerships<\/strong> prestigious have allowed us to progress: Jos\u00e9 Cabanis Media Library, Toulouse Cinematheque, \u00c9cole sup\u00e9rieure d&#039;audiovisuel (ESAV), Cin\u00e9latino, Cinespa\u00f1a, Espace Pont des Demoiselles, the Ombres Blanches bookstore, and we can now rely on partner venues such as the Saint-Cyprien Cultural Center, the Cervantes Institute, the Regional Conservatory, the Municipal Health Community... Patrons support us and, something unusual for a festival, we have in some years <strong>more than 200 members<\/strong>Our cultural action is recognized by the Academia Nacional del Tango (Buenos Aires) and the Argentine and Uruguayan governments.<\/p>\n<\/div><\/div><\/div><\/div><\/section><section class=\"vc_row wpb_row vc_row-fluid   wow fadeIn\"><div class=\"wpb_column vc_column_container vc_col-sm-4 vc_col-xs-12 wow fadeInRight pofo-column-responsive-69d2a820e4f44\"><div class=\"vc_column-inner\"><div class=\"wpb_wrapper\"><div class=\"bg-white featurebox34 pofo-featurebox featurebox34-1\" ><img loading=\"lazy\" decoding=\"async\" src=\"https:\/\/tangopostale.com\/wp-content\/uploads\/2025\/10\/bm_tangopostale_030725_0151-1-min.png\" width=\"1000\" height=\"667\"  alt=\"\" srcset=\"https:\/\/tangopostale.com\/wp-content\/uploads\/2025\/10\/bm_tangopostale_030725_0151-1-min.png 1000w, https:\/\/tangopostale.com\/wp-content\/uploads\/2025\/10\/bm_tangopostale_030725_0151-1-min-300x200.png 300w, https:\/\/tangopostale.com\/wp-content\/uploads\/2025\/10\/bm_tangopostale_030725_0151-1-min-768x512.png 768w, https:\/\/tangopostale.com\/wp-content\/uploads\/2025\/10\/bm_tangopostale_030725_0151-1-min-18x12.png 18w, https:\/\/tangopostale.com\/wp-content\/uploads\/2025\/10\/bm_tangopostale_030725_0151-1-min-120x80.png 120w, https:\/\/tangopostale.com\/wp-content\/uploads\/2025\/10\/bm_tangopostale_030725_0151-1-min-81x54.png 81w\" sizes=\"auto, (max-width: 1000px) 100vw, 1000px\" class=\"icon-image\"\/><div class=\"padding-45px-all sm-padding-15px-all inner-match-height\"><span class=\"text-extra-dark-gray font-weight-600 display-block alt-font margin-10px-bottom\">A committed team<\/span><div class=\"last-paragraph-no-margin\"><p>The team is made up of around ten administrators and several year-round employees in charge of logistics, communication, administration and part of the programming. We are supported during the festival by 60 to 80 volunteers, whose commitment is essential to ensure the smooth running of the festival and allow us to offer a rich and varied edition each year. Thanks to this mobilization, we can guarantee a smooth organization and offer an unforgettable experience to festival-goers from all over.<\/p>\n<\/div><\/div><\/div><\/div><\/div><\/div><div class=\"wpb_column vc_column_container vc_col-sm-4  col-xs-mobile-fullwidth\"><div class=\"vc_column-inner\"><div class=\"wpb_wrapper\"><div class=\"bg-white featurebox34 pofo-featurebox featurebox34-2\" ><img loading=\"lazy\" decoding=\"async\" src=\"https:\/\/tangopostale.com\/wp-content\/uploads\/2025\/10\/060725-26506-0214-pano-2x3-1.png\" width=\"1000\" height=\"666\"  alt=\"\" srcset=\"https:\/\/tangopostale.com\/wp-content\/uploads\/2025\/10\/060725-26506-0214-pano-2x3-1.png 1000w, https:\/\/tangopostale.com\/wp-content\/uploads\/2025\/10\/060725-26506-0214-pano-2x3-1-300x200.png 300w, https:\/\/tangopostale.com\/wp-content\/uploads\/2025\/10\/060725-26506-0214-pano-2x3-1-768x511.png 768w, https:\/\/tangopostale.com\/wp-content\/uploads\/2025\/10\/060725-26506-0214-pano-2x3-1-18x12.png 18w, https:\/\/tangopostale.com\/wp-content\/uploads\/2025\/10\/060725-26506-0214-pano-2x3-1-120x80.png 120w, https:\/\/tangopostale.com\/wp-content\/uploads\/2025\/10\/060725-26506-0214-pano-2x3-1-81x54.png 81w\" sizes=\"auto, (max-width: 1000px) 100vw, 1000px\" class=\"icon-image\"\/><div class=\"padding-45px-all sm-padding-15px-all inner-match-height\"><span class=\"text-extra-dark-gray font-weight-600 display-block alt-font margin-10px-bottom\">Board of Directors 2025-2026<\/span><div class=\"last-paragraph-no-margin\"><p>\u2022 Executive Committee :<br \/>\nSylvie Bibron, president<br \/>\nFran\u00e7oise Lagi\u00e8re, Vice-President<br \/>\nJean-Marc Roure, secretary<br \/>\nJean-Jacques Labrousse, treasurer<\/p>\n<p>\u2022 Board of Directors:<br \/>\nBeatrice Menahesse<br \/>\nChristian Glaize<br \/>\nGilles Navarre<br \/>\nGioras Fischer<br \/>\nSerge Davy<\/p>\n<p>\u2022 Permanent employees:<br \/>\nPerrine Ch\u00e9n\u00e9: production, general management<br \/>\nSolange Bazely: cultural programming<br \/>\nSophie Malbreil: communication, accounting<br \/>\nVirginie D\u00e9truche: administration<\/p>\n<\/div><\/div><\/div><\/div><\/div><\/div><div class=\"wpb_column vc_column_container vc_col-sm-4 vc_col-xs-12 wow fadeInRight pofo-column-responsive-69d2a820e5994\" data-wow-delay= \"200ms\"><div class=\"vc_column-inner\"><div class=\"wpb_wrapper\"><div class=\"bg-white featurebox34 pofo-featurebox featurebox34-3\" ><img loading=\"lazy\" decoding=\"async\" src=\"https:\/\/tangopostale.com\/wp-content\/uploads\/2025\/10\/060725-26148-9843-min.png\" width=\"1000\" height=\"666\"  alt=\"\" srcset=\"https:\/\/tangopostale.com\/wp-content\/uploads\/2025\/10\/060725-26148-9843-min.png 1000w, https:\/\/tangopostale.com\/wp-content\/uploads\/2025\/10\/060725-26148-9843-min-300x200.png 300w, https:\/\/tangopostale.com\/wp-content\/uploads\/2025\/10\/060725-26148-9843-min-768x511.png 768w, https:\/\/tangopostale.com\/wp-content\/uploads\/2025\/10\/060725-26148-9843-min-18x12.png 18w, https:\/\/tangopostale.com\/wp-content\/uploads\/2025\/10\/060725-26148-9843-min-120x80.png 120w, https:\/\/tangopostale.com\/wp-content\/uploads\/2025\/10\/060725-26148-9843-min-81x54.png 81w\" sizes=\"auto, (max-width: 1000px) 100vw, 1000px\" class=\"icon-image\"\/><div class=\"padding-45px-all sm-padding-15px-all inner-match-height\"><span class=\"text-extra-dark-gray font-weight-600 display-block alt-font margin-10px-bottom\">A supportive associative network<\/span><div class=\"last-paragraph-no-margin\"><p>Beyond this internal team, we have benefited from the valuable support of local and regional associations since the creation of the festival. Today, we work more particularly hand in hand with Tangueando Toulouse and N\u00e9opostale, who contribute to the programming and logistical implementation of many events that punctuate the festival.<\/p>\n<\/div><\/div><\/div><\/div><\/div><\/div><\/section><section data-vc-full-width=\"true\" data-vc-full-width-init=\"false\" data-vc-stretch-content=\"true\" class=\"vc_row wpb_row vc_row-fluid  vc_custom_1507546205849 wow fadeIn vc_row-has-fill pofo-stretch-content vc_row-o-equal-height vc_row-o-content-middle vc_row-flex\"><div class=\"wpb_column vc_column_container vc_col-has-fill vc_col-sm-12 vc_col-lg-6 vc_col-md-6 vc_col-xs-12 wow fadeInLeft pofo-column-responsive-69d2a820e5ec6\"><div class=\"vc_column-inner cover-background bg-position-center-center vc_custom_1742297037174\"><div class=\"wpb_wrapper\"><\/div><\/div><\/div><div class=\"wpb_column vc_column_container vc_col-sm-12 vc_col-lg-6 vc_col-md-6 vc_col-xs-12 wow fadeInRight sm-text-center\"><div class=\"vc_column-inner\"><div class=\"wpb_wrapper\"><div class=\"vc_row wpb_row vc_inner vc_row-fluid  vc_custom_1509696700962 pofo-inner-row-responsive-69d2a820e5f4c\"><div class=\"wpb_column vc_column_container  col-xs-mobile-fullwidth pofo-column-responsive-69d2a820e5faa\"><div class=\"vc_column-inner\"><div class=\"wpb_wrapper\"><h5 class=\"text-extra-dark-gray margin-20px-bottom font-weight-600 display-inline-block alt-font text-uppercase heading-style2  vc_custom_1741846053244 pofo-button-responsive-69d2a820e5fdf  heading-2\"  style=\"font-weight: 700;\">Spirit of the Festival Program<\/h5><\/div><\/div><\/div><div class=\"wpb_column vc_column_container vc_col-sm-6 vc_col-lg-6 vc_col-md-12 vc_col-xs-12 wow none sm-text-left\"><div class=\"vc_column-inner vc_custom_1741846472339\"><div class=\"wpb_wrapper\"><div class=\"featurebox31 pofo-featurebox featurebox31-1\" ><div class=\"text-light-gray margin-10px-bottom sm-margin-5px-bottom alt-font\"><span class=\"text-extra-dark-gray\" style=\"font-weight: 600; color: #232323;\">A program accessible to all<\/span><\/div><div class=\"last-paragraph-no-margin width-90 xs-width-100\"><p>Tangopostale takes over the streets, the gardens, brings the squares to life and makes the caf\u00e9s vibrate. The festival invites Toulouse residents and festival-goers to (re)discover the pleasure of a popular and lively tango. The range of cultural events on offer is rich and adapted to all sensibilities.<\/p>\n<\/div><\/div><\/div><\/div><\/div><div class=\"wpb_column vc_column_container vc_col-sm-6 vc_col-lg-6 vc_col-md-12 vc_col-xs-12 wow none sm-text-left pofo-column-responsive-69d2a820e605f\"><div class=\"vc_column-inner vc_custom_1741846789097\"><div class=\"wpb_wrapper\"><div class=\"featurebox31 pofo-featurebox featurebox31-2\" ><div class=\"text-light-gray margin-10px-bottom sm-margin-5px-bottom alt-font\"><span class=\"text-extra-dark-gray\" style=\"font-weight: 600; color: #232323;\">Quality programming<\/span><\/div><div class=\"last-paragraph-no-margin width-90 xs-width-100\"><p>Through a wide variety of concerts, workshops, conferences, etc., the Tangopostale festival is an opportunity to bring together renowned international artists who gravitate around the tango sphere in the pink city. We are pleased to introduce as many people as possible to their many talents and the richness of this universe.<\/p>\n<\/div><\/div><\/div><\/div><\/div><div class=\"wpb_column vc_column_container vc_col-sm-6 vc_col-lg-6 vc_col-md-12 vc_col-xs-12 clear-both wow none sm-text-left pofo-column-responsive-69d2a820e60b6\" data-clear-both=\"clear-both\"><div class=\"vc_column-inner\"><div class=\"wpb_wrapper\"><div class=\"featurebox31 pofo-featurebox featurebox31-3\" ><div class=\"text-light-gray margin-10px-bottom sm-margin-5px-bottom alt-font\"><span class=\"text-extra-dark-gray\" style=\"font-weight: 600; color: #232323;\">A festive program<\/span><\/div><div class=\"last-paragraph-no-margin width-90 xs-width-100\"><p>The balls or <em>milongas<\/em> are the heart of the festival, and are an opportunity for coming together and sharing in a friendly and joyful atmosphere. The many musicians, dancers and speakers present contribute to making Tangopostale a true celebration of tango and its culture for 10 days.<\/p>\n<\/div><\/div><\/div><\/div><\/div><div class=\"wpb_column vc_column_container vc_col-sm-6 vc_col-lg-6 vc_col-md-12 vc_col-xs-12 wow none sm-text-left\"><div class=\"vc_column-inner\"><div class=\"wpb_wrapper\"><div class=\"featurebox31 pofo-featurebox featurebox31-4\" ><div class=\"text-light-gray margin-10px-bottom sm-margin-5px-bottom alt-font\"><span class=\"text-extra-dark-gray\" style=\"font-weight: 600; color: #232323;\">A program for dancers<\/span><\/div><div class=\"last-paragraph-no-margin width-90 xs-width-100\"><p>With more than 100 hours of dancing in ten days, outdoors and indoors, Tangopostale offers a timeless interlude for tango enthusiasts. Traditional and neo tango intertwine for an unforgettable extended party.<\/p>\n<\/div><\/div><\/div><\/div><\/div><\/div><\/div><\/div><\/div><\/section><div class=\"vc_row-full-width vc_clearfix\"><\/div><section data-vc-full-width=\"true\" data-vc-full-width-init=\"false\" class=\"vc_row wpb_row vc_row-fluid   pofo-stretch-content pofo-stretch-row-container\"><div class=\"wpb_column vc_column_container vc_col-sm-6 vc_col-md-3 vc_col-xs-12 wow fadeInUp text-center pofo-column-responsive-69d2a820e61ae\"><div class=\"vc_column-inner\"><div class=\"wpb_wrapper\"><div class=\"wow fadeInDown counter-style counter-style1 counter-feature-box-1 border-all display-table width-100 padding-5px-all counter-style1-1\" style=\"border-color: #ededed; border-width: 1px; border-style: solid; \"><div class=\"counter-box display-table-cell vertical-align-middle bg-white\" style=\"\"><i class=\"margin-15px-bottom text-medium-gray link-icon  icon-clock icon-medium\"><\/i><h6 data-postfix=\"\" data-to=\"10\" data-speed=\"2000\" class=\"display-block font-weight-500 text-extra-dark-gray no-margin-bottom timer alt-font\"  style=\"font-size: 56px; line-height: 60px; font-weight: 400;\" data-fontsize=\"56px\" data-lineheight=\"60px\">10<\/h6><span class=\"\">festival days<\/span><\/div><\/div><\/div><\/div><\/div><div class=\"wpb_column vc_column_container vc_col-sm-6 vc_col-md-3 vc_col-xs-12 wow fadeInUp text-center pofo-column-responsive-69d2a820e621b\" data-wow-delay= \"200ms\"><div class=\"vc_column-inner\"><div class=\"wpb_wrapper\"><div class=\"wow none counter-style counter-style1 counter-feature-box-1 border-all display-table width-100 padding-5px-all counter-style1-2\" style=\"border-color: #ededed; border-width: 1px; border-style: solid; \"><div class=\"counter-box display-table-cell vertical-align-middle bg-white\" style=\"\"><i class=\"margin-15px-bottom text-medium-gray link-icon  ti-music-alt icon-medium\"><\/i><h6 data-postfix=\"\" data-to=\"80\" data-speed=\"2000\" class=\"display-block font-weight-500 text-extra-dark-gray no-margin-bottom timer alt-font\"  style=\"font-size: 56px; line-height: 60px; font-weight: 400;\" data-fontsize=\"56px\" data-lineheight=\"60px\">80<\/h6><span class=\"\">guest artists<\/span><\/div><\/div><\/div><\/div><\/div><div class=\"wpb_column vc_column_container vc_col-sm-6 vc_col-md-3 vc_col-xs-12 wow fadeInUp text-center pofo-column-responsive-69d2a820e6258\" data-wow-delay= \"400ms\"><div class=\"vc_column-inner\"><div class=\"wpb_wrapper\"><div class=\"wow none counter-style counter-style1 counter-feature-box-1 border-all display-table width-100 padding-5px-all counter-style1-3\" style=\"border-color: #ededed; border-width: 1px; border-style: solid; \"><div class=\"counter-box display-table-cell vertical-align-middle bg-white\" style=\"\"><i class=\"margin-15px-bottom text-medium-gray link-icon  ti-heart icon-medium\"><\/i><h6 data-postfix=\"\" data-to=\"100\" data-speed=\"2000\" class=\"display-block font-weight-500 text-extra-dark-gray no-margin-bottom timer alt-font\"  style=\"font-size: 56px; line-height: 60px; font-weight: 400;\" data-fontsize=\"56px\" data-lineheight=\"60px\">100<\/h6><span class=\"\">hours of milonga<\/span><\/div><\/div><\/div><\/div><\/div><div class=\"wpb_column vc_column_container vc_col-sm-6 vc_col-md-3 vc_col-xs-12 wow fadeInUp text-center\" data-wow-delay= \"600ms\"><div class=\"vc_column-inner\"><div class=\"wpb_wrapper\"><div class=\"wow none counter-style counter-style1 counter-feature-box-1 border-all display-table width-100 padding-5px-all counter-style1-4\" style=\"border-style: solid; \"><div class=\"counter-box display-table-cell vertical-align-middle bg-white\" style=\"\"><i class=\"margin-15px-bottom text-medium-gray link-icon  ti-ticket icon-medium\"><\/i><h6 data-postfix=\"\" data-to=\"80\" data-speed=\"2000\" class=\"display-block font-weight-500 text-extra-dark-gray no-margin-bottom timer alt-font\"  style=\"font-size: 56px; line-height: 60px; font-weight: 400;\" data-fontsize=\"56px\" data-lineheight=\"60px\">80<\/h6><span class=\"\">events<\/span><\/div><\/div><\/div><\/div><\/div><\/section><div class=\"vc_row-full-width vc_clearfix\"><\/div>\n<\/div>","protected":false},"excerpt":{"rendered":"The FITT (Toulouse International Tango Festival) association was founded in February 2009 by a group of dancers, musicians, and enthusiasts of Argentine tango and Latin American culture. Less than five months later, on July 1st, the first Tangopostale festival (a portmanteau of &quot;tango&quot; and &quot;a\u00e9ropostale,&quot; the French airmail service) symbolically opened with an Argentine meal at the Avions bar, thus highlighting the founding members&#039; connection to the human and industrial adventure of the pioneers of transatlantic trade. Since the first edition, numerous other themes and artists have been featured (Uruguay, Carlos Gardel, Astor Piazzolla, Anibal Troilo, etc.). From the very beginning, we have invited the most iconic tango orchestras of today, whether based in Europe or having crossed oceans to join us. The festival has grown considerably, expanding from 5 to 7 days in 2012 and reaching its goal of 10 days in 2014, thus offering two weekends to the people of Toulouse and festival-goers who sometimes travel from very far away (California, Venezuela, R\u00e9union Island, etc.). Prestigious cultural partnerships have allowed us to progress: Jos\u00e9 Cabanis Media Library, Toulouse Cinematheque, Higher School of Audiovisual Arts (ESAV), Cin\u00e9latino, Cinespa\u00f1a, Espace Pont des Demoiselles, and more.","protected":false},"author":1,"featured_media":0,"parent":0,"menu_order":0,"comment_status":"closed","ping_status":"closed","template":"","meta":{"footnotes":""},"class_list":["post-76836","page","type-page","status-publish","hentry"],"_links":{"self":[{"href":"https:\/\/tangopostale.com\/en\/wp-json\/wp\/v2\/pages\/76836","targetHints":{"allow":["GET"]}}],"collection":[{"href":"https:\/\/tangopostale.com\/en\/wp-json\/wp\/v2\/pages"}],"about":[{"href":"https:\/\/tangopostale.com\/en\/wp-json\/wp\/v2\/types\/page"}],"author":[{"embeddable":true,"href":"https:\/\/tangopostale.com\/en\/wp-json\/wp\/v2\/users\/1"}],"replies":[{"embeddable":true,"href":"https:\/\/tangopostale.com\/en\/wp-json\/wp\/v2\/comments?post=76836"}],"version-history":[{"count":61,"href":"https:\/\/tangopostale.com\/en\/wp-json\/wp\/v2\/pages\/76836\/revisions"}],"predecessor-version":[{"id":78648,"href":"https:\/\/tangopostale.com\/en\/wp-json\/wp\/v2\/pages\/76836\/revisions\/78648"}],"wp:attachment":[{"href":"https:\/\/tangopostale.com\/en\/wp-json\/wp\/v2\/media?parent=76836"}],"curies":[{"name":"wp","href":"https:\/\/api.w.org\/{rel}","templated":true}]}}